{"id":11568,"date":"2023-03-17T13:51:05","date_gmt":"2023-03-17T12:51:05","guid":{"rendered":"https:\/\/www.smileandlearn.com\/avis-legal\/"},"modified":"2024-05-13T17:31:36","modified_gmt":"2024-05-13T15:31:36","slug":"avis-legal","status":"publish","type":"page","link":"https:\/\/www.smileandlearn.com\/ca\/avis-legal\/","title":{"rendered":"Av\u00eds legal"},"content":{"rendered":"\t\t<div data-elementor-type=\"wp-page\" data-elementor-id=\"11568\" class=\"elementor elementor-11568 elementor-3818\" data-elementor-post-type=\"page\">\n\t\t\t\t<div class=\"elementor-element elementor-element-8088329 e-con-full e-flex e-con e-parent\" data-id=\"8088329\" data-element_type=\"container\" data-e-type=\"container\">\n\t\t\t\t<div class=\"elementor-element elementor-element-e35f5e7 elementor-widget elementor-widget-image\" data-id=\"e35f5e7\" data-element_type=\"widget\" data-e-type=\"widget\" data-widget_type=\"image.default\">\n\t\t\t\t<div class=\"elementor-widget-container\">\n\t\t\t\t\t\t\t\t\t\t\t\t\t\t\t<img decoding=\"async\" width=\"260\" height=\"60\" src=\"https:\/\/www.smileandlearn.com\/wp-content\/uploads\/2023\/02\/Circulos.svg\" class=\"attachment-full size-full wp-image-11249\" alt=\"\" \/>\t\t\t\t\t\t\t\t\t\t\t\t\t\t\t<\/div>\n\t\t\t\t<\/div>\n\t\t<div class=\"elementor-element elementor-element-05bf66c e-flex e-con-boxed e-con e-child\" data-id=\"05bf66c\" data-element_type=\"container\" data-e-type=\"container\">\n\t\t\t\t\t<div class=\"e-con-inner\">\n\t\t\t\t<div class=\"elementor-element elementor-element-3bf4f1b elementor-widget elementor-widget-heading\" data-id=\"3bf4f1b\" data-element_type=\"widget\" data-e-type=\"widget\" data-widget_type=\"heading.default\">\n\t\t\t\t<div class=\"elementor-widget-container\">\n\t\t\t\t\t<h1 class=\"elementor-heading-title elementor-size-default\">Av\u00eds legal<\/h1>\t\t\t\t<\/div>\n\t\t\t\t<\/div>\n\t\t\t\t\t<\/div>\n\t\t\t\t<\/div>\n\t\t\t\t<\/div>\n\t\t<div class=\"elementor-element elementor-element-2a5c49e e-flex e-con-boxed e-con e-parent\" data-id=\"2a5c49e\" data-element_type=\"container\" data-e-type=\"container\">\n\t\t\t\t\t<div class=\"e-con-inner\">\n\t\t\t\t<div class=\"elementor-element elementor-element-60064fc elementor-widget elementor-widget-text-editor\" data-id=\"60064fc\" data-element_type=\"widget\" data-e-type=\"widget\" data-widget_type=\"text-editor.default\">\n\t\t\t\t<div class=\"elementor-widget-container\">\n\t\t\t\t\t\t\t\t\t<p><strong>1.- Titularitat del lloc web.<\/strong><\/p>\n<p><a href=\"\/\">http:\/\/smileandlearn.com\/es\/<\/a> (d&#8217;ara endavant, Smile and Learn) \u00e9s titularitat exclusiva de Smile and Learn Digital Creations, S.L. amb domicili a Ronda de Sobradiel 16-B, 28043 Madrid i amb CIF B86731791 posa les presents condicions a disposici\u00f3 de les persones que accedeixin al seu lloc web per tal de proporcionar-los informaci\u00f3 sobre serveis, propis i\/o de tercers col\u00b7laboradors, i facilitar-los l&#8217;acc\u00e9s als mateixos, aix\u00ed com la contractaci\u00f3 de serveis i b\u00e9ns per mitj\u00e0 d&#8217;aquesta (tot aix\u00f2 anomenat conjuntament els \u201cServeis\u201d).&nbsp;<\/p>\n<p>Tots els drets de propietat intel\u00b7lectual del domini web aix\u00ed com dels seus continguts pertanyen, b\u00e9 a l&#8217;empresa, b\u00e9 a terceres persones, per la qual cosa cap Usuari est\u00e0 autoritzat a fer-ne \u00fas, ni imprimir-los ni emmagatzemar-los sota cap suport f\u00edsic en cap cas que no sigui el de la utilitzaci\u00f3 personal i privada. Queda, doncs, prohibida la modificaci\u00f3, la descompilaci\u00f3 o la utilitzaci\u00f3 comercial de qualsevol part de la mateixa.<\/p>\n<p>Inscrita al Registre Mercantil de Madrid.<\/p>\n<p><strong>2.- Condicions d\u00fas.<\/strong><\/p>\n<p>El Lloc Web es reserva el dret de modificar, en qualsevol moment, la presentaci\u00f3 i configuraci\u00f3 del Lloc Web, aix\u00ed com les presents Condicions Legals d\u00fas. Per aix\u00f2, es recomana a Usuaris i Visitants llegir-les atentament cada vegada que accedeixi al Lloc Web.<\/p>\n<p>Per la naturalesa pr\u00f2pia del present Lloc Web, \u00e9s possible que es modifiquin o incloguin canvis en el contingut de les presents Condicions Legals. Per aix\u00f2, l&#8217;Usuari, aix\u00ed com altres Visitants que no gaudeixin d&#8217;aquesta condici\u00f3, queden obligats a accedir a aquesta Condicions Legals cada vegada que accedeixin al Lloc Web, assumint que els seran d&#8217;aplicaci\u00f3 les condicions corresponents que es trobin vigents en el moment del vostre acc\u00e9s.<\/p>\n<p><strong>3.- Utilitzaci\u00f3 correcta dels serveis.<\/strong><\/p>\n<p>Tant els Usuaris com els Visitants s&#8217;obliguen a fer servir els Serveis de forma diligent, correcta i l\u00edcita i, en particular, a t\u00edtol merament enunciatiu i no limitatiu, es compromet a abstenir-se de:<\/p>\n<ol>\n<li>utilitzar els serveis de forma, amb fins o efectes contraris a la llei, a la moral i als bons costums generalment acceptats oa l&#8217;ordre p\u00fablic;<\/li>\n<li>reproduir o copiar, distribuir, permetre l&#8217;acc\u00e9s del p\u00fablic a trav\u00e9s de qualsevol modalitat de comunicaci\u00f3 p\u00fablica, transformar o modificar els serveis, llevat que es compti amb l&#8217;autoritzaci\u00f3 del titular dels drets corresponents o aix\u00f2 resulti legalment perm\u00e8s;<\/li>\n<li>realitzar qualsevol acte que pugui ser considerat una vulneraci\u00f3 de qualsevol dret de propietat intel\u00b7lectual o industrial pertanyent a Smile and Learn oa tercers;<\/li>\n<li>emprar els Serveis i, en particular, la informaci\u00f3 de qualsevol classe obtinguda a trav\u00e9s del Lloc Web per remetre publicitat, comunicacions amb fins de venda directa o amb qualsevol altra classe de finalitat comercial, missatges no sol\u00b7licitats dirigits a una pluralitat de persones amb independ\u00e8ncia de la seva finalitat, aix\u00ed com de comercialitzar o divulgar de qualsevol manera aquesta informaci\u00f3;<\/li>\n<\/ol>\n<p>Tant Usuaris com Visitants, respondran dels danys i perjudicis de tota naturalesa que Smile and Learn pugui patir, en ocasi\u00f3 o com a conseq\u00fc\u00e8ncia de l&#8217;incompliment de qualsevol de les obligacions anteriorment exposades, aix\u00ed com qualssevol altres incloses a les presents Condicions Legals i\/o les imposades per la Llei en relaci\u00f3 amb la utilitzaci\u00f3 del Lloc Web.<\/p>\n<p>Smile and Learn vetllar\u00e0 en tot moment pel respecte de l&#8217;ordenament jur\u00eddic vigent, i estar\u00e0 legitimada per interrompre, a la seva discreci\u00f3 sencera, el Servei o excloure l&#8217;Usuari del Lloc Web en cas de presumpta comissi\u00f3, completa o incompleta, d&#8217;algun dels delictes o faltes tipificats pel Codi Penal vigent, o en cas d&#8217;observar qualssevol conductes que segons el parer de Smile and Learn resultin contr\u00e0ries a aquestes Condicions Generals, les Condicions Generals de Contractaci\u00f3 que operen per a aquest Lloc Web, la Llei, les normes establertes per Smile and Learn o els seus col\u00b7laboradors o puguin pertorbar el bon funcionament, imatge, credibilitat i\/o prestigi de Smile and Learn o els seus col\u00b7laboradors.<\/p>\n<p><strong>4.- Drets de propietat industrial i intel\u00b7lectual.<\/strong><\/p>\n<p>Tots els continguts del Lloc Web, com ara textos, gr\u00e0fics, fotografies, logotips, icones, imatges, aix\u00ed com el disseny gr\u00e0fic, codi font i programari, s\u00f3n de l&#8217;exclusiva propietat de Smile and Learn o de tercers, els drets dels quals ostenta leg\u00edtimament Smile and Learn, estant per tant protegits per la legislaci\u00f3 nacional i internacional.<\/p>\n<p>Queda estrictament prohibida la utilitzaci\u00f3 de tots els elements objecte de propietat industrial i intel\u00b7lectual amb fins comercials, aix\u00ed com la seva distribuci\u00f3, modificaci\u00f3, alteraci\u00f3, descompilaci\u00f3 i\/o qualsevol altra acci\u00f3 que comporti una infracci\u00f3 de la normativa vigent espanyola i\/o internacional en mat\u00e8ria de propietat intel\u00b7lectual i\/o industrial. Aix\u00ed mateix, queda totalment prohibida la reproducci\u00f3 total o parcial d&#8217;aquesta web, ni tan sols mitjan\u00e7ant hiperenlla\u00e7, sense el perm\u00eds expr\u00e9s i per escrit de Smile and Learn.<\/p>\n<p>Els qui envi\u00efn al Lloc Web continguts \u2013 textos, fotografies, \u00e0udio, v\u00eddeos, o qualsevol altra obra expressada en qualsevol mitj\u00e0 o suport- observacions, opinions o comentaris per mitj\u00e0 del servei de correu electr\u00f2nic o per qualsevol altre mitj\u00e0, en els casos en qu\u00e8 per la naturalesa dels serveis aix\u00f2 sigui possible, s&#8217;ent\u00e9n que autoritzen Smile and Learn per a la reproducci\u00f3, distribuci\u00f3, comunicaci\u00f3 p\u00fablica, transformaci\u00f3, i l&#8217;exercici de qualsevol altre dret d&#8217;explotaci\u00f3, de continguts, observacions, opinions o comentaris, per tot el temps de protecci\u00f3 de dret dautor que estigui previst legalment i sense limitaci\u00f3 territorial. Aix\u00ed mateix, s&#8217;ent\u00e9n que aquesta autoritzaci\u00f3 es fa a t\u00edtol gratu\u00eft.<\/p>\n<p><strong>5.- Exclusi\u00f3 de garanties i de responsabilitat.<\/strong><\/p>\n<p>Smile and Learn \u00fanicament respondr\u00e0 dels danys que visitants i usuaris puguin patir com a conseq\u00fc\u00e8ncia de la utilitzaci\u00f3 del lloc web quan aquests danys siguin imputables a una actuaci\u00f3 dolosa d&#8217;aquesta companyia.<\/p>\n<p>Usuaris i Visitants reconeixen i accepten que la utilitzaci\u00f3 del Lloc web, aix\u00ed com la prestaci\u00f3 dels serveis oferts en ell es realitza sota el seu sencer risc i la seva sencera responsabilitat.<\/p>\n<p>Smile and Learn no es fa responsable dels perjudicis que es poguessin derivar de, amb car\u00e0cter merament enunciatiu i no limitatiu (i) Inger\u00e8ncies, omissions, interrupcions, virus inform\u00e0tics, avaries i\/o desconnexions en el funcionament operatiu d&#8217;aquest sistema electr\u00f2nic o en els aparells i equips inform\u00e0tics dels qui accedeixin al Lloc web, motivades per causes alienes a Smile and Learn, que impedeixin o retardin la prestaci\u00f3 dels serveis o la navegaci\u00f3 pel sistema; (ii) Retards o bloquejos en l\u00fas causats per defici\u00e8ncies o sobrec\u00e0rregues dInternet o en altres sistemes electr\u00f2nics; (iii) Que puguin ser causats per terceres persones mitjan\u00e7ant intromissions il\u00b7leg\u00edtimes fora del control del Lloc web i que no siguin atribu\u00efbles a Smile and Learn; (iv) De la impossibilitat de donar el Servei o permetre l&#8217;acc\u00e9s per causes no imputables a Smile and Learn, degudes a l&#8217;Usuari, a tercers, oa sup\u00f2sits de for\u00e7a major.<\/p>\n<p>Smile and Learn no controla, amb car\u00e0cter general, la utilitzaci\u00f3 que els Usuaris i\/o Visitants fan del Lloc web. En particular no es garanteix sota cap extrem que els Usuaris i\/o Visitants utilitzin el Lloc web de conformitat amb la llei, aquestes Condicions Legals, la moral i bons costums generalment acceptats i l&#8217;ordre p\u00fablic, ni tampoc que ho facin de forma diligent i prudent.<\/p>\n<p>Smile and Learn exclou qualsevol responsabilitat pels danys i perjudicis de tota naturalesa que es puguin deure a la manca de veracitat, exactitud, exhaustivitat i\/o actualitat dels serveis transmesos, difosos, emmagatzemats, posats a disposici\u00f3 o rebuts, obtinguts o als quals es hagi accedit a trav\u00e9s del Lloc Web, aix\u00ed com pels Serveis prestats o oferts per terceres persones o entitats. Smile and Learn tractar\u00e0 en la mesura del possible d&#8217;actualitzar i rectificar aquella informaci\u00f3 allotjada al vostre lloc web que no compleixi amb les m\u00ednimes garanties de veracitat. No obstant aix\u00f2, queda exonerada de responsabilitat per la seva no actualitzaci\u00f3 o rectificaci\u00f3, aix\u00ed com pels continguts i les informacions que s&#8217;hi aboquen. En aquest sentit, Smile and Learn no t\u00e9 obligaci\u00f3 de controlar i no controla els continguts transmesos, difosos o posats a disposici\u00f3 de tercers pels Usuaris o col\u00b7laboradors, llevat dels sup\u00f2sits en qu\u00e8 aix\u00ed ho exigeixi la legislaci\u00f3 vigent o quan sigui requerit per una Autoritat Judicial o Administrativa competent.<\/p>\n<p>Smile and Learn no es fa responsable de la utilitzaci\u00f3 que l&#8217;Usuari faci dels Serveis del Lloc Web ni de les seves contrasenyes, aix\u00ed com de qualsevol altre material del mateix, infringint els drets de propietat intel\u00b7lectual o industrial o qualsevol altre dret de tercers.<\/p>\n<p>L&#8217;Usuari s&#8217;obliga a mantenir indemne Smile and Learn , per qualsevol dany, perjudici, sanci\u00f3, despesa (incloent-hi, sense limitaci\u00f3, honoraris d&#8217;advocats) o responsabilitat civil, administrativa o de qualsevol altra \u00edndole, que pogu\u00e9s patir Smile and Learn que guardi relaci\u00f3 amb l&#8217;incompliment o compliment parcial o defectu\u00f3s per part seva del que estableixen aquestes Condicions Legals o la legislaci\u00f3 aplicable, i, en especial, en relaci\u00f3 amb les seves obligacions relatives a protecci\u00f3 de dades de car\u00e0cter personal recollides en aquestes condicions o establertes a la el Reglament (UE) 2016\/679 General de Protecci\u00f3 de Dades, la Llei Org\u00e0nica 3\/2018 de Protecci\u00f3 de Dades Personals i de garantia de drets digitals i la resta de normativa aplicable.<\/p>\n<p><strong>6.- Obligacions de Visitants i Usuaris.<\/strong><\/p>\n<p>Amb car\u00e0cter general els Visitants i Usuaris s&#8217;obliguen al compliment d&#8217;aquelles de les presents Condicions Legals d&#8217;\u00das que si s&#8217;escau els siguin d&#8217;aplicaci\u00f3, aix\u00ed com complir les especials advert\u00e8ncies o instruccions d&#8217;\u00fas contingudes en aquestes o en Smile and Learn i obrar sempre conforme a la llei, als bons costums ia les exig\u00e8ncies de la bona fe, emprant la dilig\u00e8ncia adequada a la naturalesa del servei de qu\u00e8 gaudeix, abstenint-se d&#8217;utilitzar el Lloc web de qualsevol manera que pugui impedir, danyar o deteriorar el funcionament normal del mateix, els b\u00e9ns o drets de Smile and Learn, els seus prove\u00efdors, la resta de visitants i\/o usuaris o en general de qualsevol tercer.<\/p>\n<p>Concretament, i sense que aix\u00f2 impliqui cap restricci\u00f3 a l&#8217;obligaci\u00f3 assumida per l&#8217;Usuari i\/o Usuari amb car\u00e0cter general de conformitat amb l&#8217;apartat anterior, l&#8217;Usuari i\/o Usuari s&#8217;obliga, en la utilitzaci\u00f3 del Lloc web, aix\u00ed com en la prestaci\u00f3 dels serveis a: (i) proporcionar vera\u00e7ment les dades i mantenir-les actualitzades; (ii) No introduir, emmagatzemar o difondre en o des del Lloc web, qualsevol informaci\u00f3 o material que fos difamatori, injuri\u00f3s, obsc\u00e8, amena\u00e7ador, xen\u00f2fob, inciti la viol\u00e8ncia a la discriminaci\u00f3 per ra\u00f3 de ra\u00e7a, sexe, ideologia, religi\u00f3 o que de qualsevol manera atempti contra la moral, l&#8217;ordre p\u00fablic, els drets fonamentals, les llibertats p\u00fabliques, l&#8217;honor, la intimitat o la imatge de tercers i en general la normativa vigent; (iii) No introduir, emmagatzemar o difondre mitjan\u00e7ant el lloc web cap programa d&#8217;ordinador, dades, virus, codi, equip de maquinari o de telecomunicacions o qualsevol altre instrument o dispositiu electr\u00f2nic o f\u00edsic que sigui susceptible de causar danys al lloc web, a qualsevol dels Serveis, oa qualsevol dels equips, sistemes o xarxes de Smile and Learn de qualsevol Usuari i\/o Usuari, dels prove\u00efdors de Smile and Learn o en general de qualsevol tercer, o que de qualsevol altra forma sigui capa\u00e7 de causar-los qualsevol tipus d&#8217;alteraci\u00f3 o impedir-ne el funcionament normal; (iv) a custodiar adequadament la \u201cadre\u00e7a de correu electr\u00f2nic\u201d i la \u201ccontrasenya\u201d que li sigui facilitada a Smile and Learn pels Usuaris, com a elements identificadors i habilitadors per a l&#8217;acc\u00e9s als diferents serveis oferts al Lloc web, comprometent-se a no cedir-ne l&#8217;\u00fas ni permetre l&#8217;acc\u00e9s a ells de tercers, assumint la responsabilitat pels danys i perjudicis que es puguin derivar d&#8217;un \u00fas indegut d&#8217;aquests. Igualment l&#8217;Usuari es compromet a comunicar a Smile and Learn, amb la major rapidesa, p\u00e8rdua o robatori aix\u00ed com qualsevol risc d&#8217;acc\u00e9s a la direcci\u00f3 de \u201ccorreu electr\u00f2nic\u201d i\/o la \u201cContrasenya\u201d per un tercer; (v) No realitzar activitats publicit\u00e0ries, promocionals od&#8217;explotaci\u00f3 comercial a trav\u00e9s del Lloc web, no utilitzant els continguts i en particular la informaci\u00f3 obtinguda a trav\u00e9s del Lloc web per remetre publicitat, enviar missatges amb fins de venda directa o amb qualsevol altre fi comercial, ni per recollir o emmagatzemar dades personals de tercers; (vi) No utilitzar identitats falses, ni suplantar la identitat d&#8217;altres en la utilitzaci\u00f3 del Lloc web o en la utilitzaci\u00f3 de qualsevol dels serveis del Lloc web, incloent-hi la utilitzaci\u00f3 si \u00e9s el cas de contrasenyes o claus d&#8217;acc\u00e9s de tercers o de qualsevol una altra forma; (vii) No destruir, alterar, utilitzar per al seu \u00fas, inutilitzar o fer malb\u00e9 les dades, informacions, programes o documents electr\u00f2nics de Smile and Learn, els seus prove\u00efdors o tercers; (viii) No introduir, emmagatzemar o difondre mitjan\u00e7ant el Lloc web qualsevol contingut que infringeixi drets de propietat intel\u00b7lectual, industrial o secrets empresarials de tercers, ni en general cap contingut del qual no ostent\u00e9s, de conformitat amb la llei, el dret a posar-ho a disposici\u00f3 de tercer.<\/p>\n<p><strong>7.- Enlla\u00e7os a altres llocs web.<\/strong><\/p>\n<p>Smile and Learn no garanteix ni assumeix cap tipus de responsabilitat pels danys i perjudicis soferts per l&#8217;acc\u00e9s a Serveis de tercers a trav\u00e9s de connexions, enlla\u00e7os o links dels llocs enlla\u00e7ats ni sobre la seva exactitud o fiabilitat. Smile and Learn no ser\u00e0 en cap cas responsable del resultat obtingut a trav\u00e9s d&#8217;aquests enlla\u00e7os o de les conseq\u00fc\u00e8ncies que derivin de l&#8217;acc\u00e9s pels Usuaris als mateixos. Aquests serveis de tercers s\u00f3n proporcionats per aquests, per la qual cosa Smile and Learn no pot controlar i no controla la licitud dels serveis ni la seva qualitat. En conseq\u00fc\u00e8ncia, l&#8217;Usuari ha d&#8217;extremar la prud\u00e8ncia en la valoraci\u00f3 i la utilitzaci\u00f3 de la informaci\u00f3 i els serveis existents en els continguts de tercers.<\/p>\n<p><strong>8.- Comunicacions.<\/strong><\/p>\n<p>Als efectes de les presents Condicions Legals, aix\u00ed com les espec\u00edfiques establertes a les Condicions de Contractaci\u00f3, i per a qualsevol comunicaci\u00f3 que calgui entre Smile and Learn i l&#8217;Usuari i\/o Usuari, aquests hauran de dirigir-se al Servei d&#8217;Atenci\u00f3 al Client mitjan\u00e7ant correu electr\u00f2nic, enviat un missatge a info@smileandlearn.com<\/p>\n<p>Les comunicacions de Smile and Learn a l&#8217;Usuari es realitzaran conforme a les dades aportades per aquest en registrar-se a Smile and Learn.<\/p>\n<p>L&#8217;Usuari accepta expressament i per a totes les comunicacions relacionades amb la utilitzaci\u00f3 del Lloc web, i\/o la contractaci\u00f3 dels serveis que s&#8217;ofereixen, la utilitzaci\u00f3 del correu electr\u00f2nic com a procediment v\u00e0lid per a la remissi\u00f3 d&#8217;aquestes comunicacions.<\/p>\n<p><strong>9.- Llei aplicable i jurisdicci\u00f3.<\/strong><\/p>\n<p>Per a totes les q\u00fcestions interpretatives o litigioses que es puguin plantejar \u00e9s aplicable la legislaci\u00f3 espanyola i en cas de controv\u00e8rsia, ambdues parts acorden sotmetre&#8217;s, amb ren\u00fancia a qualsevol altre fur que li pugui correspondre, a la jurisdicci\u00f3 dels jutjats i tribunals de la ciutat de Madrid.<\/p>\n<p>\u00a9Smile and Learn Digital Creations, S.L. 2018<\/p>\t\t\t\t\t\t\t\t<\/div>\n\t\t\t\t<\/div>\n\t\t\t\t\t<\/div>\n\t\t\t\t<\/div>\n\t\t\t\t<\/div>\n\t\t","protected":false},"excerpt":{"rendered":"<p>1.- Titularitat del lloc web. http:\/\/smileandlearn.com\/es\/ (d&#8217;ara endavant, Smile and Learn) \u00e9s titularitat exclusiva de Smile and Learn Digital Creations, S.L. amb domicili a Ronda de Sobradiel 16-B, 28043 Madrid i amb CIF B86731791 posa les presents condicions a disposici\u00f3 de les persones que accedeixin al seu lloc web per tal de proporcionar-los informaci\u00f3 sobre [&hellip;]<\/p>\n","protected":false},"author":3,"featured_media":0,"parent":0,"menu_order":0,"comment_status":"closed","ping_status":"closed","template":"","meta":{"content-type":"","footnotes":""},"class_list":["post-11568","page","type-page","status-publish","hentry"],"_links":{"self":[{"href":"https:\/\/www.smileandlearn.com\/ca\/wp-json\/wp\/v2\/pages\/11568","targetHints":{"allow":["GET"]}}],"collection":[{"href":"https:\/\/www.smileandlearn.com\/ca\/wp-json\/wp\/v2\/pages"}],"about":[{"href":"https:\/\/www.smileandlearn.com\/ca\/wp-json\/wp\/v2\/types\/page"}],"author":[{"embeddable":true,"href":"https:\/\/www.smileandlearn.com\/ca\/wp-json\/wp\/v2\/users\/3"}],"replies":[{"embeddable":true,"href":"https:\/\/www.smileandlearn.com\/ca\/wp-json\/wp\/v2\/comments?post=11568"}],"version-history":[{"count":0,"href":"https:\/\/www.smileandlearn.com\/ca\/wp-json\/wp\/v2\/pages\/11568\/revisions"}],"wp:attachment":[{"href":"https:\/\/www.smileandlearn.com\/ca\/wp-json\/wp\/v2\/media?parent=11568"}],"curies":[{"name":"wp","href":"https:\/\/api.w.org\/{rel}","templated":true}]}}