{"id":12190,"date":"2023-02-24T13:24:20","date_gmt":"2023-02-24T12:24:20","guid":{"rendered":"https:\/\/www.smileandlearn.com\/tria-lopcio-que-millor-sadapti-a-tu\/"},"modified":"2025-02-24T11:01:30","modified_gmt":"2025-02-24T10:01:30","slug":"tria-lopcio-que-millor-sadapti-a-tu","status":"publish","type":"page","link":"https:\/\/www.smileandlearn.com\/ca\/tria-lopcio-que-millor-sadapti-a-tu\/","title":{"rendered":"Tria l&#8217;opci\u00f3 que millor s&#8217;adapti a tu"},"content":{"rendered":"\t\t<div data-elementor-type=\"wp-page\" data-elementor-id=\"12190\" class=\"elementor elementor-12190 elementor-977\" data-elementor-post-type=\"page\">\n\t\t\t\t<div class=\"elementor-element elementor-element-2aa345e e-con-full e-flex e-con e-parent\" data-id=\"2aa345e\" data-element_type=\"container\" data-e-type=\"container\">\n\t\t\t\t<div class=\"elementor-element elementor-element-d16bea8 elementor-widget elementor-widget-image\" data-id=\"d16bea8\" data-element_type=\"widget\" data-e-type=\"widget\" data-widget_type=\"image.default\">\n\t\t\t\t<div class=\"elementor-widget-container\">\n\t\t\t\t\t\t\t\t\t\t\t\t\t\t\t<img decoding=\"async\" width=\"260\" height=\"60\" src=\"https:\/\/www.smileandlearn.com\/wp-content\/uploads\/2023\/02\/Circulos.svg\" class=\"attachment-full size-full wp-image-11249\" alt=\"\" \/>\t\t\t\t\t\t\t\t\t\t\t\t\t\t\t<\/div>\n\t\t\t\t<\/div>\n\t\t<div class=\"elementor-element elementor-element-3f92733 e-flex e-con-boxed e-con e-child\" data-id=\"3f92733\" data-element_type=\"container\" data-e-type=\"container\">\n\t\t\t\t\t<div class=\"e-con-inner\">\n\t\t\t\t<div class=\"elementor-element elementor-element-525c423 elementor-widget elementor-widget-heading\" data-id=\"525c423\" data-element_type=\"widget\" data-e-type=\"widget\" data-widget_type=\"heading.default\">\n\t\t\t\t<div class=\"elementor-widget-container\">\n\t\t\t\t\t<h1 class=\"elementor-heading-title elementor-size-default\">Tria l'opci\u00f3 que millor s'adapti a tu <\/h1>\t\t\t\t<\/div>\n\t\t\t\t<\/div>\n\t\t\t\t<div class=\"elementor-element elementor-element-505f0d7 elementor-widget elementor-widget-image\" data-id=\"505f0d7\" data-element_type=\"widget\" data-e-type=\"widget\" data-widget_type=\"image.default\">\n\t\t\t\t<div class=\"elementor-widget-container\">\n\t\t\t\t\t\t\t\t\t\t\t\t\t\t\t<img decoding=\"async\" width=\"42\" height=\"117\" src=\"https:\/\/www.smileandlearn.com\/wp-content\/uploads\/2023\/02\/Flecha-naranja.svg\" class=\"attachment-full size-full wp-image-11271\" alt=\"\" \/>\t\t\t\t\t\t\t\t\t\t\t\t\t\t\t<\/div>\n\t\t\t\t<\/div>\n\t\t\t\t\t<\/div>\n\t\t\t\t<\/div>\n\t\t\t\t<\/div>\n\t\t<div class=\"elementor-element elementor-element-09b990f e-flex e-con-boxed e-con e-parent\" data-id=\"09b990f\" data-element_type=\"container\" data-e-type=\"container\">\n\t\t\t\t\t<div class=\"e-con-inner\">\n\t\t<div class=\"elementor-element elementor-element-4d6e581 e-con-full e-flex e-con e-child\" data-id=\"4d6e581\" data-element_type=\"container\" data-e-type=\"container\" data-settings=\"{&quot;background_background&quot;:&quot;classic&quot;}\">\n\t\t\t\t<div class=\"elementor-element elementor-element-4dabc33 elementor-widget elementor-widget-heading\" data-id=\"4dabc33\" data-element_type=\"widget\" data-e-type=\"widget\" data-widget_type=\"heading.default\">\n\t\t\t\t<div class=\"elementor-widget-container\">\n\t\t\t\t\t<h2 class=\"elementor-heading-title elementor-size-default\">Treballo en <br>\nuna escola.<\/h2>\t\t\t\t<\/div>\n\t\t\t\t<\/div>\n\t\t\t\t<div class=\"elementor-element elementor-element-7501d3e elementor-widget elementor-widget-image\" data-id=\"7501d3e\" data-element_type=\"widget\" data-e-type=\"widget\" data-widget_type=\"image.default\">\n\t\t\t\t<div class=\"elementor-widget-container\">\n\t\t\t\t\t\t\t\t\t\t\t\t\t\t\t<img fetchpriority=\"high\" decoding=\"async\" width=\"624\" height=\"410\" src=\"https:\/\/www.smileandlearn.com\/wp-content\/uploads\/2023\/02\/Foto-portado-Colegios.jpg\" class=\"attachment-full size-full wp-image-11273\" alt=\"\" srcset=\"https:\/\/www.smileandlearn.com\/wp-content\/uploads\/2023\/02\/Foto-portado-Colegios.jpg 624w, https:\/\/www.smileandlearn.com\/wp-content\/uploads\/2023\/02\/Foto-portado-Colegios-300x197.jpg 300w\" sizes=\"(max-width: 624px) 100vw, 624px\" \/>\t\t\t\t\t\t\t\t\t\t\t\t\t\t\t<\/div>\n\t\t\t\t<\/div>\n\t\t\t\t<div class=\"elementor-element elementor-element-35a2f85 elementor-widget elementor-widget-text-editor\" data-id=\"35a2f85\" data-element_type=\"widget\" data-e-type=\"widget\" data-widget_type=\"text-editor.default\">\n\t\t\t\t<div class=\"elementor-widget-container\">\n\t\t\t\t\t\t\t\t\t<p>Desenvolupat per educadors, Smile and Learn \u00e9s la plataforma educativa ideal per a les escoles. Amb l&#8217;an\u00e0lisi d&#8217;aprenentatge, la gesti\u00f3 avan\u00e7ada de grups i la configuraci\u00f3 de personalitzaci\u00f3, descobreix tot el que Smile and Learn pot fer perqu\u00e8 la teva escola faci que les aules siguin m\u00e9s divertides que mai.<\/p>\n\t\t\t\t\t\t\t\t<\/div>\n\t\t\t\t<\/div>\n\t\t\t\t<div class=\"elementor-element elementor-element-18f2d66 elementor-align-justify elementor-widget elementor-widget-button\" data-id=\"18f2d66\" data-element_type=\"widget\" data-e-type=\"widget\" data-widget_type=\"button.default\">\n\t\t\t\t<div class=\"elementor-widget-container\">\n\t\t\t\t\t\t\t\t\t<div class=\"elementor-button-wrapper\">\n\t\t\t\t\t<a class=\"elementor-button elementor-button-link elementor-size-md\" href=\"https:\/\/www.smileandlearn.com\/ca\/com-comencar-laprenentatge\/\">\n\t\t\t\t\t\t<span class=\"elementor-button-content-wrapper\">\n\t\t\t\t\t\t\t\t\t<span class=\"elementor-button-text\">Demanar una demostraci\u00f3<\/span>\n\t\t\t\t\t<\/span>\n\t\t\t\t\t<\/a>\n\t\t\t\t<\/div>\n\t\t\t\t\t\t\t\t<\/div>\n\t\t\t\t<\/div>\n\t\t\t\t<div class=\"elementor-element elementor-element-8214d32 elementor-widget elementor-widget-text-editor\" data-id=\"8214d32\" data-element_type=\"widget\" data-e-type=\"widget\" data-widget_type=\"text-editor.default\">\n\t\t\t\t<div class=\"elementor-widget-container\">\n\t\t\t\t\t\t\t\t\t<p><a style=\"color: white;\" href=\"https:\/\/www.smileandlearn.com\/ca\/escoles\/\">Vols saber m\u00e9s?<\/a><\/p>\n\t\t\t\t\t\t\t\t<\/div>\n\t\t\t\t<\/div>\n\t\t\t\t<div class=\"elementor-element elementor-element-da83633 elementor-widget-divider--view-line elementor-widget elementor-widget-divider\" data-id=\"da83633\" data-element_type=\"widget\" data-e-type=\"widget\" data-widget_type=\"divider.default\">\n\t\t\t\t<div class=\"elementor-widget-container\">\n\t\t\t\t\t\t\t<div class=\"elementor-divider\">\n\t\t\t<span class=\"elementor-divider-separator\">\n\t\t\t\t\t\t<\/span>\n\t\t<\/div>\n\t\t\t\t\t\t<\/div>\n\t\t\t\t<\/div>\n\t\t\t\t<\/div>\n\t\t<div class=\"elementor-element elementor-element-a85c79d e-con-full e-flex e-con e-child\" data-id=\"a85c79d\" data-element_type=\"container\" data-e-type=\"container\">\n\t\t\t\t<\/div>\n\t\t<div class=\"elementor-element elementor-element-32b6bda e-con-full e-flex e-con e-child\" data-id=\"32b6bda\" data-element_type=\"container\" data-e-type=\"container\" data-settings=\"{&quot;background_background&quot;:&quot;classic&quot;}\">\n\t\t\t\t<div class=\"elementor-element elementor-element-6dfdc66 elementor-widget elementor-widget-heading\" data-id=\"6dfdc66\" data-element_type=\"widget\" data-e-type=\"widget\" data-widget_type=\"heading.default\">\n\t\t\t\t<div class=\"elementor-widget-container\">\n\t\t\t\t\t<h2 class=\"elementor-heading-title elementor-size-default\">El vull per <br>\nla meva fam\u00edlia.<\/h2>\t\t\t\t<\/div>\n\t\t\t\t<\/div>\n\t\t\t\t<div class=\"elementor-element elementor-element-5adc6de elementor-widget elementor-widget-image\" data-id=\"5adc6de\" data-element_type=\"widget\" data-e-type=\"widget\" data-widget_type=\"image.default\">\n\t\t\t\t<div class=\"elementor-widget-container\">\n\t\t\t\t\t\t\t\t\t\t\t\t\t\t\t<img loading=\"lazy\" decoding=\"async\" width=\"624\" height=\"410\" src=\"https:\/\/www.smileandlearn.com\/wp-content\/uploads\/2023\/02\/Familias.jpg\" class=\"attachment-full size-full wp-image-11275\" alt=\"\" srcset=\"https:\/\/www.smileandlearn.com\/wp-content\/uploads\/2023\/02\/Familias.jpg 624w, https:\/\/www.smileandlearn.com\/wp-content\/uploads\/2023\/02\/Familias-300x197.jpg 300w\" sizes=\"(max-width: 624px) 100vw, 624px\" \/>\t\t\t\t\t\t\t\t\t\t\t\t\t\t\t<\/div>\n\t\t\t\t<\/div>\n\t\t\t\t<div class=\"elementor-element elementor-element-50e994c elementor-widget elementor-widget-text-editor\" data-id=\"50e994c\" data-element_type=\"widget\" data-e-type=\"widget\" data-widget_type=\"text-editor.default\">\n\t\t\t\t<div class=\"elementor-widget-container\">\n\t\t\t\t\t\t\t\t\t<p>Descobriu m\u00e9s de 12.000 activitats interactives per ajudar als nens i nenes a aprendre mentre es diverteixen. des de refor\u00e7ar els continguts que veuen a classe fins a desenvolupar noves habilitats, com els idiomes o la programaci\u00f3. Una \u00fanica subscripci\u00f3 \u00e9s v\u00e0lida per a fins a cinc usuaris diferents. El primer mes \u00e9s gratu\u00eft!<\/p>\n\t\t\t\t\t\t\t\t<\/div>\n\t\t\t\t<\/div>\n\t\t\t\t<div class=\"elementor-element elementor-element-64d1d0c elementor-align-justify elementor-widget elementor-widget-button\" data-id=\"64d1d0c\" data-element_type=\"widget\" data-e-type=\"widget\" data-widget_type=\"button.default\">\n\t\t\t\t<div class=\"elementor-widget-container\">\n\t\t\t\t\t\t\t\t\t<div class=\"elementor-button-wrapper\">\n\t\t\t\t\t<a class=\"elementor-button elementor-button-link elementor-size-md\" href=\"https:\/\/pro.services.smileandlearn.net\/payments\/v1\/get\/payments\/ca\" target=\"_blank\" rel=\"nofollow noopener\">\n\t\t\t\t\t\t<span class=\"elementor-button-content-wrapper\">\n\t\t\t\t\t\t\t\t\t<span class=\"elementor-button-text\">Prova-ho gratis<\/span>\n\t\t\t\t\t<\/span>\n\t\t\t\t\t<\/a>\n\t\t\t\t<\/div>\n\t\t\t\t\t\t\t\t<\/div>\n\t\t\t\t<\/div>\n\t\t\t\t<div class=\"elementor-element elementor-element-c09a38d elementor-widget elementor-widget-text-editor\" data-id=\"c09a38d\" data-element_type=\"widget\" data-e-type=\"widget\" data-widget_type=\"text-editor.default\">\n\t\t\t\t<div class=\"elementor-widget-container\">\n\t\t\t\t\t\t\t\t\t<p><a style=\"color: white;\" href=\"https:\/\/www.smileandlearn.com\/ca\/families\/\">Vols saber-ne m\u00e9s?<\/a><\/p>\n\t\t\t\t\t\t\t\t<\/div>\n\t\t\t\t<\/div>\n\t\t\t\t<div class=\"elementor-element elementor-element-c1a60f1 elementor-widget-divider--view-line elementor-widget elementor-widget-divider\" data-id=\"c1a60f1\" data-element_type=\"widget\" data-e-type=\"widget\" data-widget_type=\"divider.default\">\n\t\t\t\t<div class=\"elementor-widget-container\">\n\t\t\t\t\t\t\t<div class=\"elementor-divider\">\n\t\t\t<span class=\"elementor-divider-separator\">\n\t\t\t\t\t\t<\/span>\n\t\t<\/div>\n\t\t\t\t\t\t<\/div>\n\t\t\t\t<\/div>\n\t\t\t\t<\/div>\n\t\t\t\t\t<\/div>\n\t\t\t\t<\/div>\n\t\t<div class=\"elementor-element elementor-element-b7f6475 e-flex e-con-boxed e-con e-parent\" data-id=\"b7f6475\" data-element_type=\"container\" data-e-type=\"container\">\n\t\t\t\t\t<div class=\"e-con-inner\">\n\t\t\t\t<div class=\"elementor-element elementor-element-adea72d elementor-widget elementor-widget-image\" data-id=\"adea72d\" data-element_type=\"widget\" data-e-type=\"widget\" data-widget_type=\"image.default\">\n\t\t\t\t<div class=\"elementor-widget-container\">\n\t\t\t\t\t\t\t\t\t\t\t\t\t\t\t<img loading=\"lazy\" decoding=\"async\" width=\"286\" height=\"31\" src=\"https:\/\/www.smileandlearn.com\/wp-content\/uploads\/2023\/02\/Lineas-invertidas.svg\" class=\"attachment-full size-full wp-image-11277\" alt=\"\" \/>\t\t\t\t\t\t\t\t\t\t\t\t\t\t\t<\/div>\n\t\t\t\t<\/div>\n\t\t\t\t\t<\/div>\n\t\t\t\t<\/div>\n\t\t\t\t<\/div>\n\t\t","protected":false},"excerpt":{"rendered":"<p>Tria l&#8217;opci\u00f3 que millor s&#8217;adapti a tu Treballo en una escola. Desenvolupat per educadors, Smile and Learn \u00e9s la plataforma educativa ideal per a les escoles. Amb l&#8217;an\u00e0lisi d&#8217;aprenentatge, la gesti\u00f3 avan\u00e7ada de grups i la configuraci\u00f3 de personalitzaci\u00f3, descobreix tot el que Smile and Learn pot fer perqu\u00e8 la teva escola faci que les [&hellip;]<\/p>\n","protected":false},"author":3,"featured_media":0,"parent":0,"menu_order":0,"comment_status":"closed","ping_status":"closed","template":"","meta":{"content-type":"","footnotes":""},"class_list":["post-12190","page","type-page","status-publish","hentry"],"_links":{"self":[{"href":"https:\/\/www.smileandlearn.com\/ca\/wp-json\/wp\/v2\/pages\/12190","targetHints":{"allow":["GET"]}}],"collection":[{"href":"https:\/\/www.smileandlearn.com\/ca\/wp-json\/wp\/v2\/pages"}],"about":[{"href":"https:\/\/www.smileandlearn.com\/ca\/wp-json\/wp\/v2\/types\/page"}],"author":[{"embeddable":true,"href":"https:\/\/www.smileandlearn.com\/ca\/wp-json\/wp\/v2\/users\/3"}],"replies":[{"embeddable":true,"href":"https:\/\/www.smileandlearn.com\/ca\/wp-json\/wp\/v2\/comments?post=12190"}],"version-history":[{"count":0,"href":"https:\/\/www.smileandlearn.com\/ca\/wp-json\/wp\/v2\/pages\/12190\/revisions"}],"wp:attachment":[{"href":"https:\/\/www.smileandlearn.com\/ca\/wp-json\/wp\/v2\/media?parent=12190"}],"curies":[{"name":"wp","href":"https:\/\/api.w.org\/{rel}","templated":true}]}}