{"id":13544,"date":"2023-03-08T15:11:11","date_gmt":"2023-03-08T14:11:11","guid":{"rendered":"https:\/\/www.smileandlearn.com\/llicenciament-de-videos\/videos-dart\/"},"modified":"2023-06-22T08:50:30","modified_gmt":"2023-06-22T06:50:30","slug":"videos-dart","status":"publish","type":"page","link":"https:\/\/www.smileandlearn.com\/ca\/llicenciament-de-videos\/videos-dart\/","title":{"rendered":"V\u00eddeos d&#8217;art"},"content":{"rendered":"\t\t<div data-elementor-type=\"wp-page\" data-elementor-id=\"13544\" class=\"elementor elementor-13544 elementor-2410\" data-elementor-post-type=\"page\">\n\t\t\t\t<div class=\"elementor-element elementor-element-b864bed e-con-full e-flex e-con e-parent\" data-id=\"b864bed\" data-element_type=\"container\" data-e-type=\"container\">\n\t\t\t\t<div class=\"elementor-element elementor-element-cf945f7 elementor-widget elementor-widget-image\" data-id=\"cf945f7\" data-element_type=\"widget\" data-e-type=\"widget\" data-widget_type=\"image.default\">\n\t\t\t\t<div class=\"elementor-widget-container\">\n\t\t\t\t\t\t\t\t\t\t\t\t\t\t\t<img decoding=\"async\" width=\"42\" height=\"71\" src=\"https:\/\/www.smileandlearn.com\/wp-content\/uploads\/2023\/03\/Flechas-celestes.svg\" class=\"attachment-full size-full wp-image-11461\" alt=\"\" \/>\t\t\t\t\t\t\t\t\t\t\t\t\t\t\t<\/div>\n\t\t\t\t<\/div>\n\t\t\t\t<div class=\"elementor-element elementor-element-29bb2ae elementor-widget elementor-widget-heading\" data-id=\"29bb2ae\" data-element_type=\"widget\" data-e-type=\"widget\" data-widget_type=\"heading.default\">\n\t\t\t\t<div class=\"elementor-widget-container\">\n\t\t\t\t\t<h2 class=\"elementor-heading-title elementor-size-default\">Fes clic a la categoria que prefereixis!\n<\/h2>\t\t\t\t<\/div>\n\t\t\t\t<\/div>\n\t\t\t\t<div class=\"elementor-element elementor-element-805cead elementor-widget-divider--view-line elementor-widget elementor-widget-divider\" data-id=\"805cead\" data-element_type=\"widget\" data-e-type=\"widget\" data-widget_type=\"divider.default\">\n\t\t\t\t<div class=\"elementor-widget-container\">\n\t\t\t\t\t\t\t<div class=\"elementor-divider\">\n\t\t\t<span class=\"elementor-divider-separator\">\n\t\t\t\t\t\t<\/span>\n\t\t<\/div>\n\t\t\t\t\t\t<\/div>\n\t\t\t\t<\/div>\n\t\t\t\t<\/div>\n\t\t<div class=\"elementor-element elementor-element-77df943 e-flex e-con-boxed e-con e-parent\" data-id=\"77df943\" data-element_type=\"container\" data-e-type=\"container\">\n\t\t\t\t\t<div class=\"e-con-inner\">\n\t\t<div class=\"elementor-element elementor-element-72ff91d e-con-full e-flex e-con e-parent\" data-id=\"72ff91d\" data-element_type=\"container\" data-e-type=\"container\">\n\t\t\t\t<div class=\"elementor-element elementor-element-e366efc elementor-widget elementor-widget-heading\" data-id=\"e366efc\" data-element_type=\"widget\" data-e-type=\"widget\" data-widget_type=\"heading.default\">\n\t\t\t\t<div class=\"elementor-widget-container\">\n\t\t\t\t\t<h2 class=\"elementor-heading-title elementor-size-default\">Cuina<\/h2>\t\t\t\t<\/div>\n\t\t\t\t<\/div>\n\t\t\t\t<div class=\"elementor-element elementor-element-5515258 elementor-widget elementor-widget-image\" data-id=\"5515258\" data-element_type=\"widget\" data-e-type=\"widget\" data-widget_type=\"image.default\">\n\t\t\t\t<div class=\"elementor-widget-container\">\n\t\t\t\t\t\t\t\t\t\t\t\t\t\t\t\t<a href=\"https:\/\/www.smileandlearn.com\/ca\/llicenciament-de-videos\/videos-dart\/videos-de-cuina-per-a-nens\/\">\n\t\t\t\t\t\t\t<img decoding=\"async\" width=\"150\" height=\"150\" src=\"https:\/\/www.smileandlearn.com\/wp-content\/uploads\/2023\/03\/COCINA-150x150-1.jpg\" class=\"attachment-full size-full wp-image-11482\" alt=\"\" \/>\t\t\t\t\t\t\t\t<\/a>\n\t\t\t\t\t\t\t\t\t\t\t\t\t\t\t<\/div>\n\t\t\t\t<\/div>\n\t\t\t\t<\/div>\n\t\t<div class=\"elementor-element elementor-element-9b12d45 e-con-full e-flex e-con e-parent\" data-id=\"9b12d45\" data-element_type=\"container\" data-e-type=\"container\">\n\t\t\t\t<div class=\"elementor-element elementor-element-0346679 elementor-widget elementor-widget-heading\" data-id=\"0346679\" data-element_type=\"widget\" data-e-type=\"widget\" data-widget_type=\"heading.default\">\n\t\t\t\t<div class=\"elementor-widget-container\">\n\t\t\t\t\t<h2 class=\"elementor-heading-title elementor-size-default\">Colors<\/h2>\t\t\t\t<\/div>\n\t\t\t\t<\/div>\n\t\t\t\t<div class=\"elementor-element elementor-element-66adfdf elementor-widget elementor-widget-image\" data-id=\"66adfdf\" data-element_type=\"widget\" data-e-type=\"widget\" data-widget_type=\"image.default\">\n\t\t\t\t<div class=\"elementor-widget-container\">\n\t\t\t\t\t\t\t\t\t\t\t\t\t\t\t\t<a href=\"https:\/\/www.smileandlearn.com\/ca\/llicenciament-de-videos\/videos-dart\/videos-dart-i-colors\/\">\n\t\t\t\t\t\t\t<img decoding=\"async\" width=\"150\" height=\"150\" src=\"https:\/\/www.smileandlearn.com\/wp-content\/uploads\/2023\/03\/Videos-de-arte-Colores.jpg\" class=\"attachment-full size-full wp-image-11484\" alt=\"\" \/>\t\t\t\t\t\t\t\t<\/a>\n\t\t\t\t\t\t\t\t\t\t\t\t\t\t\t<\/div>\n\t\t\t\t<\/div>\n\t\t\t\t<\/div>\n\t\t<div class=\"elementor-element elementor-element-23cd868 e-con-full e-flex e-con e-parent\" data-id=\"23cd868\" data-element_type=\"container\" data-e-type=\"container\">\n\t\t\t\t<div class=\"elementor-element elementor-element-ed00375 elementor-widget elementor-widget-heading\" data-id=\"ed00375\" data-element_type=\"widget\" data-e-type=\"widget\" data-widget_type=\"heading.default\">\n\t\t\t\t<div class=\"elementor-widget-container\">\n\t\t\t\t\t<h2 class=\"elementor-heading-title elementor-size-default\">M\u00fasica<\/h2>\t\t\t\t<\/div>\n\t\t\t\t<\/div>\n\t\t\t\t<div class=\"elementor-element elementor-element-90da70b elementor-widget elementor-widget-image\" data-id=\"90da70b\" data-element_type=\"widget\" data-e-type=\"widget\" data-widget_type=\"image.default\">\n\t\t\t\t<div class=\"elementor-widget-container\">\n\t\t\t\t\t\t\t\t\t\t\t\t\t\t\t\t<a href=\"https:\/\/www.smileandlearn.com\/ca\/llicenciament-de-videos\/videos-dart\/videos-de-musica-per-a-nens\/\">\n\t\t\t\t\t\t\t<img loading=\"lazy\" decoding=\"async\" width=\"150\" height=\"150\" src=\"https:\/\/www.smileandlearn.com\/wp-content\/uploads\/2023\/03\/Videos-de-arte-Musica.jpg\" class=\"attachment-full size-full wp-image-11486\" alt=\"\" \/>\t\t\t\t\t\t\t\t<\/a>\n\t\t\t\t\t\t\t\t\t\t\t\t\t\t\t<\/div>\n\t\t\t\t<\/div>\n\t\t\t\t<\/div>\n\t\t\t\t\t<\/div>\n\t\t\t\t<\/div>\n\t\t<div class=\"elementor-element elementor-element-118570c e-flex e-con-boxed e-con e-parent\" data-id=\"118570c\" data-element_type=\"container\" data-e-type=\"container\" data-settings=\"{&quot;background_background&quot;:&quot;classic&quot;}\">\n\t\t\t\t\t<div class=\"e-con-inner\">\n\t\t\t\t<div class=\"elementor-element elementor-element-bc88c30 elementor-widget elementor-widget-heading\" data-id=\"bc88c30\" data-element_type=\"widget\" data-e-type=\"widget\" data-widget_type=\"heading.default\">\n\t\t\t\t<div class=\"elementor-widget-container\">\n\t\t\t\t\t<h2 class=\"elementor-heading-title elementor-size-default\">Les nostres recomanacions!<\/h2>\t\t\t\t<\/div>\n\t\t\t\t<\/div>\n\t\t\t\t<div class=\"elementor-element elementor-element-9de7966 elementor-widget elementor-widget-text-editor\" data-id=\"9de7966\" data-element_type=\"widget\" data-e-type=\"widget\" data-widget_type=\"text-editor.default\">\n\t\t\t\t<div class=\"elementor-widget-container\">\n\t\t\t\t\t\t\t\t\t<p>Aquests s\u00f3n els nostres v\u00eddeos d&#8217;art preferits. Si fas clic a les icones de dalt, accedir\u00e0s a tota la col\u00b7lecci\u00f3!<\/p>\n\t\t\t\t\t\t\t\t<\/div>\n\t\t\t\t<\/div>\n\t\t\t\t\t<\/div>\n\t\t\t\t<\/div>\n\t\t<div class=\"elementor-element elementor-element-ea726ba e-con-full e-flex e-con e-parent\" data-id=\"ea726ba\" data-element_type=\"container\" data-e-type=\"container\" data-settings=\"{&quot;background_background&quot;:&quot;classic&quot;}\">\n\t\t\t\t<\/div>\n\t\t<div class=\"elementor-element elementor-element-22fa1c7 e-con-full e-flex e-con e-parent\" data-id=\"22fa1c7\" data-element_type=\"container\" data-e-type=\"container\">\n\t\t\t\t<div class=\"elementor-element elementor-element-9ef1ecc elementor-widget-divider--view-line elementor-widget elementor-widget-divider\" data-id=\"9ef1ecc\" data-element_type=\"widget\" data-e-type=\"widget\" data-widget_type=\"divider.default\">\n\t\t\t\t<div class=\"elementor-widget-container\">\n\t\t\t\t\t\t\t<div class=\"elementor-divider\">\n\t\t\t<span class=\"elementor-divider-separator\">\n\t\t\t\t\t\t<\/span>\n\t\t<\/div>\n\t\t\t\t\t\t<\/div>\n\t\t\t\t<\/div>\n\t\t\t\t<\/div>\n\t\t\t\t<\/div>\n\t\t","protected":false},"excerpt":{"rendered":"<p>Fes clic a la categoria que prefereixis! Cuina Colors M\u00fasica Les nostres recomanacions! Aquests s\u00f3n els nostres v\u00eddeos d&#8217;art preferits. Si fas clic a les icones de dalt, accedir\u00e0s a tota la col\u00b7lecci\u00f3! Les figures musicals I Les figures musicals II Receptes delicioses Els instruments de corda<\/p>\n","protected":false},"author":3,"featured_media":0,"parent":13542,"menu_order":0,"comment_status":"closed","ping_status":"closed","template":"","meta":{"content-type":"","footnotes":""},"class_list":["post-13544","page","type-page","status-publish","hentry"],"_links":{"self":[{"href":"https:\/\/www.smileandlearn.com\/ca\/wp-json\/wp\/v2\/pages\/13544","targetHints":{"allow":["GET"]}}],"collection":[{"href":"https:\/\/www.smileandlearn.com\/ca\/wp-json\/wp\/v2\/pages"}],"about":[{"href":"https:\/\/www.smileandlearn.com\/ca\/wp-json\/wp\/v2\/types\/page"}],"author":[{"embeddable":true,"href":"https:\/\/www.smileandlearn.com\/ca\/wp-json\/wp\/v2\/users\/3"}],"replies":[{"embeddable":true,"href":"https:\/\/www.smileandlearn.com\/ca\/wp-json\/wp\/v2\/comments?post=13544"}],"version-history":[{"count":0,"href":"https:\/\/www.smileandlearn.com\/ca\/wp-json\/wp\/v2\/pages\/13544\/revisions"}],"up":[{"embeddable":true,"href":"https:\/\/www.smileandlearn.com\/ca\/wp-json\/wp\/v2\/pages\/13542"}],"wp:attachment":[{"href":"https:\/\/www.smileandlearn.com\/ca\/wp-json\/wp\/v2\/media?parent=13544"}],"curies":[{"name":"wp","href":"https:\/\/api.w.org\/{rel}","templated":true}]}}