{"id":13550,"date":"2023-03-09T15:44:09","date_gmt":"2023-03-09T14:44:09","guid":{"rendered":"https:\/\/www.smileandlearn.com\/llicenciament-de-videos\/videos-dart\/videos-de-musica-per-a-nens\/"},"modified":"2023-06-22T09:01:12","modified_gmt":"2023-06-22T07:01:12","slug":"videos-de-musica-per-a-nens","status":"publish","type":"page","link":"https:\/\/www.smileandlearn.com\/ca\/llicenciament-de-videos\/videos-dart\/videos-de-musica-per-a-nens\/","title":{"rendered":"V\u00eddeos de m\u00fasica per a nens"},"content":{"rendered":"\t\t<div data-elementor-type=\"wp-page\" data-elementor-id=\"13550\" class=\"elementor elementor-13550 elementor-2784\" data-elementor-post-type=\"page\">\n\t\t\t\t<div class=\"elementor-element elementor-element-ba4e20c e-flex e-con-boxed e-con e-parent\" data-id=\"ba4e20c\" data-element_type=\"container\" data-e-type=\"container\" data-settings=\"{&quot;background_background&quot;:&quot;classic&quot;}\">\n\t\t\t\t\t<div class=\"e-con-inner\">\n\t\t\t\t<div class=\"elementor-element elementor-element-34a83b1 elementor-widget elementor-widget-heading\" data-id=\"34a83b1\" data-element_type=\"widget\" data-e-type=\"widget\" data-widget_type=\"heading.default\">\n\t\t\t\t<div class=\"elementor-widget-container\">\n\t\t\t\t\t<h1 class=\"elementor-heading-title elementor-size-default\">M\u00fasica<\/h1>\t\t\t\t<\/div>\n\t\t\t\t<\/div>\n\t\t\t\t<div class=\"elementor-element elementor-element-61c6c3d elementor-widget elementor-widget-text-editor\" data-id=\"61c6c3d\" data-element_type=\"widget\" data-e-type=\"widget\" data-widget_type=\"text-editor.default\">\n\t\t\t\t<div class=\"elementor-widget-container\">\n\t\t\t\t\t\t\t\t\t<p>V\u00eddeos educatius<\/p>\n\t\t\t\t\t\t\t\t<\/div>\n\t\t\t\t<\/div>\n\t\t\t\t\t<\/div>\n\t\t\t\t<\/div>\n\t\t<div class=\"elementor-element elementor-element-081423a e-con-full e-flex e-con e-parent\" data-id=\"081423a\" data-element_type=\"container\" data-e-type=\"container\" data-settings=\"{&quot;background_background&quot;:&quot;classic&quot;}\">\n\t\t\t\t<\/div>\n\t\t<div class=\"elementor-element elementor-element-f75adbd e-con-full e-flex e-con e-parent\" data-id=\"f75adbd\" data-element_type=\"container\" data-e-type=\"container\">\n\t\t\t\t<div class=\"elementor-element elementor-element-a2f5191 elementor-widget-divider--view-line elementor-widget elementor-widget-divider\" data-id=\"a2f5191\" data-element_type=\"widget\" data-e-type=\"widget\" data-widget_type=\"divider.default\">\n\t\t\t\t<div class=\"elementor-widget-container\">\n\t\t\t\t\t\t\t<div class=\"elementor-divider\">\n\t\t\t<span class=\"elementor-divider-separator\">\n\t\t\t\t\t\t<\/span>\n\t\t<\/div>\n\t\t\t\t\t\t<\/div>\n\t\t\t\t<\/div>\n\t\t\t\t<\/div>\n\t\t\t\t<\/div>\n\t\t","protected":false},"excerpt":{"rendered":"<p>M\u00fasica V\u00eddeos educatius Els instruments de corda Els instruments de vent Els instruments de percussi\u00f3 Les figures musicals Les figures musicals II<\/p>\n","protected":false},"author":3,"featured_media":0,"parent":13544,"menu_order":0,"comment_status":"closed","ping_status":"closed","template":"","meta":{"content-type":"","footnotes":""},"class_list":["post-13550","page","type-page","status-publish","hentry"],"_links":{"self":[{"href":"https:\/\/www.smileandlearn.com\/ca\/wp-json\/wp\/v2\/pages\/13550","targetHints":{"allow":["GET"]}}],"collection":[{"href":"https:\/\/www.smileandlearn.com\/ca\/wp-json\/wp\/v2\/pages"}],"about":[{"href":"https:\/\/www.smileandlearn.com\/ca\/wp-json\/wp\/v2\/types\/page"}],"author":[{"embeddable":true,"href":"https:\/\/www.smileandlearn.com\/ca\/wp-json\/wp\/v2\/users\/3"}],"replies":[{"embeddable":true,"href":"https:\/\/www.smileandlearn.com\/ca\/wp-json\/wp\/v2\/comments?post=13550"}],"version-history":[{"count":0,"href":"https:\/\/www.smileandlearn.com\/ca\/wp-json\/wp\/v2\/pages\/13550\/revisions"}],"up":[{"embeddable":true,"href":"https:\/\/www.smileandlearn.com\/ca\/wp-json\/wp\/v2\/pages\/13544"}],"wp:attachment":[{"href":"https:\/\/www.smileandlearn.com\/ca\/wp-json\/wp\/v2\/media?parent=13550"}],"curies":[{"name":"wp","href":"https:\/\/api.w.org\/{rel}","templated":true}]}}