{"id":13556,"date":"2023-03-09T16:02:24","date_gmt":"2023-03-09T15:02:24","guid":{"rendered":"https:\/\/www.smileandlearn.com\/llicenciament-de-videos\/videos-de-ciencies-per-a-nens\/videos-decosistemes\/"},"modified":"2023-06-22T09:09:11","modified_gmt":"2023-06-22T07:09:11","slug":"videos-decosistemes","status":"publish","type":"page","link":"https:\/\/www.smileandlearn.com\/ca\/llicenciament-de-videos\/videos-de-ciencies-per-a-nens\/videos-decosistemes\/","title":{"rendered":"V\u00eddeos d&#8217;ecosistemes"},"content":{"rendered":"\t\t<div data-elementor-type=\"wp-page\" data-elementor-id=\"13556\" class=\"elementor elementor-13556 elementor-2835\" data-elementor-post-type=\"page\">\n\t\t\t\t<div class=\"elementor-element elementor-element-b43d4c2 e-flex e-con-boxed e-con e-parent\" data-id=\"b43d4c2\" data-element_type=\"container\" data-e-type=\"container\" data-settings=\"{&quot;background_background&quot;:&quot;classic&quot;}\">\n\t\t\t\t\t<div class=\"e-con-inner\">\n\t\t\t\t<div class=\"elementor-element elementor-element-0bb5515 elementor-widget elementor-widget-heading\" data-id=\"0bb5515\" data-element_type=\"widget\" data-e-type=\"widget\" data-widget_type=\"heading.default\">\n\t\t\t\t<div class=\"elementor-widget-container\">\n\t\t\t\t\t<h1 class=\"elementor-heading-title elementor-size-default\">Ecosistemes<\/h1>\t\t\t\t<\/div>\n\t\t\t\t<\/div>\n\t\t\t\t<div class=\"elementor-element elementor-element-08afa76 elementor-widget elementor-widget-text-editor\" data-id=\"08afa76\" data-element_type=\"widget\" data-e-type=\"widget\" data-widget_type=\"text-editor.default\">\n\t\t\t\t<div class=\"elementor-widget-container\">\n\t\t\t\t\t\t\t\t\t<p>V\u00eddeos educatius<\/p>\n\t\t\t\t\t\t\t\t<\/div>\n\t\t\t\t<\/div>\n\t\t\t\t\t<\/div>\n\t\t\t\t<\/div>\n\t\t<div class=\"elementor-element elementor-element-98bd51a e-con-full e-flex e-con e-parent\" data-id=\"98bd51a\" data-element_type=\"container\" data-e-type=\"container\" data-settings=\"{&quot;background_background&quot;:&quot;classic&quot;}\">\n\t\t\t\t<\/div>\n\t\t<div class=\"elementor-element elementor-element-bbf0a65 e-con-full e-flex e-con e-parent\" data-id=\"bbf0a65\" data-element_type=\"container\" data-e-type=\"container\">\n\t\t\t\t<div class=\"elementor-element elementor-element-91fc948 elementor-widget-divider--view-line elementor-widget elementor-widget-divider\" data-id=\"91fc948\" data-element_type=\"widget\" data-e-type=\"widget\" data-widget_type=\"divider.default\">\n\t\t\t\t<div class=\"elementor-widget-container\">\n\t\t\t\t\t\t\t<div class=\"elementor-divider\">\n\t\t\t<span class=\"elementor-divider-separator\">\n\t\t\t\t\t\t<\/span>\n\t\t<\/div>\n\t\t\t\t\t\t<\/div>\n\t\t\t\t<\/div>\n\t\t\t\t<\/div>\n\t\t\t\t<\/div>\n\t\t","protected":false},"excerpt":{"rendered":"<p>Ecosistemes V\u00eddeos educatius H\u00e0bitats naturals i ecosistemes H\u00e0bitats aqu\u00e0tics H\u00e0bitats terrestres<\/p>\n","protected":false},"author":3,"featured_media":0,"parent":13554,"menu_order":0,"comment_status":"closed","ping_status":"closed","template":"","meta":{"content-type":"","footnotes":""},"class_list":["post-13556","page","type-page","status-publish","hentry"],"_links":{"self":[{"href":"https:\/\/www.smileandlearn.com\/ca\/wp-json\/wp\/v2\/pages\/13556","targetHints":{"allow":["GET"]}}],"collection":[{"href":"https:\/\/www.smileandlearn.com\/ca\/wp-json\/wp\/v2\/pages"}],"about":[{"href":"https:\/\/www.smileandlearn.com\/ca\/wp-json\/wp\/v2\/types\/page"}],"author":[{"embeddable":true,"href":"https:\/\/www.smileandlearn.com\/ca\/wp-json\/wp\/v2\/users\/3"}],"replies":[{"embeddable":true,"href":"https:\/\/www.smileandlearn.com\/ca\/wp-json\/wp\/v2\/comments?post=13556"}],"version-history":[{"count":0,"href":"https:\/\/www.smileandlearn.com\/ca\/wp-json\/wp\/v2\/pages\/13556\/revisions"}],"up":[{"embeddable":true,"href":"https:\/\/www.smileandlearn.com\/ca\/wp-json\/wp\/v2\/pages\/13554"}],"wp:attachment":[{"href":"https:\/\/www.smileandlearn.com\/ca\/wp-json\/wp\/v2\/media?parent=13556"}],"curies":[{"name":"wp","href":"https:\/\/api.w.org\/{rel}","templated":true}]}}