{"id":13564,"date":"2023-03-09T16:34:38","date_gmt":"2023-03-09T15:34:38","guid":{"rendered":"https:\/\/www.smileandlearn.com\/llicenciament-de-videos\/videos-de-ciencies-per-a-nens\/videos-de-lunivers\/"},"modified":"2023-06-22T09:40:37","modified_gmt":"2023-06-22T07:40:37","slug":"videos-de-lunivers","status":"publish","type":"page","link":"https:\/\/www.smileandlearn.com\/ca\/llicenciament-de-videos\/videos-de-ciencies-per-a-nens\/videos-de-lunivers\/","title":{"rendered":"V\u00eddeos de l&#8217;univers"},"content":{"rendered":"\t\t<div data-elementor-type=\"wp-page\" data-elementor-id=\"13564\" class=\"elementor elementor-13564 elementor-2906\" data-elementor-post-type=\"page\">\n\t\t\t\t<div class=\"elementor-element elementor-element-3d8f7f8 e-flex e-con-boxed e-con e-parent\" data-id=\"3d8f7f8\" data-element_type=\"container\" data-e-type=\"container\" data-settings=\"{&quot;background_background&quot;:&quot;classic&quot;}\">\n\t\t\t\t\t<div class=\"e-con-inner\">\n\t\t\t\t<div class=\"elementor-element elementor-element-6182402 elementor-widget elementor-widget-heading\" data-id=\"6182402\" data-element_type=\"widget\" data-e-type=\"widget\" data-widget_type=\"heading.default\">\n\t\t\t\t<div class=\"elementor-widget-container\">\n\t\t\t\t\t<h1 class=\"elementor-heading-title elementor-size-default\">L'univers<\/h1>\t\t\t\t<\/div>\n\t\t\t\t<\/div>\n\t\t\t\t<div class=\"elementor-element elementor-element-9ac3458 elementor-widget elementor-widget-text-editor\" data-id=\"9ac3458\" data-element_type=\"widget\" data-e-type=\"widget\" data-widget_type=\"text-editor.default\">\n\t\t\t\t<div class=\"elementor-widget-container\">\n\t\t\t\t\t\t\t\t\t<p>V\u00eddeos educatius<\/p>\n\t\t\t\t\t\t\t\t<\/div>\n\t\t\t\t<\/div>\n\t\t\t\t\t<\/div>\n\t\t\t\t<\/div>\n\t\t<div class=\"elementor-element elementor-element-c5d5059 e-con-full e-flex e-con e-parent\" data-id=\"c5d5059\" data-element_type=\"container\" data-e-type=\"container\" data-settings=\"{&quot;background_background&quot;:&quot;classic&quot;}\">\n\t\t\t\t<\/div>\n\t\t<div class=\"elementor-element elementor-element-50db416 e-con-full e-flex e-con e-parent\" data-id=\"50db416\" data-element_type=\"container\" data-e-type=\"container\">\n\t\t\t\t<div class=\"elementor-element elementor-element-ccedb19 elementor-widget-divider--view-line elementor-widget elementor-widget-divider\" data-id=\"ccedb19\" data-element_type=\"widget\" data-e-type=\"widget\" data-widget_type=\"divider.default\">\n\t\t\t\t<div class=\"elementor-widget-container\">\n\t\t\t\t\t\t\t<div class=\"elementor-divider\">\n\t\t\t<span class=\"elementor-divider-separator\">\n\t\t\t\t\t\t<\/span>\n\t\t<\/div>\n\t\t\t\t\t\t<\/div>\n\t\t\t\t<\/div>\n\t\t\t\t<\/div>\n\t\t\t\t<\/div>\n\t\t","protected":false},"excerpt":{"rendered":"<p>L&#8217;univers V\u00eddeos educatius El sistema solar en 3D El Sol &#8211; 3D El Planeta Terra La Lluna Mercuri Saturn Mart Venus J\u00fapiter Nept\u00fa Ur\u00e0 Rotaci\u00f3 i translaci\u00f3 de la Terra<\/p>\n","protected":false},"author":3,"featured_media":0,"parent":13554,"menu_order":0,"comment_status":"closed","ping_status":"closed","template":"","meta":{"content-type":"","footnotes":""},"class_list":["post-13564","page","type-page","status-publish","hentry"],"_links":{"self":[{"href":"https:\/\/www.smileandlearn.com\/ca\/wp-json\/wp\/v2\/pages\/13564","targetHints":{"allow":["GET"]}}],"collection":[{"href":"https:\/\/www.smileandlearn.com\/ca\/wp-json\/wp\/v2\/pages"}],"about":[{"href":"https:\/\/www.smileandlearn.com\/ca\/wp-json\/wp\/v2\/types\/page"}],"author":[{"embeddable":true,"href":"https:\/\/www.smileandlearn.com\/ca\/wp-json\/wp\/v2\/users\/3"}],"replies":[{"embeddable":true,"href":"https:\/\/www.smileandlearn.com\/ca\/wp-json\/wp\/v2\/comments?post=13564"}],"version-history":[{"count":0,"href":"https:\/\/www.smileandlearn.com\/ca\/wp-json\/wp\/v2\/pages\/13564\/revisions"}],"up":[{"embeddable":true,"href":"https:\/\/www.smileandlearn.com\/ca\/wp-json\/wp\/v2\/pages\/13554"}],"wp:attachment":[{"href":"https:\/\/www.smileandlearn.com\/ca\/wp-json\/wp\/v2\/media?parent=13564"}],"curies":[{"name":"wp","href":"https:\/\/api.w.org\/{rel}","templated":true}]}}