{"id":13586,"date":"2023-03-09T14:24:37","date_gmt":"2023-03-09T13:24:37","guid":{"rendered":"https:\/\/www.smileandlearn.com\/llicenciament-de-videos\/videos-de-ioga-i-emocions\/"},"modified":"2023-06-22T10:35:56","modified_gmt":"2023-06-22T08:35:56","slug":"videos-de-ioga-i-emocions","status":"publish","type":"page","link":"https:\/\/www.smileandlearn.com\/ca\/llicenciament-de-videos\/videos-de-ioga-i-emocions\/","title":{"rendered":"V\u00eddeos de ioga i emocions"},"content":{"rendered":"\t\t<div data-elementor-type=\"wp-page\" data-elementor-id=\"13586\" class=\"elementor elementor-13586 elementor-2661\" data-elementor-post-type=\"page\">\n\t\t\t\t<div class=\"elementor-element elementor-element-ca962e8 e-con-full e-flex e-con e-parent\" data-id=\"ca962e8\" data-element_type=\"container\" data-e-type=\"container\">\n\t\t\t\t<div class=\"elementor-element elementor-element-9192dd6 elementor-widget elementor-widget-image\" data-id=\"9192dd6\" data-element_type=\"widget\" data-e-type=\"widget\" data-widget_type=\"image.default\">\n\t\t\t\t<div class=\"elementor-widget-container\">\n\t\t\t\t\t\t\t\t\t\t\t\t\t\t\t<img decoding=\"async\" width=\"42\" height=\"71\" src=\"https:\/\/www.smileandlearn.com\/wp-content\/uploads\/2023\/03\/Flechas-celestes.svg\" class=\"attachment-full size-full wp-image-11461\" alt=\"\" \/>\t\t\t\t\t\t\t\t\t\t\t\t\t\t\t<\/div>\n\t\t\t\t<\/div>\n\t\t\t\t<div class=\"elementor-element elementor-element-f54a435 elementor-widget elementor-widget-heading\" data-id=\"f54a435\" data-element_type=\"widget\" data-e-type=\"widget\" data-widget_type=\"heading.default\">\n\t\t\t\t<div class=\"elementor-widget-container\">\n\t\t\t\t\t<h2 class=\"elementor-heading-title elementor-size-default\">Fes clic a la categoria que prefereixis!\n<\/h2>\t\t\t\t<\/div>\n\t\t\t\t<\/div>\n\t\t\t\t<div class=\"elementor-element elementor-element-b9a909b elementor-widget-divider--view-line elementor-widget elementor-widget-divider\" data-id=\"b9a909b\" data-element_type=\"widget\" data-e-type=\"widget\" data-widget_type=\"divider.default\">\n\t\t\t\t<div class=\"elementor-widget-container\">\n\t\t\t\t\t\t\t<div class=\"elementor-divider\">\n\t\t\t<span class=\"elementor-divider-separator\">\n\t\t\t\t\t\t<\/span>\n\t\t<\/div>\n\t\t\t\t\t\t<\/div>\n\t\t\t\t<\/div>\n\t\t\t\t<\/div>\n\t\t<div class=\"elementor-element elementor-element-63632c0 e-flex e-con-boxed e-con e-parent\" data-id=\"63632c0\" data-element_type=\"container\" data-e-type=\"container\">\n\t\t\t\t\t<div class=\"e-con-inner\">\n\t\t<div class=\"elementor-element elementor-element-6a41502 e-con-full e-flex e-con e-parent\" data-id=\"6a41502\" data-element_type=\"container\" data-e-type=\"container\">\n\t\t\t\t<div class=\"elementor-element elementor-element-8d8634c elementor-widget elementor-widget-heading\" data-id=\"8d8634c\" data-element_type=\"widget\" data-e-type=\"widget\" data-widget_type=\"heading.default\">\n\t\t\t\t<div class=\"elementor-widget-container\">\n\t\t\t\t\t<h2 class=\"elementor-heading-title elementor-size-default\">Ioga i relaxaci\u00f3\n<\/h2>\t\t\t\t<\/div>\n\t\t\t\t<\/div>\n\t\t\t\t<div class=\"elementor-element elementor-element-ee580a1 elementor-widget elementor-widget-image\" data-id=\"ee580a1\" data-element_type=\"widget\" data-e-type=\"widget\" data-widget_type=\"image.default\">\n\t\t\t\t<div class=\"elementor-widget-container\">\n\t\t\t\t\t\t\t\t\t\t\t\t\t\t\t\t<a href=\"https:\/\/www.smileandlearn.com\/ca\/llicenciament-de-videos\/videos-de-ioga-i-emocions\/videos-de-ioga-i-relaxacio-per-a-nens\/\">\n\t\t\t\t\t\t\t<img decoding=\"async\" width=\"150\" height=\"150\" src=\"https:\/\/www.smileandlearn.com\/wp-content\/uploads\/2023\/03\/Yoga-y-relajacion.jpg\" class=\"attachment-full size-full wp-image-11532\" alt=\"\" \/>\t\t\t\t\t\t\t\t<\/a>\n\t\t\t\t\t\t\t\t\t\t\t\t\t\t\t<\/div>\n\t\t\t\t<\/div>\n\t\t\t\t<\/div>\n\t\t<div class=\"elementor-element elementor-element-2b07fe9 e-con-full e-flex e-con e-parent\" data-id=\"2b07fe9\" data-element_type=\"container\" data-e-type=\"container\">\n\t\t\t\t<div class=\"elementor-element elementor-element-98e00cb elementor-widget elementor-widget-heading\" data-id=\"98e00cb\" data-element_type=\"widget\" data-e-type=\"widget\" data-widget_type=\"heading.default\">\n\t\t\t\t<div class=\"elementor-widget-container\">\n\t\t\t\t\t<h2 class=\"elementor-heading-title elementor-size-default\">V\u00eddeos d'emocions\n<\/h2>\t\t\t\t<\/div>\n\t\t\t\t<\/div>\n\t\t\t\t<div class=\"elementor-element elementor-element-e1777ea elementor-widget elementor-widget-image\" data-id=\"e1777ea\" data-element_type=\"widget\" data-e-type=\"widget\" data-widget_type=\"image.default\">\n\t\t\t\t<div class=\"elementor-widget-container\">\n\t\t\t\t\t\t\t\t\t\t\t\t\t\t\t\t<a href=\"https:\/\/www.smileandlearn.com\/ca\/llicenciament-de-videos\/videos-de-ioga-i-emocions\/videos-democions-per-a-nens\/\">\n\t\t\t\t\t\t\t<img decoding=\"async\" src=\"https:\/\/www.smileandlearn.com\/wp-content\/uploads\/elementor\/thumbs\/Videos-de-emociones-q6ndojwgl4csym3602peszgmht9tmw7acx0y9guqu4.jpg\" title=\"V\u00eddeos de emociones\" alt=\"V\u00eddeos de emociones\" loading=\"lazy\" \/>\t\t\t\t\t\t\t\t<\/a>\n\t\t\t\t\t\t\t\t\t\t\t\t\t\t\t<\/div>\n\t\t\t\t<\/div>\n\t\t\t\t<\/div>\n\t\t<div class=\"elementor-element elementor-element-b2edd59 e-con-full e-flex e-con e-parent\" data-id=\"b2edd59\" data-element_type=\"container\" data-e-type=\"container\">\n\t\t\t\t<div class=\"elementor-element elementor-element-369a42c elementor-widget elementor-widget-heading\" data-id=\"369a42c\" data-element_type=\"widget\" data-e-type=\"widget\" data-widget_type=\"heading.default\">\n\t\t\t\t<div class=\"elementor-widget-container\">\n\t\t\t\t\t<h2 class=\"elementor-heading-title elementor-size-default\">\u00das responsable\n<\/h2>\t\t\t\t<\/div>\n\t\t\t\t<\/div>\n\t\t\t\t<div class=\"elementor-element elementor-element-fb26dcf elementor-widget elementor-widget-image\" data-id=\"fb26dcf\" data-element_type=\"widget\" data-e-type=\"widget\" data-widget_type=\"image.default\">\n\t\t\t\t<div class=\"elementor-widget-container\">\n\t\t\t\t\t\t\t\t\t\t\t\t\t\t\t\t<a href=\"https:\/\/www.smileandlearn.com\/ca\/llicenciament-de-videos\/videos-de-ioga-i-emocions\/videos-dus-responsable-de-la-tecnologia\/\">\n\t\t\t\t\t\t\t<img decoding=\"async\" width=\"150\" height=\"150\" src=\"https:\/\/www.smileandlearn.com\/wp-content\/uploads\/2023\/03\/Uso-responsable.jpg\" class=\"attachment-full size-full wp-image-11536\" alt=\"\" \/>\t\t\t\t\t\t\t\t<\/a>\n\t\t\t\t\t\t\t\t\t\t\t\t\t\t\t<\/div>\n\t\t\t\t<\/div>\n\t\t\t\t<\/div>\n\t\t\t\t\t<\/div>\n\t\t\t\t<\/div>\n\t\t<div class=\"elementor-element elementor-element-6161e56 e-flex e-con-boxed e-con e-parent\" data-id=\"6161e56\" data-element_type=\"container\" data-e-type=\"container\" data-settings=\"{&quot;background_background&quot;:&quot;classic&quot;}\">\n\t\t\t\t\t<div class=\"e-con-inner\">\n\t\t\t\t<div class=\"elementor-element elementor-element-731f5a7 elementor-widget elementor-widget-heading\" data-id=\"731f5a7\" data-element_type=\"widget\" data-e-type=\"widget\" data-widget_type=\"heading.default\">\n\t\t\t\t<div class=\"elementor-widget-container\">\n\t\t\t\t\t<h2 class=\"elementor-heading-title elementor-size-default\">Les nostres recomanacions!<\/h2>\t\t\t\t<\/div>\n\t\t\t\t<\/div>\n\t\t\t\t<div class=\"elementor-element elementor-element-087d9a3 elementor-widget elementor-widget-text-editor\" data-id=\"087d9a3\" data-element_type=\"widget\" data-e-type=\"widget\" data-widget_type=\"text-editor.default\">\n\t\t\t\t<div class=\"elementor-widget-container\">\n\t\t\t\t\t\t\t\t\t<p>Aquests s\u00f3n els nostres v\u00eddeos educatius de ioga i emocions preferits. Si fas clic a les icones de dalt, accedir\u00e0s a tota la col\u00b7lecci\u00f3!<\/p>\n\t\t\t\t\t\t\t\t<\/div>\n\t\t\t\t<\/div>\n\t\t\t\t\t<\/div>\n\t\t\t\t<\/div>\n\t\t<div class=\"elementor-element elementor-element-3bc4f6b e-con-full e-flex e-con e-parent\" data-id=\"3bc4f6b\" data-element_type=\"container\" data-e-type=\"container\" data-settings=\"{&quot;background_background&quot;:&quot;classic&quot;}\">\n\t\t\t\t<\/div>\n\t\t<div class=\"elementor-element elementor-element-e7cccc3 e-con-full e-flex e-con e-parent\" data-id=\"e7cccc3\" data-element_type=\"container\" data-e-type=\"container\">\n\t\t\t\t<div class=\"elementor-element elementor-element-836d15b elementor-widget-divider--view-line elementor-widget elementor-widget-divider\" data-id=\"836d15b\" data-element_type=\"widget\" data-e-type=\"widget\" data-widget_type=\"divider.default\">\n\t\t\t\t<div class=\"elementor-widget-container\">\n\t\t\t\t\t\t\t<div class=\"elementor-divider\">\n\t\t\t<span class=\"elementor-divider-separator\">\n\t\t\t\t\t\t<\/span>\n\t\t<\/div>\n\t\t\t\t\t\t<\/div>\n\t\t\t\t<\/div>\n\t\t\t\t<\/div>\n\t\t\t\t<\/div>\n\t\t","protected":false},"excerpt":{"rendered":"<p>Fes clic a la categoria que prefereixis! Ioga i relaxaci\u00f3 V\u00eddeos d&#8217;emocions \u00das responsable Les nostres recomanacions! Aquests s\u00f3n els nostres v\u00eddeos educatius de ioga i emocions preferits. Si fas clic a les icones de dalt, accedir\u00e0s a tota la col\u00b7lecci\u00f3! El primer m\u00f3bil Crea el teu arbre Les emocions b\u00e0siques<\/p>\n","protected":false},"author":3,"featured_media":0,"parent":13542,"menu_order":0,"comment_status":"closed","ping_status":"closed","template":"","meta":{"content-type":"","footnotes":""},"class_list":["post-13586","page","type-page","status-publish","hentry"],"_links":{"self":[{"href":"https:\/\/www.smileandlearn.com\/ca\/wp-json\/wp\/v2\/pages\/13586","targetHints":{"allow":["GET"]}}],"collection":[{"href":"https:\/\/www.smileandlearn.com\/ca\/wp-json\/wp\/v2\/pages"}],"about":[{"href":"https:\/\/www.smileandlearn.com\/ca\/wp-json\/wp\/v2\/types\/page"}],"author":[{"embeddable":true,"href":"https:\/\/www.smileandlearn.com\/ca\/wp-json\/wp\/v2\/users\/3"}],"replies":[{"embeddable":true,"href":"https:\/\/www.smileandlearn.com\/ca\/wp-json\/wp\/v2\/comments?post=13586"}],"version-history":[{"count":0,"href":"https:\/\/www.smileandlearn.com\/ca\/wp-json\/wp\/v2\/pages\/13586\/revisions"}],"up":[{"embeddable":true,"href":"https:\/\/www.smileandlearn.com\/ca\/wp-json\/wp\/v2\/pages\/13542"}],"wp:attachment":[{"href":"https:\/\/www.smileandlearn.com\/ca\/wp-json\/wp\/v2\/media?parent=13586"}],"curies":[{"name":"wp","href":"https:\/\/api.w.org\/{rel}","templated":true}]}}