{"id":13606,"date":"2023-03-17T14:05:13","date_gmt":"2023-03-17T13:05:13","guid":{"rendered":"https:\/\/www.smileandlearn.com\/politica-de-cookies\/"},"modified":"2024-02-22T13:27:04","modified_gmt":"2024-02-22T12:27:04","slug":"politica-de-cookies","status":"publish","type":"page","link":"https:\/\/www.smileandlearn.com\/ca\/politica-de-cookies\/","title":{"rendered":"Pol\u00edtica de Cookies"},"content":{"rendered":"\t\t<div data-elementor-type=\"wp-page\" data-elementor-id=\"13606\" class=\"elementor elementor-13606 elementor-3828\" data-elementor-post-type=\"page\">\n\t\t\t\t<div class=\"elementor-element elementor-element-45ae412 e-con-full e-flex e-con e-parent\" data-id=\"45ae412\" data-element_type=\"container\" data-e-type=\"container\">\n\t\t\t\t<div class=\"elementor-element elementor-element-1842eca elementor-widget elementor-widget-image\" data-id=\"1842eca\" data-element_type=\"widget\" data-e-type=\"widget\" data-widget_type=\"image.default\">\n\t\t\t\t<div class=\"elementor-widget-container\">\n\t\t\t\t\t\t\t\t\t\t\t\t\t\t\t<img decoding=\"async\" width=\"260\" height=\"60\" src=\"https:\/\/www.smileandlearn.com\/wp-content\/uploads\/2023\/02\/Circulos.svg\" class=\"attachment-full size-full wp-image-11249\" alt=\"\" \/>\t\t\t\t\t\t\t\t\t\t\t\t\t\t\t<\/div>\n\t\t\t\t<\/div>\n\t\t<div class=\"elementor-element elementor-element-b1c629d e-flex e-con-boxed e-con e-child\" data-id=\"b1c629d\" data-element_type=\"container\" data-e-type=\"container\">\n\t\t\t\t\t<div class=\"e-con-inner\">\n\t\t\t\t<div class=\"elementor-element elementor-element-8d34544 elementor-widget elementor-widget-heading\" data-id=\"8d34544\" data-element_type=\"widget\" data-e-type=\"widget\" data-widget_type=\"heading.default\">\n\t\t\t\t<div class=\"elementor-widget-container\">\n\t\t\t\t\t<h1 class=\"elementor-heading-title elementor-size-default\">Pol\u00edtica de Cookies<\/h1>\t\t\t\t<\/div>\n\t\t\t\t<\/div>\n\t\t\t\t\t<\/div>\n\t\t\t\t<\/div>\n\t\t\t\t<\/div>\n\t\t<div class=\"elementor-element elementor-element-cca4b41 e-flex e-con-boxed e-con e-parent\" data-id=\"cca4b41\" data-element_type=\"container\" data-e-type=\"container\">\n\t\t\t\t\t<div class=\"e-con-inner\">\n\t\t\t\t<div class=\"elementor-element elementor-element-755a7be elementor-widget elementor-widget-text-editor\" data-id=\"755a7be\" data-element_type=\"widget\" data-e-type=\"widget\" data-widget_type=\"text-editor.default\">\n\t\t\t\t<div class=\"elementor-widget-container\">\n\t\t\t\t\t\t\t\t\t<p><strong>INFORMACI\u00d3 SOBRE COOKIES<\/strong><\/p>\n<p>Conformi amb la Llei 34\/2002, d&#8217;11 de juliol, de serveis de la societat de la informaci\u00f3 i de comer\u00e7 electr\u00f2nic (LSSI), en relaci\u00f3 amb el Reglament (UE) 2016\/679 del Parlament Europeu i del Consell, de 27 de abril de 2016, General de Protecci\u00f3 de Dades (GDPR) i la Llei Org\u00e0nica 3\/2018, de 5 de desembre, de Protecci\u00f3 de Dades i Garantia dels Drets Digitals (LOPDGDD), \u00e9s obligat obtenir el consentiment expr\u00e9s de l&#8217;usuari de totes les p\u00e0gines web que usen cookies prescindibles, abans que aquest navegui per elles.<\/p>\n<p><strong>QU\u00c8 S\u00d3N LES COOKIES?&nbsp;<\/strong><\/p>\n<p>Les <em>cookies<\/em> i altres tecnologies similars com ara local shared objects, flash <em>cookies<\/em> o p\u00edxels, s\u00f3n eines emprades pels servidors web per emmagatzemar i recuperar informaci\u00f3 sobre els seus visitants, aix\u00ed com per oferir un correcte funcionament del lloc.<\/p>\n<p>Mitjan\u00e7ant l\u00fas daquests dispositius es permet al servidor web recordar algunes dades concernents a lusuari, com les seves prefer\u00e8ncies per a la visualitzaci\u00f3 de les p\u00e0gines daquest servidor, nom i contrasenya, productes que m\u00e9s li interessen, etc.<\/p>\n<p><strong><em>COOKIES<\/em><\/strong> <strong>AFECTADES PER LA NORMATIVA I COOKIES EXCEPTUADES<\/strong><\/p>\n<p>Segons la directiva de la UE, les <em>cookies <\/em>que requereixen el consentiment informat per part de l&#8217;usuari s\u00f3n les <em>cookies <\/em>d&#8217;anal\u00edtica i les de publicitat i afiliaci\u00f3, i queden exceptuades les de car\u00e0cter t\u00e8cnic i les necess\u00e0ries per al funcionament del lloc web o la prestaci\u00f3 de serveis expressament sol\u00b7licitats per l&#8217;usuari.<\/p>\n<p><strong>TIPUS DE COOKIES<\/strong><\/p>\n<p><strong>SEGONS LA FINALITAT<\/strong><\/p>\n<ul>\n<li><em><strong>Cookies<\/strong><\/em> <strong>t\u00e8cniques i funcionals<\/strong>: s\u00f3n aquelles que permeten a l&#8217;usuari la navegaci\u00f3 a trav\u00e9s d&#8217;una p\u00e0gina web, plataforma o aplicaci\u00f3 i la utilitzaci\u00f3 de les diferents opcions o serveis que hi hagi<em>.<\/em><\/li>\n<li><em><strong>Cookies<\/strong><\/em> <strong>anal\u00edtiques<\/strong>: s\u00f3n aquelles que permeten al responsable de les mateixes el seguiment i an\u00e0lisi del comportament dels usuaris dels llocs web a qu\u00e8 estan vinculades. La informaci\u00f3 recollida mitjan\u00e7ant aquest tipus de <em>cookies<\/em> s&#8217;utilitza en el mesurament de l&#8217;activitat dels llocs web, l&#8217;aplicaci\u00f3 o la plataforma i per a l&#8217;elaboraci\u00f3 de perfils de navegaci\u00f3 dels usuaris d&#8217;aquests llocs, aplicacions i plataformes, per introduir millores en funci\u00f3 de l&#8217;an\u00e0lisi de les dades d&#8217;\u00fas que fan els usuaris del servei.<\/li>\n<li><em><strong>Cookies<\/strong><\/em> <strong>publicit\u00e0ries:<\/strong> s\u00f3n aquelles que permeten la gesti\u00f3, de la manera m\u00e9s efica\u00e7 possible, dels espais publicitaris que, si escau, l&#8217;editor hagi incl\u00f2s en una p\u00e0gina web, aplicaci\u00f3 o plataforma des de la qual presta el servei sol\u00b7licitat segons criteris com el contingut editat o la freq\u00fc\u00e8ncia en qu\u00e8 es mostren els anuncis.<\/li>\n<li><em><strong>Cookies <\/strong><\/em><strong>de publicitat comportamental<\/strong>: recullen informaci\u00f3 sobre les prefer\u00e8ncies i eleccions personals de l&#8217;usuari (<em>retargeting<\/em>) per permetre la gesti\u00f3, de la manera m\u00e9s efica\u00e7 possible, dels espais publicitaris que, si escau, l&#8217;editor hagi incl\u00f2s en una p\u00e0gina web, aplicaci\u00f3 o plataforma des de la qual presta el servei sol\u00b7licitat.<\/li>\n<li><em><strong>Cookies<\/strong><\/em> <strong>socials<\/strong>: s\u00f3n establertes per les plataformes de xarxes socials en els serveis per permetre compartir contingut amb els seus amics i xarxes. Les plataformes de mitjans socials tenen la capacitat de rastrejar la seva activitat en l\u00ednia fora dels serveis. Aix\u00f2 pot afectar el contingut i els missatges que veieu en altres serveis que visiteu.<\/li>\n<li><em><strong>Cookies<\/strong><\/em> <strong>d&#8217;afiliats:<\/strong> permeten fer un seguiment de les visites procedents d&#8217;altres webs, amb les quals el lloc web estableix un contracte d&#8217;afiliaci\u00f3 (empreses d&#8217;afiliaci\u00f3).<\/li>\n<li><em><strong>Cookies<\/strong><\/em> <strong>de seguretat:<\/strong> emmagatzemen informaci\u00f3 xifrada per evitar que les dades desades hi siguin vulnerables a atacs maliciosos de tercers.<\/li>\n<\/ul>\n<p><strong>SEGONS LA PROPIETAT<\/strong><\/p>\n<ul>\n<li><em><strong>Cookies<\/strong><\/em> <strong>pr\u00f2pies<\/strong>: s\u00f3n les que s&#8217;envien a l&#8217;equip terminal de l&#8217;usuari des d&#8217;un equip o domini gestionat pel mateix editor i des del qual es presta el servei sol\u00b7licitat per l&#8217;usuari.<\/li>\n<li><em><strong>Cookies<\/strong><\/em> <strong>de tercers:<\/strong> s\u00f3n aquelles que s&#8217;envien a l&#8217;equip terminal de l&#8217;usuari des d&#8217;un equip o domini que no \u00e9s gestionat per l&#8217;editor, sin\u00f3 per una altra entitat que tracta les dades obtingudes a trav\u00e9s de les galetes.<\/li>\n<\/ul>\n<p><strong>SEGONS EL TERMINI DE CONSERVACI\u00d3<\/strong><\/p>\n<ul>\n<li><em><strong>Cookies<\/strong><\/em> <strong>de sessi\u00f3<\/strong>: s\u00f3n un tipus de <em>cookies<\/em> dissenyades per demanar i emmagatzemar dades mentre l&#8217;usuari accedeix a una p\u00e0gina web.<\/li>\n<li><em><strong>Cookies<\/strong><\/em> <strong>persistents<\/strong>: s\u00f3n un tipus de cookies en qu\u00e8 les dades segueixen emmagatzemades al terminal i poden ser accedides i tractades durant un per\u00edode definit pel responsable de la <em>cookie<\/em>, i que pot anar d&#8217;uns minuts a diversos anys.<\/li>\n<\/ul>\n<p><strong>TRACTAMENT DE DADES PERSONALS<\/strong><\/p>\n<p>Smile &amp; Learn Digital Creations, S.L. \u00e9s el <strong>Responsable del tractament<\/strong> de les dades personals del <strong>Interessat<\/strong> i us informa que aquestes dades seran tractades de conformitat amb el que disposa el Reglament (UE) 2016\/679, de 27 d&#8217;abril de 2016 (GDPR), per la qual cosa se us facilita la informaci\u00f3 seg\u00fcent del tractament:<\/p>\n<p><strong>Fins del tractament<\/strong>: segons s&#8217;especifica a l&#8217;apartat de <em>cookies<\/em> que s&#8217;utilitzen en aquest lloc web.<\/p>\n<p><strong>Legitimaci\u00f3 del tractament<\/strong>: per consentiment de linteressat (art. 6.1 GDPR).<\/p>\n<p><strong>Criteris de conservaci\u00f3 de les dades<\/strong>: segons s&#8217;especifica a l&#8217;apartat de <em>cookies<\/em> utilitzades a la web.<\/p>\n<p><strong>Comunicaci\u00f3 de les dades:<\/strong> no es comunicaran les dades a tercers, excepte en galetes propietat de tercers o per obligaci\u00f3 legal.<\/p>\n<p><strong>Drets que assisteixen a l&#8217;interessat:<\/strong><\/p>\n<p>&#8211; Dret a retirar el consentiment en qualsevol moment.<br>&#8211; Dret d&#8217;acc\u00e9s, rectificaci\u00f3, portabilitat i supressi\u00f3 de les dades, i de limitaci\u00f3 o oposici\u00f3 al tractament.<br>&#8211; Dret a presentar una reclamaci\u00f3 davant de l&#8217;Autoritat de control (www.aepd.es) si considera que el tractament no s&#8217;ajusta a la normativa vigent.<\/p>\n<p><strong>Dades de contacte per exercir els seus drets:<\/strong><\/p>\n<p>Smile &amp; Learn Digital Creations, S.L.. Ronda de Sobradiel, 16 B &#8211; 28043 Madrid (Madrid). E-mail: info@smileandlearn.com<\/p>\n<p><strong>COOKIES UTILITZADES EN AQUEST LLOC WEB<\/strong><\/p>\n<div class=\"cky-audit-table-element\"> <\/div>\n<p><\/p>\n<table width=\"100%\">\n<tbody>\n<tr>\n<td width=\"100%\"><strong>PANELL DE CONFIGURACI\u00d3 DE COOKIES<\/strong><\/td>\n<\/tr>\n<\/tbody>\n<\/table>\n<p>Des d&#8217;aquest panell podreu configurar les cookies que el lloc web pot instal\u00b7lar al vostre navegador, excepte les cookies t\u00e8cniques o funcionals que s\u00f3n necess\u00e0ries per a la navegaci\u00f3 i la utilitzaci\u00f3 de les diferents opcions o serveis que s&#8217;ofereixen.<\/p>\n<p>Panell de cookies<\/p>\n<p>. <\/p><table width=\"100%\">\n<tbody>\n<tr>\n<td colspan=\"2\" width=\"100%\"><strong>COM GESTIONAR LES COOKIES DES DEL NAVEGADOR<\/strong><\/td>\n<\/tr>\n<tr>\n<td width=\"30\"><strong>Eliminar les cookies del dispositiu<\/strong><\/td>\n<td width=\"70%\">Les cookies que ja estan en un dispositiu es poden eliminar esborrant l&#8217;historial del navegador, de manera que se suprimeixen les galetes de tots els llocs web visitats.<br>No obstant aix\u00f2, tamb\u00e9 podeu perdre part de la informaci\u00f3 desada (per exemple, les dades d&#8217;inici de sessi\u00f3 o les prefer\u00e8ncies de lloc web).<\/td>\n<\/tr>\n<tr>\n<td width=\"30%\"><strong>Gestionar les cookies espec\u00edfiques del lloc<\/strong><\/td>\n\n<td width=\"70%\">Per tenir un control m\u00e9s prec\u00eds de les cookies espec\u00edfiques de cada lloc, els usuaris poden ajustar la seva configuraci\u00f3 de privadesa i galetes al navegador.<\/td>\n<\/tr>\n<tr>\n<td width=\"30%\"><strong>Bloquejar les cookies<\/strong><\/td>\n<td width=\"70%\">Encara que la majoria dels navegadors moderns es poden configurar per evitar que s&#8217;instal\u00b7lin cookies als dispositius, aix\u00f2 pot obligar a l&#8217;ajustament manual de determinades prefer\u00e8ncies cada vegada que es visiti un lloc o p\u00e0gina. A m\u00e9s, alguns serveis i caracter\u00edstiques poden no funcionar correctament (per exemple, els inicis de sessi\u00f3 amb perfil).<\/td>\n<\/tr>\n<\/tbody>\n<\/table>\n<table width=\"100%\">\n<tbody>\n<tr>\n<td colspan=\"2\" width=\"100%\"><strong>COM ELIMINAR LES COOKIES DELS NAVEGADORS M\u00c9S COMUNS<\/strong><\/td>\n<\/tr>\n<tr>\n<td width=\"30\"><strong>Chrome<\/strong><\/td>\n<td width=\"70%\"><a href=\"http:\/\/support.google.com\/chrome\/answer\/95647?hl=es\" rel=\"nofollow noopener\" target=\"_blank\">http:\/\/support.google.com\/chrome\/answer\/95647?hl=ca<\/a><\/td>\n<\/tr>\n<tr>\n<td width=\"30%\"><strong>Internet Explorer. Versi\u00f3n 11<\/strong><\/td>\n<td width=\"70%\"><a href=\"https:\/\/support.microsoft.com\/es-es\/help\/278835\/how-to-delete-cookie-files-in-internet-explorer\" rel=\"nofollow noopener\" target=\"_blank\">https:\/\/support.microsoft.com\/es-es\/help\/278835\/how-to-delete-cookie-files-in-internet-explorer<\/a><\/td>\n<\/tr>\n<tr>\n<td width=\"30%\"><strong>Firefox. Versi\u00f3n 65.0.1<\/strong><\/td>\n<td width=\"70%\"><a href=\"https:\/\/www.mozilla.org\/es-ES\/privacy\/websites\/#cookies\" rel=\"nofollow noopener\" target=\"_blank\">https:\/\/www.mozilla.org\/es-ES\/privacy\/websites\/#cookies<\/a><\/td>\n<\/tr>\n<tr>\n<td width=\"30%\"><strong>Safari Versi\u00f3n 5.1<\/strong><\/td>\n<td width=\"70%\"><a href=\"https:\/\/support.apple.com\/es-es\/guide\/safari\/sfri11471\/mac\" rel=\"nofollow noopener\" target=\"_blank\">https:\/\/support.apple.com\/es-es\/guide\/safari\/sfri11471\/mac<\/a><\/td>\n<\/tr>\n<tr>\n<td width=\"30%\"><strong>Opera<\/strong><\/td>\n<td width=\"70%\"><a href=\"https:\/\/help.opera.com\/en\/latest\/security-and-privacy\/#clearBrowsingData\" rel=\"nofollow noopener\" target=\"_blank\">https:\/\/help.opera.com\/en\/latest\/security-and-privacy\/#clearBrowsingData<\/a><\/td>\n<\/tr>\n<\/tbody>\n<\/table>\t\t\t\t\t\t\t\t<\/div>\n\t\t\t\t<\/div>\n\t\t\t\t\t<\/div>\n\t\t\t\t<\/div>\n\t\t\t\t<\/div>\n\t\t","protected":false},"excerpt":{"rendered":"<p>INFORMACI\u00d3 SOBRE COOKIES Conformi amb la Llei 34\/2002, d&#8217;11 de juliol, de serveis de la societat de la informaci\u00f3 i de comer\u00e7 electr\u00f2nic (LSSI), en relaci\u00f3 amb el Reglament (UE) 2016\/679 del Parlament Europeu i del Consell, de 27 de abril de 2016, General de Protecci\u00f3 de Dades (GDPR) i la Llei Org\u00e0nica 3\/2018, de [&hellip;]<\/p>\n","protected":false},"author":3,"featured_media":0,"parent":0,"menu_order":0,"comment_status":"closed","ping_status":"closed","template":"","meta":{"content-type":"","footnotes":""},"class_list":["post-13606","page","type-page","status-publish","hentry"],"_links":{"self":[{"href":"https:\/\/www.smileandlearn.com\/ca\/wp-json\/wp\/v2\/pages\/13606","targetHints":{"allow":["GET"]}}],"collection":[{"href":"https:\/\/www.smileandlearn.com\/ca\/wp-json\/wp\/v2\/pages"}],"about":[{"href":"https:\/\/www.smileandlearn.com\/ca\/wp-json\/wp\/v2\/types\/page"}],"author":[{"embeddable":true,"href":"https:\/\/www.smileandlearn.com\/ca\/wp-json\/wp\/v2\/users\/3"}],"replies":[{"embeddable":true,"href":"https:\/\/www.smileandlearn.com\/ca\/wp-json\/wp\/v2\/comments?post=13606"}],"version-history":[{"count":0,"href":"https:\/\/www.smileandlearn.com\/ca\/wp-json\/wp\/v2\/pages\/13606\/revisions"}],"wp:attachment":[{"href":"https:\/\/www.smileandlearn.com\/ca\/wp-json\/wp\/v2\/media?parent=13606"}],"curies":[{"name":"wp","href":"https:\/\/api.w.org\/{rel}","templated":true}]}}