{"id":13608,"date":"2023-03-16T15:58:01","date_gmt":"2023-03-16T14:58:01","guid":{"rendered":"https:\/\/www.smileandlearn.com\/politica-de-privadesa\/"},"modified":"2024-02-22T13:24:48","modified_gmt":"2024-02-22T12:24:48","slug":"politica-de-privadesa","status":"publish","type":"page","link":"https:\/\/www.smileandlearn.com\/ca\/politica-de-privadesa\/","title":{"rendered":"Pol\u00edtica de privadesa"},"content":{"rendered":"\t\t<div data-elementor-type=\"wp-page\" data-elementor-id=\"13608\" class=\"elementor elementor-13608 elementor-3780\" data-elementor-post-type=\"page\">\n\t\t\t\t<div class=\"elementor-element elementor-element-3ccaa93 e-con-full e-flex e-con e-parent\" data-id=\"3ccaa93\" data-element_type=\"container\" data-e-type=\"container\">\n\t\t\t\t<div class=\"elementor-element elementor-element-395002c elementor-widget elementor-widget-image\" data-id=\"395002c\" data-element_type=\"widget\" data-e-type=\"widget\" data-widget_type=\"image.default\">\n\t\t\t\t<div class=\"elementor-widget-container\">\n\t\t\t\t\t\t\t\t\t\t\t\t\t\t\t<img decoding=\"async\" width=\"260\" height=\"60\" src=\"https:\/\/www.smileandlearn.com\/wp-content\/uploads\/2023\/02\/Circulos.svg\" class=\"attachment-full size-full wp-image-11249\" alt=\"\" \/>\t\t\t\t\t\t\t\t\t\t\t\t\t\t\t<\/div>\n\t\t\t\t<\/div>\n\t\t<div class=\"elementor-element elementor-element-f34f11e e-flex e-con-boxed e-con e-child\" data-id=\"f34f11e\" data-element_type=\"container\" data-e-type=\"container\">\n\t\t\t\t\t<div class=\"e-con-inner\">\n\t\t\t\t<div class=\"elementor-element elementor-element-85fc9c9 elementor-widget elementor-widget-heading\" data-id=\"85fc9c9\" data-element_type=\"widget\" data-e-type=\"widget\" data-widget_type=\"heading.default\">\n\t\t\t\t<div class=\"elementor-widget-container\">\n\t\t\t\t\t<h1 class=\"elementor-heading-title elementor-size-default\">Pol\u00edtica de privadesa<\/h1>\t\t\t\t<\/div>\n\t\t\t\t<\/div>\n\t\t\t\t\t<\/div>\n\t\t\t\t<\/div>\n\t\t\t\t<\/div>\n\t\t<div class=\"elementor-element elementor-element-01af26e e-flex e-con-boxed e-con e-parent\" data-id=\"01af26e\" data-element_type=\"container\" data-e-type=\"container\">\n\t\t\t\t\t<div class=\"e-con-inner\">\n\t\t\t\t<div class=\"elementor-element elementor-element-8396d62 elementor-widget elementor-widget-text-editor\" data-id=\"8396d62\" data-element_type=\"widget\" data-e-type=\"widget\" data-widget_type=\"text-editor.default\">\n\t\t\t\t<div class=\"elementor-widget-container\">\n\t\t\t\t\t\t\t\t\t<p><strong>Responsable<\/strong><\/p>\n<p>El responsable del tractament \u00e9s Smile &amp; Learn Digital Creations, S.L.<\/p>\n<p>Domiciliio: Ronda de Sobradiel 16-B,&nbsp;<\/p>\n<p>28043 Madrid<\/p>\n<p>CIF B86731791<\/p>\n<p><strong>Categories de dades<\/strong><\/p>\n<p>A la nostra activitat tractem dades de contactes i usuaris, habitualment dades identificatives b\u00e0siques.<\/p>\n<p>En aquesta web recollim dades de:<\/p>\n<ul>\n<li>Subscriptors a la newsletter: nom\u00e9s demanem l&#8217;adre\u00e7a de correu electr\u00f2nic<\/li>\n<li>Contactes de persones que omplen el nostre formulari per sol\u00b7licitar informaci\u00f3, fer una consulta etc.: nom\u00e9s sol\u00b7licitem la informaci\u00f3 m\u00ednima imprescindible per contestar a la consulta.<\/li>\n<li>Candidats: si espont\u00e0niament ens envien una sol\u00b7licitud de feina.<\/li>\n<\/ul>\n<p>Com que SMILE &amp; LEARN \u00e9s una app adre\u00e7ada a menors d&#8217;edat, les dades que es recullen s\u00f3n les m\u00ednimes per prestar el servei. Els nostres acords es realitzen amb entitats educatives, institucions p\u00fabliques i privades i escolas.<\/p>\n<p><strong>Finalitat<\/strong><\/p>\n<p>Les dades personals nom\u00e9s seran tractades amb la finalitat de gestionar la seva relaci\u00f3 amb nosaltres. No sol\u00b7licitarem dades de menors i en compliment del principi de minimitzaci\u00f3 nom\u00e9s sol\u00b7licitarem i guardarem les dades imprescindibles per prestar els nostres serveis.<\/p>\n<ul>\n<li>Contacte: utilitzarem les dades per atendre la vostra sol\u00b7licitud, respondre-li la vostra pregunta o facilitar-vos la informaci\u00f3 sol\u00b7licitada.<\/li>\n<li>Newsletter: si ens facilita el correu electr\u00f2nic rebr\u00e0 la nostra newsletter de forma peri\u00f2dica.<\/li>\n<li>Si ens envieu un CV el guardarem durant un m\u00e0xim d&#8217;un any amb la finalitat de tenir-lo en compte en els nostres processos de selecci\u00f3.<\/li>\n<li>Si sou usuari o prove\u00efdor, nom\u00e9s utilitzarem les dades per gestionar la vostra relaci\u00f3 amb la nostra companyia i per mantenir-vos informats de les nostres not\u00edcies i novetats.<\/li>\n<\/ul>\n<p><strong>Legitimaci\u00f3<\/strong><\/p>\n<p>En el cas d&#8217;usuaris, clients i prove\u00efdors basem el tractament en la pr\u00f2pia execuci\u00f3 del contracte i en la prestaci\u00f3 dels serveis descrits a la nostra p\u00e0gina web.<\/p>\n<p>Per als contactes, newsletters, CVs i altres peticions d&#8217;informaci\u00f3 basem el tractament en el vostre consentiment.<\/p>\n<p>Si fem anal\u00edtiques dels nostres serveis ho farem basant-nos en el nostre inter\u00e8s leg\u00edtim encara que sempre evitarem utilitzar dades personals no anonimitzades.<\/p>\n<p><strong>Destinataris<\/strong><\/p>\n<p>Les dades personals nom\u00e9s seran utilitzades per la nostra companyia encara que treballem amb prove\u00efdors i eines que ens proporcionen determinats tipus de serveis auxiliars i que poden accedir a aquestes dades.<\/p>\n<p>Els nostres servidors (Amazon Web Services) es troben al territori de la Uni\u00f3 Europea<\/p>\n<p>Alguns de les eines que utilitzem a la nostra empresa poden estar ubicats fora de la Uni\u00f3 Europea per\u00f2 hem comprovat que totes han adoptat les mesures de compliment adequades segons el que disposa el RGPD (cl\u00e0usules contractuals tipus, entre d&#8217;altres):<\/p>\t\t\t\t\t\t\t\t<\/div>\n\t\t\t\t<\/div>\n\t\t\t\t<div class=\"elementor-element elementor-element-ab83f83 elementor-widget elementor-widget-bdt-table\" data-id=\"ab83f83\" data-element_type=\"widget\" data-e-type=\"widget\" data-widget_type=\"bdt-table.default\">\n\t\t\t\t<div class=\"elementor-widget-container\">\n\t\t\t\t\t        <div class=\"bdt-table bdt-table-responsive bdt-stripe\" id=\"bdt-table-ab83f83\">\n\n\n            \n        <table class=\"bdt-static-table\">\n\n                            <thead>\n                    <tr>\n                        \n                            <th class=\"bdt-static-column-cell elementor-repeater-item-eb951bc\">\n                                <div class=\"bdt-static-column-cell-wrap\">\n\n                                    <div class=\"bdt-static-column-cell-text\">Proveedor<\/div>\n\n                                    \n                                    \n                                <\/div>\n                            <\/th>\n\n                        \n                            <th class=\"bdt-static-column-cell elementor-repeater-item-ae55abd\">\n                                <div class=\"bdt-static-column-cell-wrap\">\n\n                                    <div class=\"bdt-static-column-cell-text\">Ubicaci\u00f3n<\/div>\n\n                                    \n                                    \n                                <\/div>\n                            <\/th>\n\n                        \n                            <th class=\"bdt-static-column-cell elementor-repeater-item-259e7cc\">\n                                <div class=\"bdt-static-column-cell-wrap\">\n\n                                    <div class=\"bdt-static-column-cell-text\">Cumplimiento GDPR<\/div>\n\n                                    \n                                    \n                                <\/div>\n                            <\/th>\n\n                                            <\/tr>\n                <\/thead>\n            \n            <tbody>\n                                    <tr>\n                                                        <td class=\"bdt-static-body-row-cell elementor-repeater-item-f04579f\">\n\n                                    <div class=\"bdt-static-body-row-cell-wrap\">\n                                        <div class=\"bdt-static-body-row-cell-text\">Amazon Web Services<\/div>\n\n                                        \n                                                                            <\/div>\n\n                                <\/td>\n                                                        <td class=\"bdt-static-body-row-cell elementor-repeater-item-7cd1ff4\">\n\n                                    <div class=\"bdt-static-body-row-cell-wrap\">\n                                        <div class=\"bdt-static-body-row-cell-text\">Irlanda<\/div>\n\n                                        \n                                                                            <\/div>\n\n                                <\/td>\n                                                        <td class=\"bdt-static-body-row-cell elementor-repeater-item-5b5aafa\">\n\n                                    <div class=\"bdt-static-body-row-cell-wrap\">\n                                        <div class=\"bdt-static-body-row-cell-text\">GDPR<\/div>\n\n                                        \n                                                                            <\/div>\n\n                                <\/td>\n                                            <\/tr>\n                                    <tr>\n                                                        <td class=\"bdt-static-body-row-cell elementor-repeater-item-ecc9ae3\">\n\n                                    <div class=\"bdt-static-body-row-cell-wrap\">\n                                        <div class=\"bdt-static-body-row-cell-text\">Zoho<\/div>\n\n                                        \n                                                                            <\/div>\n\n                                <\/td>\n                                                        <td class=\"bdt-static-body-row-cell elementor-repeater-item-1e2ee2b\">\n\n                                    <div class=\"bdt-static-body-row-cell-wrap\">\n                                        <div class=\"bdt-static-body-row-cell-text\">Estados Unidos<\/div>\n\n                                        \n                                                                            <\/div>\n\n                                <\/td>\n                                                        <td class=\"bdt-static-body-row-cell elementor-repeater-item-9eba40d\">\n\n                                    <div class=\"bdt-static-body-row-cell-wrap\">\n                                        <div class=\"bdt-static-body-row-cell-text\">Cl\u00e1usulas contractuales tipo<\/div>\n\n                                        \n                                                                            <\/div>\n\n                                <\/td>\n                                            <\/tr>\n                                    <tr>\n                                                        <td class=\"bdt-static-body-row-cell elementor-repeater-item-f280350\">\n\n                                    <div class=\"bdt-static-body-row-cell-wrap\">\n                                        <div class=\"bdt-static-body-row-cell-text\">Google Workspace<\/div>\n\n                                        \n                                                                            <\/div>\n\n                                <\/td>\n                                                        <td class=\"bdt-static-body-row-cell elementor-repeater-item-59fdf08\">\n\n                                    <div class=\"bdt-static-body-row-cell-wrap\">\n                                        <div class=\"bdt-static-body-row-cell-text\">\tIrlanda<\/div>\n\n                                        \n                                                                            <\/div>\n\n                                <\/td>\n                                                        <td class=\"bdt-static-body-row-cell elementor-repeater-item-53f821f\">\n\n                                    <div class=\"bdt-static-body-row-cell-wrap\">\n                                        <div class=\"bdt-static-body-row-cell-text\">GDPR<\/div>\n\n                                        \n                                                                            <\/div>\n\n                                <\/td>\n                                            <\/tr>\n                            <\/tbody>\n\n        <\/table>\n\n    \n        <\/div>\n\t\t\t\t<\/div>\n\t\t\t\t<\/div>\n\t\t\t\t<div class=\"elementor-element elementor-element-12862c5 elementor-widget elementor-widget-text-editor\" data-id=\"12862c5\" data-element_type=\"widget\" data-e-type=\"widget\" data-widget_type=\"text-editor.default\">\n\t\t\t\t<div class=\"elementor-widget-container\">\n\t\t\t\t\t\t\t\t\t<p>No cedirem ni comunicarem les vostres dades a tercers excepte per al compliment de les obligacions legals a qu\u00e8 venguem obligats per ra\u00f3 del nostre negoci (Administracions P\u00fabliques, entitats financeres, asseguradores).<\/p>\n<p><strong>Seguretat<\/strong><\/p>\n<p>Smile and Learn ha adoptat totes les mesures de seguretat t\u00e8cniques i organitzatives necess\u00e0ries per garantir la confidencialitat, integritat i disponibilitat de les dades personals tenint en compte l&#8217;estat de la t\u00e8cnica, els costos d&#8217;aplicaci\u00f3 i la naturalesa, l&#8217;abast, el context i els fins dels tractaments realitzats, aix\u00ed com els riscos en termes de probabilitat i gravetat per als drets i les llibertats de les persones f\u00edsiques.<\/p>\n<p><strong>Drets<\/strong><\/p>\n<p>Si el tractament de dades est\u00e0 basat en el vostre consentiment, tindr\u00e0 dret a retirar-lo en qualsevol moment.<\/p>\n<p>Us informem que podreu exercir en qualsevol moment els drets d&#8217;acc\u00e9s, rectificaci\u00f3, portabilitat i supressi\u00f3 de les vostres dades i els de limitaci\u00f3 i oposici\u00f3 al vostre tractament. Per aix\u00f2 pot adre\u00e7ar-se a nosaltres a info@smileandlearn.com o escrivint a Smile and Learn a l&#8217;adre\u00e7a Ronda de Sobradiel 16-B, 28043 Madrid.<\/p>\n<p>Si considereu que el tractament no s&#8217;ajusta a la normativa vigent de protecci\u00f3 de dades, teniu dret a presentar una reclamaci\u00f3 davant l&#8217;autoritat de control (Ag\u00e8ncia de Protecci\u00f3 de Dades). No obstant aix\u00f2, \u00e9s comprom\u00eds de Smile and Learn garantir la privadesa i la seguretat de les dades i resoldre internament qualsevol q\u00fcesti\u00f3 relacionada amb elles.<\/p>\n<p>En compliment amb la Children&#8217;s Online Privacy Protection Act Compliance (\u201cCOPPA\u201d).<\/p>\n<p>Actualitzat al maig 2022<\/p>\n\t\t\t\t\t\t\t\t<\/div>\n\t\t\t\t<\/div>\n\t\t\t\t\t<\/div>\n\t\t\t\t<\/div>\n\t\t\t\t<\/div>\n\t\t","protected":false},"excerpt":{"rendered":"<p>Responsable El responsable del tractament \u00e9s Smile &amp; Learn Digital Creations, S.L. Domiciliio: Ronda de Sobradiel 16-B,&nbsp; 28043 Madrid CIF B86731791 Categories de dades A la nostra activitat tractem dades de contactes i usuaris, habitualment dades identificatives b\u00e0siques. En aquesta web recollim dades de: Subscriptors a la newsletter: nom\u00e9s demanem l&#8217;adre\u00e7a de correu electr\u00f2nic Contactes [&hellip;]<\/p>\n","protected":false},"author":3,"featured_media":0,"parent":0,"menu_order":0,"comment_status":"closed","ping_status":"closed","template":"","meta":{"content-type":"","footnotes":""},"class_list":["post-13608","page","type-page","status-publish","hentry"],"_links":{"self":[{"href":"https:\/\/www.smileandlearn.com\/ca\/wp-json\/wp\/v2\/pages\/13608","targetHints":{"allow":["GET"]}}],"collection":[{"href":"https:\/\/www.smileandlearn.com\/ca\/wp-json\/wp\/v2\/pages"}],"about":[{"href":"https:\/\/www.smileandlearn.com\/ca\/wp-json\/wp\/v2\/types\/page"}],"author":[{"embeddable":true,"href":"https:\/\/www.smileandlearn.com\/ca\/wp-json\/wp\/v2\/users\/3"}],"replies":[{"embeddable":true,"href":"https:\/\/www.smileandlearn.com\/ca\/wp-json\/wp\/v2\/comments?post=13608"}],"version-history":[{"count":0,"href":"https:\/\/www.smileandlearn.com\/ca\/wp-json\/wp\/v2\/pages\/13608\/revisions"}],"wp:attachment":[{"href":"https:\/\/www.smileandlearn.com\/ca\/wp-json\/wp\/v2\/media?parent=13608"}],"curies":[{"name":"wp","href":"https:\/\/api.w.org\/{rel}","templated":true}]}}