{"id":13688,"date":"2023-03-17T13:51:05","date_gmt":"2023-03-17T12:51:05","guid":{"rendered":"https:\/\/www.smileandlearn.com\/avviso-legale\/"},"modified":"2024-05-13T17:32:20","modified_gmt":"2024-05-13T15:32:20","slug":"avviso-legale","status":"publish","type":"page","link":"https:\/\/www.smileandlearn.com\/it\/avviso-legale\/","title":{"rendered":"Avviso legale"},"content":{"rendered":"\t\t<div data-elementor-type=\"wp-page\" data-elementor-id=\"13688\" class=\"elementor elementor-13688 elementor-3818\" data-elementor-post-type=\"page\">\n\t\t\t\t<div class=\"elementor-element elementor-element-8088329 e-con-full e-flex e-con e-parent\" data-id=\"8088329\" data-element_type=\"container\" data-e-type=\"container\">\n\t\t\t\t<div class=\"elementor-element elementor-element-e35f5e7 elementor-widget elementor-widget-image\" data-id=\"e35f5e7\" data-element_type=\"widget\" data-e-type=\"widget\" data-widget_type=\"image.default\">\n\t\t\t\t<div class=\"elementor-widget-container\">\n\t\t\t\t\t\t\t\t\t\t\t\t\t\t\t<img decoding=\"async\" width=\"260\" height=\"60\" src=\"https:\/\/www.smileandlearn.com\/wp-content\/uploads\/2023\/02\/Circulos.svg\" class=\"attachment-full size-full wp-image-11250\" alt=\"\" \/>\t\t\t\t\t\t\t\t\t\t\t\t\t\t\t<\/div>\n\t\t\t\t<\/div>\n\t\t<div class=\"elementor-element elementor-element-05bf66c e-flex e-con-boxed e-con e-child\" data-id=\"05bf66c\" data-element_type=\"container\" data-e-type=\"container\">\n\t\t\t\t\t<div class=\"e-con-inner\">\n\t\t\t\t<div class=\"elementor-element elementor-element-3bf4f1b elementor-widget elementor-widget-heading\" data-id=\"3bf4f1b\" data-element_type=\"widget\" data-e-type=\"widget\" data-widget_type=\"heading.default\">\n\t\t\t\t<div class=\"elementor-widget-container\">\n\t\t\t\t\t<h1 class=\"elementor-heading-title elementor-size-default\">Avviso legale<\/h1>\t\t\t\t<\/div>\n\t\t\t\t<\/div>\n\t\t\t\t\t<\/div>\n\t\t\t\t<\/div>\n\t\t\t\t<\/div>\n\t\t<div class=\"elementor-element elementor-element-2a5c49e e-flex e-con-boxed e-con e-parent\" data-id=\"2a5c49e\" data-element_type=\"container\" data-e-type=\"container\">\n\t\t\t\t\t<div class=\"e-con-inner\">\n\t\t\t\t<div class=\"elementor-element elementor-element-60064fc elementor-widget elementor-widget-text-editor\" data-id=\"60064fc\" data-element_type=\"widget\" data-e-type=\"widget\" data-widget_type=\"text-editor.default\">\n\t\t\t\t<div class=\"elementor-widget-container\">\n\t\t\t\t\t\t\t\t\t<p><strong>1.- Propriet\u00e0 del sito web.<\/strong><\/p>\n<p><a href=\"\/\">http:\/\/smileandlearn.com\/es\/<\/a> (di seguito, Smile and Learn) \u00e8 di propriet\u00e0 esclusiva di Smile and Learn Digital Creations, S.L. con domicilio in Ronda de Sobradiel 16-B, 28043 Madrid e con CIF B86731791 <span style=\"font-weight: 400;\">mette le presenti condizioni a disposizione delle persone che accedono al proprio Sito Web per fornire loro informazioni sui servizi, propri e\/o di terzi collaboratori, e per facilitarne l&#8217;accesso, nonch\u00e9 la contrattazione di servizi e beni attraverso di essa<\/span><span style=\"font-weight: 400;\"> (tutti congiuntamente indicati come i \u201cServizi\u201d).<\/span><\/p>\n<p><span style=\"font-weight: 400;\">Tutti i diritti di propriet\u00e0 intellettuale del dominio web cos\u00ec come i suoi contenuti <\/span><span style=\"font-weight: 400;\">appartengono alla societ\u00e0 o a terzi<\/span><span style=\"font-weight: 400;\">, pertanto nessun Utente \u00e8 autorizzato a farne uso, stamparli o memorizzarli su qualsiasi supporto fisico <\/span><span style=\"font-weight: 400;\">in nessun caso se non per uso personale e privato<\/span><span style=\"font-weight: 400;\">. Pertanto, \u00e8 vietata la modifica, la decompilazione o l\u2019uso commerciale di qualsiasi sua parte.<\/span><\/p>\n<p><span style=\"font-weight: 400;\">Iscritta <\/span><span style=\"font-weight: 400;\">al Registro delle imprese<\/span><span style=\"font-weight: 400;\"> di Madrid.&nbsp;<\/span><\/p>\n<p><strong>2.- Condizioni d&#8217;uso.<\/strong><\/p>\n<p>Il Sito Web si riserva il diritto di modificare, in qualsiasi momento, la presentazione e la configurazione del Sito Web, nonch\u00e9 le presenti Condizioni Legali d&#8217;uso. Pertanto, Utenti e Visitatori sono invitati a leggerli attentamente ogni volta che accedono al Sito.<\/p>\n<p><span style=\"font-weight: 400;\">A causa della natura di questo Sito Web, \u00e8 possibile che il contenuto di queste Condizioni Legali possa essere modificato <\/span><span style=\"font-weight: 400;\">o che includa variazioni.<\/span><span style=\"font-weight: 400;\"> Per questo motivo, l\u2019Utente, cos\u00ec come gli altri Visitatori che non godono di questa condizione, sono obbligati ad accedere alle presenti Condizioni Legali ogni volta <\/span><span style=\"font-weight: 400;\">che entrano nel Sito Web, assumendo che verranno applicate le disposizioni corrispondenti in vigore al momento dell\u2019accesso.<\/span><\/p>\n<p><strong>3.- Uso corretto dei servizi.<\/strong><\/p>\n<p>Sia gli Utenti che i Visitatori si impegnano a utilizzare i Servizi in modo diligente, corretto e lecito e, in particolare, a titolo esemplificativo e non esaustivo, si impegnano ad astenersi da:<\/p>\n<ol>\n<li><span style=\"font-weight: 400;\">utilizzare i Servizi in modo, per scopi o effetti contrari alla legge<\/span><span style=\"font-weight: 400;\">, alla morale<\/span><span style=\"font-weight: 400;\"> e al buon costume generalmente accettato o all\u2019ordine pubblico;<\/span><\/li>\n<li>riprodurre o copiare, distribuire, consentire l&#8217;accesso del pubblico attraverso qualsiasi forma di comunicazione pubblica, trasformare o modificare i Servizi, a meno che non si ottenga l&#8217;autorizzazione del titolare dei diritti corrispondenti o sia legalmente consentito;<\/li>\n<li>compiere qualsiasi atto che possa essere considerato una violazione di qualsiasi diritto di propriet\u00e0 intellettuale o industriale appartenente a Smile and Learn o a terzi;<\/li>\n<li>utilizzare i Servizi e, in particolare, le informazioni di qualsiasi tipo ottenute attraverso il Sito Web per inviare pubblicit\u00e0, comunicazioni a scopo di vendita diretta o con qualsiasi altro tipo di scopo commerciale, messaggi non richiesti indirizzati a una pluralit\u00e0 di persone indipendentemente dallo scopo, nonch\u00e9 commercializzare o divulgare in qualsiasi modo tali informazioni;<\/li>\n<\/ol>\n<p>Sia gli Utenti che i Visitatori saranno responsabili dei danni di qualsiasi natura che Smile and Learn possa subire, in occasione o in conseguenza della violazione di uno qualsiasi degli obblighi di cui sopra, nonch\u00e9 di qualsiasi altro previsto dalle presenti Condizioni Legali e\/o dalle disposizioni imposte dalla legge in relazione all&#8217;uso del sito web.<\/p>\n<p><span style=\"font-weight: 400;\">Smile and Learn assicurer\u00e0 in ogni momento il rispetto dell\u2019ordinamento giuridico vigente, e avr\u00e0 facolt\u00e0 di interrompere, a suo insindacabile giudizio, il Servizio o escludere l\u2019Utente dal Sito Web in caso di presunta commissione totale o incompleta di uno qualsiasi dei reati o illeciti tipizzati dal Codice Penale vigente, o in caso di osservanza di comportamenti che, a giudizio di Smile and Learn, siano contrari alle presenti Condizioni Generali, alle Condizioni Generali di Contratto che operano per questo Sito Web, alla Legge, alle norme stabilite da Smile and Learn <\/span><span style=\"font-weight: 400;\">e suoi<\/span><span style=\"font-weight: 400;\"> collaboratori o possa turbare il buon funzionamento, l\u2019immagine, la credibilit\u00e0 e\/o il prestigio di Smile and Learn o dei suoi collaboratori.<\/span><\/p>\n<p><strong>4.- Diritti di propriet\u00e0 industriale e intellettuale.<\/strong><\/p>\n<p><span style=\"font-weight: 400;\">Tutti i contenuti del Sito Web, quali testi, grafica, fotografie, loghi, icone, immagini, nonch\u00e9 il design grafico, il codice sorgente e il software, sono di propriet\u00e0 esclusiva di Smile and Learn o di terzi, <\/span><span style=\"font-weight: 400;\">i cui diritti al riguardo sono legittimamente detenuti da Smile and Learn, e sono pertanto protetti dalla legislazione nazionale e internazionale.<\/span><\/p>\n<p><span style=\"font-weight: 400;\">\u00c8 severamente vietato l&#8217;uso a fini commerciali di tutti gli elementi soggetti a propriet\u00e0 industriale e intellettuale, nonch\u00e9 la loro distribuzione, modifica, alterazione, decompilazione e\/o qualsiasi altra azione che comporti una violazione della normativa spagnola e\/o internazionale vigente in materia di propriet\u00e0 intellettuale e\/o industriale. Allo stesso modo, \u00e8 severamente vietata la riproduzione totale o parziale di questo sito web, anche attraverso un collegamento ipertestuale,<\/span><span style=\"font-weight: 400;\"> senza l&#8217;espressa autorizzazione scritta di Smile and Learn.<\/span><\/p>\n<p><span style=\"font-weight: 400;\">Coloro che inviano contenuti al Sito \u2013 testi, fotografie, audio, video, o qualsiasi altra opera espressa con qualsiasi mezzo o supporto \u2013 osservazioni, opinioni o commenti attraverso il servizio di posta elettronica o con qualsiasi altro mezzo, <\/span><span style=\"font-weight: 400;\">nei casi in cui la natura dei Servizi lo renda possibile<\/span><span style=\"font-weight: 400;\">, resta inteso che autorizzano Smile and Learn alla riproduzione, distribuzione, comunicazione pubblica, trasformazione e all\u2019esercizio di ogni altro diritto di <\/span><span style=\"font-weight: 400;\">utilizzo<\/span><span style=\"font-weight: 400;\">, di tali contenuti, osservazioni, opinioni o commenti, <\/span><span style=\"font-weight: 400;\">fintanto che la tutela del diritto d&#8217;autore sia<\/span><span style=\"font-weight: 400;\"> legalmente prevista e senza limitazioni territoriali. Allo stesso modo, resta inteso che tale autorizzazione<\/span> <span style=\"font-weight: 400;\">\u00e8 <\/span><span style=\"font-weight: 400;\">concessa<\/span><span style=\"font-weight: 400;\"> a titolo gratuito.<\/span><\/p>\n<p><strong>5.- Esclusione di garanzie e responsabilit\u00e0.<\/strong><\/p>\n<p><span style=\"font-weight: 400;\">Smile and Learn sar\u00e0 responsabile dei danni che i Visitatori e gli Utenti dovessero subire a causa dell\u2019utilizzo del sito solo quando tali danni <\/span><span style=\"font-weight: 400;\">siano attribuibili alla condotta dolosa di questa societ\u00e0.<\/span><\/p>\n<p><span style=\"font-weight: 400;\">Utenti e Visitatori riconoscono ed accettano che l\u2019utilizzo del Sito, cos\u00ec come l\u2019erogazione dei servizi ivi offerti, avviene a proprio rischio e sotto la loro esclusiva responsabilit\u00e0.<\/span><\/p>\n<p><span style=\"font-weight: 400;\">Smile and Learn non \u00e8 responsabile per eventuali danni che ne possano derivare, a carattere meramente illustrativo e non limitativo (i) Interferenze, omissioni, interruzioni, virus informatici, guasti e\/o disconnessioni nel funzionamento di questo sistema elettronico o nei dispositivi e nelle apparecchiature informatiche di coloro che accedono al Sito Web, dovuti a cause al di fuori del controllo di Smile and Learn, che impediscono o <\/span><span style=\"font-weight: 400;\">ritardano<\/span><span style=\"font-weight: 400;\"> l\u2019erogazione dei servizi o la <\/span><span style=\"font-weight: 400;\">navigazione nel Sistema<\/span><span style=\"font-weight: 400;\">; (ii) Ritardi o blocchi nell\u2019uso causati da carenze o sovraccarichi di Internet o di altri sistemi elettronici; (iii) Che possono essere causati da terze parti attraverso interferenze illegali al di fuori del controllo del Sito Web e che non sono imputabili a Smile and Learn; (iv) Dell\u2019impossibilit\u00e0 di fornire il Servizio o di consentire l\u2019accesso per motivi non imputabili a Smile and Learn, dovuti all\u2019Utente, <\/span><span style=\"font-weight: 400;\">a terzi o a cause di<\/span><span style=\"font-weight: 400;\"> forza maggiore.<\/span><\/p>\n<p><span style=\"font-weight: 400;\">Smile and Learn non controlla, in generale, l\u2019uso che gli Utenti e\/o i Visitatori fanno del Sito. In particolare, non \u00e8 garantito in nessun caso che gli Utenti e\/o i Visitatori utilizzino il Sito in conformit\u00e0 alla legge, alle presenti Condizioni Legali, <\/span><span style=\"font-weight: 400;\">la morale<\/span><span style=\"font-weight: 400;\"> e al buon costume generalmente accettato e all\u2019ordine pubblico, n\u00e9 che lo facciano con diligenza e prudenza.<\/span><\/p>\n<p><span style=\"font-weight: 400;\">Smile and Learn esclude ogni responsabilit\u00e0 per danni di qualsiasi natura che possano essere dovuti alla mancanza di veridicit\u00e0, accuratezza, completezza e\/o tempestivit\u00e0 dei Servizi trasmessi, diffusi, archiviati, resi disponibili o ricevuti, ottenuti o ai quali si \u00e8 avuto accesso tramite il Sito Web, nonch\u00e9 i Servizi forniti o offerti da terze parti o entit\u00e0. Smile and Learn cercher\u00e0, per quanto possibile, di aggiornare e rettificare le informazioni <\/span><span style=\"font-weight: 400;\">presente sul proprio<\/span><span style=\"font-weight: 400;\"> sito Web che non soddisfano le garanzie minime di veridicit\u00e0. Tuttavia, sar\u00e0 esonerato da responsabilit\u00e0 per il loro mancato aggiornamento o rettifica, nonch\u00e9 per i contenuti e le informazioni ivi contenute. In tal senso, Smile and Learn non ha alcun obbligo di controllo e non controlla i contenuti trasmessi, diffusi o messi a disposizione di terzi da Utenti o collaboratori, salvo nei casi ove previsto dalla normativa vigente o quando richiesto da un\u2019Autorit\u00e0 <\/span><span style=\"font-weight: 400;\">giudiziaria o competente.<\/span><span style=\"font-weight: 400;\">&nbsp;<\/span><\/p>\n<p><span style=\"font-weight: 400;\">Smile and Learn non \u00e8 responsabile dell\u2019uso che l\u2019Utente fa dei Servizi del Sito o delle sue password, cos\u00ec come di qualsiasi altro materiale su di esso, in violazione dei diritti di propriet\u00e0 intellettuale o industriale o di qualsiasi altro diritto di terzi.<\/span><\/p>\n<p><span style=\"font-weight: 400;\">L\u2019Utente si impegna a tenere indenne Smile and Learn da qualsiasi danno, perdita, sanzione, spesa <\/span><span style=\"font-weight: 400;\">(incluse, a titolo esemplificativo e non esaustivo, le spese legali)<\/span><span style=\"font-weight: 400;\"> o responsabilit\u00e0 civile, amministrativa o di qualsiasi altro tipo che Smile and Learn possa subire in relazione alla violazione o adempimento parziale o inesatto da parte <\/span><span style=\"font-weight: 400;\">dell&#8217;Utente<\/span><span style=\"font-weight: 400;\"> di quanto stabilito nelle presenti Condizioni Legali o nella legislazione applicabile, e, in particolare, in relazione ai <\/span><span style=\"font-weight: 400;\">suoi<\/span><span style=\"font-weight: 400;\"> obblighi relativi alla protezione dei dati personali inclusi in queste condizioni o stabiliti nel <\/span><span style=\"font-weight: 400;\">Regolamento generale<\/span><span style=\"font-weight: 400;\">&nbsp;per la&nbsp;<\/span><span style=\"font-weight: 400;\">protezione dei dati personali 2016<\/span><span style=\"font-weight: 400;\">\/<\/span><span style=\"font-weight: 400;\">679<\/span><span style=\"font-weight: 400;\">, nella<\/span><span style=\"font-weight: 400;\"> Legge organica 3\/2018 sulla protezione dei dati personali e la garanzia dei diritti digitali e altre normative applicabili.<\/span><\/p>\n<p><strong>6.- Obblighi dei Visitatori e degli Utenti.<\/strong><\/p>\n<p><span style=\"font-weight: 400;\">In generale, i Visitatori e gli Utenti <\/span><span style=\"font-weight: 400;\">sono tenuti a rispettare le presenti Condizioni Legali d&#8217;Uso ad essi applicabili,<\/span><span style=\"font-weight: 400;\"> nonch\u00e9 a rispettare le speciali avvertenze o istruzioni per l\u2019uso contenute in esse o in Smile and Learn <\/span><span style=\"font-weight: 400;\">e ad agire sempre nel rispetto della legge, dei buoni costumi e dei requisiti di buona fede<\/span><span style=\"font-weight: 400;\">, usando la diligenza adeguata alla natura del servizio di cui <\/span><span style=\"font-weight: 400;\">si usufruisce, astenendosi<\/span><span style=\"font-weight: 400;\"> dall\u2019utilizzare il Sito in qualsiasi modo che possa impedire, danneggiare o deteriorare il normale funzionamento dello stesso, dei beni o dei diritti di Smile and Learn, dei suoi fornitori, del resto dei Visitatori e\/o Utenti o in generale di qualsiasi terza parte.<\/span><\/p>\n<p><strong><br><span style=\"font-weight: 400;\">In particolare, e senza che ci\u00f2 implichi alcuna restrizione all\u2019obbligo assunto dall\u2019Utente e\/o dall\u2019Utente in generale ai sensi della sezione precedente, <\/span><span style=\"font-weight: 400;\">l\u2019Utente e\/o l\u2019Utente <\/span><span style=\"font-weight: 400;\">si impegna,<\/span><span style=\"font-weight: 400;\"> nell\u2019utilizzo del Sito Web, nonch\u00e9 nella fornitura di servizi a: (i) fornire i dati in modo veritiero e mantenerli aggiornati; (ii) Non introdurre, archiviare o diffondere su o dal Sito Web informazioni o materiale diffamatorio, offensivo, osceno, minaccioso, xenofobo, che inciti alla violenza o alla discriminazione basata su razza, sesso, ideologia, religione o che in qualsiasi modo viola il buon costume, l\u2019ordine pubblico, i diritti fondamentali, le libert\u00e0 pubbliche, l\u2019onore, la riservatezza o l\u2019immagine di terzi ed in genere la normativa vigente; (iii) Non introdurre, archiviare o diffondere attraverso il Sito qualsiasi programma per computer, dati, virus, codice, hardware o apparecchiatura di telecomunicazione o qualsiasi altro strumento o dispositivo elettronico o fisico che possa causare danni al Sito Web, <\/span><span style=\"font-weight: 400;\">a uno qualsiasi dei Servizi, o a qualsiasi apparecchiatura,<\/span><span style=\"font-weight: 400;\"> sistema o rete di Smile and Learn di qualsiasi <\/span><span style=\"font-weight: 400;\">Utente e\/o Utente<\/span><span style=\"font-weight: 400;\">, dei fornitori di Smile and Learn o in generale di qualsiasi terza parte, o che in qualsiasi altro modo sia in grado di causare qualsiasi tipo di alterazione o impedimento del loro normale funzionamento; (iv) a custodire adeguatamente \u201cl\u2019indirizzo e-mail\u201d e la \u201cpassword\u201d che vengono forniti a Smile and Learn dagli Utenti, quali elementi identificativi e abilitanti per l\u2019accesso ai diversi servizi offerti sul Sito, impegnandosi <\/span><span style=\"font-weight: 400;\">a non cederne l&#8217;uso o consentirne l&#8217;accesso a terzi,<\/span><span style=\"font-weight: 400;\"> assumendosi la responsabilit\u00e0 dei danni che dovessero derivare dall\u2019uso improprio degli stessi. Allo stesso modo, l\u2019Utente si impegna a notificare a Smile and Learn, il pi\u00f9 rapidamente possibile, la sua perdita o furto, nonch\u00e9 qualsiasi rischio di accesso all\u2019indirizzo \u201ce-mail\u201d e\/o alla \u201cPassword\u201d da parte di terzi; (v) Non svolgere attivit\u00e0 pubblicitarie, promozionali o di sfruttamento commerciale attraverso il Sito Web, <\/span><span style=\"font-weight: 400;\">non utilizzando<\/span><span style=\"font-weight: 400;\"> i contenuti e in particolare le informazioni ottenute attraverso il Sito Web per inviare pubblicit\u00e0, inviare messaggi a scopo di vendita diretta o per qualsiasi altro scopo commerciale, n\u00e9 per raccogliere o archiviare dati personali di terzi; (vi) Non utilizzare false identit\u00e0 o impersonare l\u2019identit\u00e0 di altri nell\u2019uso del Sito Web o nell\u2019uso di uno qualsiasi dei servizi del Sito Web, incluso l\u2019utilizzo, se del caso, di password o codici di accesso di terze parti o in qualsiasi altro modo; (vii) Non distruggere, alterare, utilizzare per proprio uso, <\/span><span style=\"font-weight: 400;\">rendere inutilizzabili<\/span><span style=\"font-weight: 400;\"> o danneggiare dati, informazioni, programmi o documenti elettronici di Smile and Learn, dei suoi fornitori o di terzi; (viii) Non introdurre, conservare o diffondere attraverso il Sito qualsiasi contenuto che violi <\/span><span style=\"font-weight: 400;\">i diritti di propriet\u00e0 intellettuale, industriale o<\/span><span style=\"font-weight: 400;\"> segreti aziendali di terzi, o in generale qualsiasi contenuto di cui non <\/span><span style=\"font-weight: 400;\">abbia<\/span><span style=\"font-weight: 400;\">, ai sensi di legge, il diritto per metterlo a disposizione di terzi.<\/span><\/strong><\/p>\n<p><strong>7.- Link ad altri siti web.<\/strong><\/p>\n<p><span style=\"font-weight: 400;\">Smile and Learn non garantisce n\u00e9 si assume alcun tipo di responsabilit\u00e0 per i danni e le perdite subite dall\u2019accesso a Servizi di terzi tramite collegamenti, <\/span><span style=\"font-weight: 400;\">link o connessioni<\/span><span style=\"font-weight: 400;\"> dei siti collegati o per l\u2019accuratezza o l\u2019affidabilit\u00e0 degli stessi. Smile and Learn non sar\u00e0 in alcun modo responsabile dei risultati ottenuti tramite detti link o delle conseguenze derivanti dall\u2019accesso da parte degli Utenti ad essi. Questi Servizi di terze parti sono forniti da loro, quindi Smile and Learn non pu\u00f2 e non controlla la legalit\u00e0 dei Servizi o la loro qualit\u00e0. Di conseguenza, l\u2019Utente deve esercitare la massima prudenza nella valutazione e nell\u2019utilizzo delle informazioni e dei servizi esistenti nei contenuti di terze parti.<\/span><\/p>\n<p><strong>8.- Comunicazioni.<\/strong><\/p>\n<p><span style=\"font-weight: 400;\">Ai fini delle presenti Condizioni Legali, nonch\u00e9 di quelle specifiche stabilite nelle Condizioni di Contratto, e per ogni comunicazione che si renda necessaria tra Smile and Learn <\/span><span style=\"font-weight: 400;\">e l\u2019Utente e\/o Utente<\/span><span style=\"font-weight: 400;\">, questi dovranno contattare il Servizio Clienti via e-mail, <\/span><span style=\"font-weight: 400;\">inviando<\/span><span style=\"font-weight: 400;\"> un messaggio a<\/span> info@smileandlearn.com<\/p>\n<p><span style=\"font-weight: 400;\">Le comunicazioni da Smile and Learn all\u2019Utente saranno effettuate in base ai dati forniti dall\u2019Utente al momento della registrazione a Smile and Learn.<\/span><\/p>\n<p><span style=\"font-weight: 400;\">L\u2019Utente accetta espressamente<\/span><span style=\"font-weight: 400;\">, per tutte le comunicazioni relative all&#8217;uso del Sito e\/o alla contrattazione dei servizi ivi offerti, l&#8217;uso della posta elettronica come procedura valida per l&#8217;invio di tali comunicazioni.<\/span><\/p>\n<p><strong>9.- Legge applicabile e giurisdizione.<\/strong><\/p>\n<p><span style=\"font-weight: 400;\">Per qualsiasi questione interpretativa o contenziosa che possa sorgere, si applicher\u00e0 la legislazione spagnola e in caso di controversia, entrambe le parti <\/span><span style=\"font-weight: 400;\">accettano di sottoporsi,<\/span><span style=\"font-weight: 400;\"> rinunciando a qualsiasi altra giurisdizione che possa corrispondere a loro, alla giurisdizione delle Corti e dei Tribunali della citt\u00e0 di Madrid.<\/span><\/p>\n<p><span style=\"font-weight: 400;\">\u00a9Smile and Learn Digital Creations, S.L. 2018<\/span><\/p>\t\t\t\t\t\t\t\t<\/div>\n\t\t\t\t<\/div>\n\t\t\t\t\t<\/div>\n\t\t\t\t<\/div>\n\t\t\t\t<\/div>\n\t\t","protected":false},"excerpt":{"rendered":"<p>1.- Propriet\u00e0 del sito web. http:\/\/smileandlearn.com\/es\/ (di seguito, Smile and Learn) \u00e8 di propriet\u00e0 esclusiva di Smile and Learn Digital Creations, S.L. con domicilio in Ronda de Sobradiel 16-B, 28043 Madrid e con CIF B86731791 mette le presenti condizioni a disposizione delle persone che accedono al proprio Sito Web per fornire loro informazioni sui servizi, [&hellip;]<\/p>\n","protected":false},"author":3,"featured_media":0,"parent":0,"menu_order":0,"comment_status":"closed","ping_status":"closed","template":"","meta":{"content-type":"","footnotes":""},"class_list":["post-13688","page","type-page","status-publish","hentry"],"_links":{"self":[{"href":"https:\/\/www.smileandlearn.com\/it\/wp-json\/wp\/v2\/pages\/13688","targetHints":{"allow":["GET"]}}],"collection":[{"href":"https:\/\/www.smileandlearn.com\/it\/wp-json\/wp\/v2\/pages"}],"about":[{"href":"https:\/\/www.smileandlearn.com\/it\/wp-json\/wp\/v2\/types\/page"}],"author":[{"embeddable":true,"href":"https:\/\/www.smileandlearn.com\/it\/wp-json\/wp\/v2\/users\/3"}],"replies":[{"embeddable":true,"href":"https:\/\/www.smileandlearn.com\/it\/wp-json\/wp\/v2\/comments?post=13688"}],"version-history":[{"count":0,"href":"https:\/\/www.smileandlearn.com\/it\/wp-json\/wp\/v2\/pages\/13688\/revisions"}],"wp:attachment":[{"href":"https:\/\/www.smileandlearn.com\/it\/wp-json\/wp\/v2\/media?parent=13688"}],"curies":[{"name":"wp","href":"https:\/\/api.w.org\/{rel}","templated":true}]}}