{"id":13797,"date":"2023-03-17T14:05:13","date_gmt":"2023-03-17T13:05:13","guid":{"rendered":"https:\/\/www.smileandlearn.com\/politica-sui-cookie\/"},"modified":"2024-02-22T13:27:23","modified_gmt":"2024-02-22T12:27:23","slug":"politica-sui-cookie","status":"publish","type":"page","link":"https:\/\/www.smileandlearn.com\/it\/politica-sui-cookie\/","title":{"rendered":"Politica sui cookie"},"content":{"rendered":"\t\t<div data-elementor-type=\"wp-page\" data-elementor-id=\"13797\" class=\"elementor elementor-13797 elementor-3828\" data-elementor-post-type=\"page\">\n\t\t\t\t<div class=\"elementor-element elementor-element-45ae412 e-con-full e-flex e-con e-parent\" data-id=\"45ae412\" data-element_type=\"container\" data-e-type=\"container\">\n\t\t\t\t<div class=\"elementor-element elementor-element-1842eca elementor-widget elementor-widget-image\" data-id=\"1842eca\" data-element_type=\"widget\" data-e-type=\"widget\" data-widget_type=\"image.default\">\n\t\t\t\t<div class=\"elementor-widget-container\">\n\t\t\t\t\t\t\t\t\t\t\t\t\t\t\t<img decoding=\"async\" width=\"260\" height=\"60\" src=\"https:\/\/www.smileandlearn.com\/wp-content\/uploads\/2023\/02\/Circulos.svg\" class=\"attachment-full size-full wp-image-11250\" alt=\"\" \/>\t\t\t\t\t\t\t\t\t\t\t\t\t\t\t<\/div>\n\t\t\t\t<\/div>\n\t\t<div class=\"elementor-element elementor-element-b1c629d e-flex e-con-boxed e-con e-child\" data-id=\"b1c629d\" data-element_type=\"container\" data-e-type=\"container\">\n\t\t\t\t\t<div class=\"e-con-inner\">\n\t\t\t\t<div class=\"elementor-element elementor-element-8d34544 elementor-widget elementor-widget-heading\" data-id=\"8d34544\" data-element_type=\"widget\" data-e-type=\"widget\" data-widget_type=\"heading.default\">\n\t\t\t\t<div class=\"elementor-widget-container\">\n\t\t\t\t\t<h1 class=\"elementor-heading-title elementor-size-default\">Politica sui cookie<\/h1>\t\t\t\t<\/div>\n\t\t\t\t<\/div>\n\t\t\t\t\t<\/div>\n\t\t\t\t<\/div>\n\t\t\t\t<\/div>\n\t\t<div class=\"elementor-element elementor-element-cca4b41 e-flex e-con-boxed e-con e-parent\" data-id=\"cca4b41\" data-element_type=\"container\" data-e-type=\"container\">\n\t\t\t\t\t<div class=\"e-con-inner\">\n\t\t\t\t<div class=\"elementor-element elementor-element-755a7be elementor-widget elementor-widget-text-editor\" data-id=\"755a7be\" data-element_type=\"widget\" data-e-type=\"widget\" data-widget_type=\"text-editor.default\">\n\t\t\t\t<div class=\"elementor-widget-container\">\n\t\t\t\t\t\t\t\t\t<p><strong>INFORMATIVA SUI COOKIE<\/strong><\/p>\n<p>Ai sensi della Legge 34\/2002, dell&#8217;11 luglio, sui servizi della societ\u00e0 dell&#8217;informazione e del commercio elettronico (LSSI), in relazione al Regolamento (UE) 2016\/679 del Parlamento europeo e del Consiglio, del 27 aprile 2016, Generale Protezione dei dati (GDPR) e Legge organica 3\/2018, del 5 dicembre, sulla protezione dei dati e la garanzia dei diritti digitali (LOPDGDD), \u00e8 obbligatorio ottenere il consenso esplicito dell&#8217;utente di tutte le pagine Web che utilizzano i cookie dispensabili, prima di te navigare attraverso di essi.&nbsp;<\/p>\n<p><strong>COSA SONO I COOKIE?<\/strong><\/p>\n<p>I <em>cookie<\/em> e altre tecnologie simili come oggetti condivisi locali, flash <em>cookie<\/em> o pixel, sono strumenti utilizzati dai server Web per archiviare e recuperare informazioni sui visitatori, nonch\u00e9 per offrire un corretto funzionamento del sito.<\/p>\n<p>Attraverso l&#8217;uso di questi dispositivi, il server Web \u00e8 autorizzato a ricordare alcuni dati che riguardano l&#8217;utente, come le sue preferenze per la visualizzazione delle pagine di quel server, nome e password, prodotti che lo interessano di pi\u00f9, ecc.<\/p>\n<p><strong><em>COOKIE<\/em><\/strong> <strong>INTERESSATI DAL REGOLAMENTO ED ECCEZIONE DEI COOKIE<\/strong><\/p>\n<p>Secondo la direttiva UE, il <em>cookies <\/em>che richiedono il consenso informato dell&#8217;utente sono i <em>cookies <\/em>analitici e pubblicitari e di affiliazione, ad eccezione di quelli di natura tecnica e quelli necessari per il funzionamento del sito Web o la fornitura di servizi espressamente richiesti dall&#8217;utente.<\/p>\n<p><strong>TIPI DI COOKIE<\/strong><\/p>\n<p><strong>SECONDO LO SCOPO<\/strong><\/p>\n<ul>\n<li><em><strong>Cookie<\/strong><\/em> <strong>tecnici e funzionali<\/strong>: sono quelli che consentono all&#8217;utente di navigare attraverso una pagina Web, una piattaforma o un&#8217;applicazione e l&#8217;utilizzo delle diverse opzioni o servizi in essa esistent<em>i.<\/em><\/li>\n<li><em><strong>Cookie<\/strong><\/em> <strong>analitici<\/strong>: sono quelli che consentono al responsabile di monitorare e analizzare il comportamento degli utenti dei siti Web a cui sono collegati. Le informazioni raccolte tramite questo tipo di <em>cookie<\/em> Viene utilizzato per misurare l&#8217;attivit\u00e0 dei siti Web, delle applicazioni o delle piattaforme e per creare profili di navigazione degli utenti di tali siti, applicazioni e piattaforme, al fine di introdurre miglioramenti basati sull&#8217;analisi dei dati di utilizzo di ci\u00f2 che fanno gli utenti del servizio.<\/li>\n<li><em><strong>Cookie<\/strong><\/em> <strong>pubblicitari<\/strong>: sono quelli che consentono la gestione, nel modo pi\u00f9 efficiente possibile, degli spazi pubblicitari che, se del caso, l&#8217;editore ha inserito in una pagina web, applicazione o piattaforma da cui viene fornito il servizio richiesto in base a criteri come il contenuto modificato o la frequenza con cui vengono mostrati gli annunci.<\/li>\n<li><em><strong>Cookies <\/strong><\/em><strong>pubblicit\u00e0 comportamentale<\/strong>: raccolgono informazioni sulle preferenze e scelte personali dell&#8217;utente (<em>retargeting<\/em>) per consentire la gestione, nel modo pi\u00f9 efficiente possibile, degli spazi pubblicitari che, se del caso, l&#8217;editore ha inserito in una pagina web, applicazione o piattaforma da cui viene fornito il servizio richiesto.<\/li>\n<li><em><strong>Cookie<\/strong><\/em> <strong>sociali<\/strong>: sono impostati dalle piattaforme di social media sui Servizi per consentirti di condividere contenuti con i tuoi amici e le tue reti. Le piattaforme di social media hanno la capacit\u00e0 di tracciare la tua attivit\u00e0 online al di fuori dei Servizi. Ci\u00f2 potrebbe influire sul contenuto e sui messaggi che vedi su altri servizi che visiti.<\/li>\n<li><em><strong>Cookie<\/strong><\/em> <strong>di affiliazione<\/strong>: consentono di tracciare le visite da altri siti Web, con i quali il sito Web stabilisce un contratto di affiliazione (societ\u00e0 di affiliazione).<\/li>\n<li><em><strong>Cookie<\/strong><\/em> <strong>di sicurezza:<\/strong> memorizzano informazioni crittografate per impedire che i dati in essi memorizzati siano vulnerabili ad attacchi dannosi da parte di terzi.<\/li>\n<\/ul>\n<p><strong>SECONDO LA PROPRIET\u00c0<\/strong><\/p>\n<ul>\n<li><em><strong>Cookie<\/strong><\/em> <strong>propri<\/strong>: sono quelli che vengono inviati all&#8217;apparecchiatura terminale dell&#8217;utente da un computer o dominio gestito dall&#8217;editore stesso e da cui viene fornito il servizio richiesto dall&#8217;utente.<\/li>\n<li><em><strong>Cookie<\/strong><\/em> <strong>di terze parti<\/strong>: sono quelli che vengono inviati all&#8217;apparecchiatura terminale dell&#8217;utente da un computer o dominio non gestito dall&#8217;editore, ma da un&#8217;altra entit\u00e0 che elabora i dati ottenuti tramite i cookie.<\/li>\n<\/ul>\n<p><strong>SECONDO IL PERIODO DI CONSERVAZIONE<\/strong><\/p>\n<ul>\n<li><em><strong>Cookie<\/strong><\/em> <strong>di sessione<\/strong>: sono un tipo di <em>cookie<\/em> progettati per raccogliere e memorizzare dati mentre l&#8217;utente accede a una pagina web.<\/li>\n<li><em><strong>Cookie<\/strong><\/em> <strong>persistenti<\/strong>: sono un tipo di cookie in cui i dati sono ancora memorizzati nel terminale e possono essere consultati ed elaborati durante un periodo definito dalla persona responsabile del <em>cookie<\/em>, che pu\u00f2 variare da pochi minuti a diversi anni.<\/li>\n<\/ul>\n<p><strong>TRATTAMENTO DEI DATI PERSONALI<\/strong><\/p>\n<p>Smile &amp; Learn Digital Creations, S.L. \u00e8 lui <strong>Responsabile del trattamento<\/strong> dei dati personali <strong>Interessato<\/strong> e La informa che tali dati verranno trattati in conformit\u00e0 a quanto previsto dal Regolamento (UE) 2016\/679, del 27 aprile 2016 (GDPR), per il quale si forniscono le seguenti informazioni sul trattamento:<\/p>\n<p><strong>Finalit\u00e0 del trattamento:<\/strong> come specificato nella sezione relativa ai <em>cookie<\/em> che vengono utilizzati in questo sito.<\/p>\n<p><strong>Legittimazione al trattamento<\/strong>: previo consenso dell&#8217;interessato (art. 6.1 GDPR).<\/p>\n<p><strong>Criteri di conservazione dei dati<\/strong>: come specificato nella sezione sui <em>cookie<\/em> utilizzati nel web.<\/p>\n<p><strong>Comunicazione dei dati:<\/strong> i dati non saranno comunicati a terzi, se non nei cookie di propriet\u00e0 di terzi o per obbligo di legge.<\/p>\n<p><strong>Diritti che assistono l&#8217;Interessato:<\/strong><\/p>\n<p>&#8211; Diritto di revocare il consenso in qualsiasi momento.<br>&#8211; Diritto di accesso, rettifica, portabilit\u00e0 e cancellazione dei tuoi dati e limitazione o opposizione al loro trattamento.<br>&#8211; Diritto di presentare un reclamo all&#8217;Autorit\u00e0 di controllo (www.aepd.es) se si ritiene che il trattamento non sia conforme alle normative vigenti.<\/p>\n<p><strong>Informazioni di contatto per esercitare i tuoi diritti:<\/strong><\/p>\n<p>Smile &amp; Learn Digital Creations, S.L.. Ronda de Sobradiel, 16 B &#8211; 28043 Madrid (Madrid). E-mail: info@smileandlearn.com<\/p>\n<p><strong>COOKIE UTILIZZATI IN QUESTO SITO<\/strong><\/p>\n<div class=\"cky-audit-table-element\"> <\/div>\n<p><\/p>\n<table width=\"100%\">\n<tbody>\n<tr>\n<td width=\"100%\"><strong>PANNELLO DI CONFIGURAZIONE DEI COOKIE<\/strong><\/td>\n<\/tr>\n<\/tbody>\n<\/table>\n<p>Da questo pannello \u00e8 possibile configurare i cookie che il sito web pu\u00f2 installare nel browser, ad eccezione dei cookie tecnici o funzionali necessari alla navigazione e all&#8217;utilizzo delle diverse opzioni o servizi offerti.<\/p>\n<p>Pannello dei biscotti<\/p>\n<table width=\"100%\">\n<tbody>\n<tr>\n<td colspan=\"2\" width=\"100%\"><strong>COME GESTIRE I COOKIE DAL BROWSER<\/strong><\/td>\n<\/tr>\n<tr>\n<td width=\"30\"><strong>Elimina i cookie dal dispositivo<\/strong><\/td>\n<td width=\"70%\">I cookie gi\u00e0 presenti su un dispositivo possono essere rimossi cancellando la cronologia del browser, rimuovendo cos\u00ec i cookie da tutti i siti Web visitati.<br>Tuttavia, alcune delle informazioni salvate (ad esempio, i dettagli di accesso o le preferenze del sito Web) potrebbero anche andare perse.<\/td>\n<\/tr>\n<tr>\n<td width=\"30%\"><strong>Gestione dei cookie specifici del sito<\/strong><\/td>\n<td width=\"70%\">Per avere un controllo pi\u00f9 preciso dei cookie specifici del sito, gli utenti possono regolare le proprie impostazioni sulla privacy e sui cookie nel browser.<\/td>\n<\/tr>\n<tr>\n<td width=\"30%\"><strong>Bloccare i cookie<\/strong><\/td>\n<td width=\"70%\">Sebbene la maggior parte dei browser moderni possa essere configurata per impedire l&#8217;installazione dei cookie sui dispositivi, ci\u00f2 potrebbe richiedere la regolazione manuale di alcune preferenze ogni volta che si visita un sito o una pagina. Inoltre, alcuni servizi e funzionalit\u00e0 potrebbero non funzionare correttamente (ad esempio, gli accessi al profilo).<\/td>\n<\/tr>\n<\/tbody>\n<\/table>\n<table width=\"100%\">\n<tbody>\n<tr>\n<td colspan=\"2\" width=\"100%\"><strong>COME ELIMINARE I COOKIE DAI BROWSER PI\u00d9 COMUNI<\/strong><\/td>\n<\/tr>\n<tr>\n<td width=\"30\"><strong>Chrome<\/strong><\/td>\n<td width=\"70%\"><a href=\"http:\/\/support.google.com\/chrome\/answer\/95647?hl=es\" rel=\"nofollow noopener\" target=\"_blank\">http:\/\/support.google.com\/chrome\/answer\/95647?hl=es<\/a><\/td>\n<\/tr>\n<tr>\n<td width=\"30%\"><strong>Internet Explorer. Versi\u00f3n 11<\/strong><\/td>\n<td width=\"70%\"><a href=\"https:\/\/support.microsoft.com\/es-es\/help\/278835\/how-to-delete-cookie-files-in-internet-explorer\" rel=\"nofollow noopener\" target=\"_blank\">https:\/\/support.microsoft.com\/es-es\/help\/278835\/how-to-delete-cookie-files-in-internet-explorer<\/a><\/td>\n<\/tr>\n<tr>\n<td width=\"30%\"><strong>Firefox. Versi\u00f3n 65.0.1<\/strong><\/td>\n<td width=\"70%\"><a href=\"https:\/\/www.mozilla.org\/es-ES\/privacy\/websites\/#cookies\" rel=\"nofollow noopener\" target=\"_blank\">https:\/\/www.mozilla.org\/es-ES\/privacy\/websites\/#cookies<\/a><\/td>\n<\/tr>\n<tr>\n<td width=\"30%\"><strong>Safari Versi\u00f3n 5.1<\/strong><\/td>\n<td width=\"70%\"><a href=\"https:\/\/support.apple.com\/es-es\/guide\/safari\/sfri11471\/mac\" rel=\"nofollow noopener\" target=\"_blank\">https:\/\/support.apple.com\/es-es\/guide\/safari\/sfri11471\/mac<\/a><\/td>\n<\/tr>\n<tr>\n<td width=\"30%\"><strong>Opera<\/strong><\/td>\n<td width=\"70%\"><a href=\"https:\/\/help.opera.com\/en\/latest\/security-and-privacy\/#clearBrowsingData\" rel=\"nofollow noopener\" target=\"_blank\">https:\/\/help.opera.com\/en\/latest\/security-and-privacy\/#clearBrowsingData<\/a><\/td>\n<\/tr>\n<\/tbody>\n<\/table>\t\t\t\t\t\t\t\t<\/div>\n\t\t\t\t<\/div>\n\t\t\t\t\t<\/div>\n\t\t\t\t<\/div>\n\t\t\t\t<\/div>\n\t\t","protected":false},"excerpt":{"rendered":"<p>INFORMATIVA SUI COOKIE Ai sensi della Legge 34\/2002, dell&#8217;11 luglio, sui servizi della societ\u00e0 dell&#8217;informazione e del commercio elettronico (LSSI), in relazione al Regolamento (UE) 2016\/679 del Parlamento europeo e del Consiglio, del 27 aprile 2016, Generale Protezione dei dati (GDPR) e Legge organica 3\/2018, del 5 dicembre, sulla protezione dei dati e la garanzia [&hellip;]<\/p>\n","protected":false},"author":3,"featured_media":0,"parent":0,"menu_order":0,"comment_status":"closed","ping_status":"closed","template":"","meta":{"content-type":"","footnotes":""},"class_list":["post-13797","page","type-page","status-publish","hentry"],"_links":{"self":[{"href":"https:\/\/www.smileandlearn.com\/it\/wp-json\/wp\/v2\/pages\/13797","targetHints":{"allow":["GET"]}}],"collection":[{"href":"https:\/\/www.smileandlearn.com\/it\/wp-json\/wp\/v2\/pages"}],"about":[{"href":"https:\/\/www.smileandlearn.com\/it\/wp-json\/wp\/v2\/types\/page"}],"author":[{"embeddable":true,"href":"https:\/\/www.smileandlearn.com\/it\/wp-json\/wp\/v2\/users\/3"}],"replies":[{"embeddable":true,"href":"https:\/\/www.smileandlearn.com\/it\/wp-json\/wp\/v2\/comments?post=13797"}],"version-history":[{"count":0,"href":"https:\/\/www.smileandlearn.com\/it\/wp-json\/wp\/v2\/pages\/13797\/revisions"}],"wp:attachment":[{"href":"https:\/\/www.smileandlearn.com\/it\/wp-json\/wp\/v2\/media?parent=13797"}],"curies":[{"name":"wp","href":"https:\/\/api.w.org\/{rel}","templated":true}]}}