{"id":10942,"date":"2023-03-17T13:51:05","date_gmt":"2023-03-17T12:51:05","guid":{"rendered":"https:\/\/www.smileandlearn.com\/aviso-legal\/"},"modified":"2024-05-13T17:32:57","modified_gmt":"2024-05-13T15:32:57","slug":"aviso-legal","status":"publish","type":"page","link":"https:\/\/www.smileandlearn.com\/pt-pt\/aviso-legal\/","title":{"rendered":"Aviso Legal"},"content":{"rendered":"\t\t<div data-elementor-type=\"wp-page\" data-elementor-id=\"10942\" class=\"elementor elementor-10942 elementor-3818\" data-elementor-post-type=\"page\">\n\t\t\t\t<div class=\"elementor-element elementor-element-8088329 e-con-full e-flex e-con e-parent\" data-id=\"8088329\" data-element_type=\"container\" data-e-type=\"container\">\n\t\t\t\t<div class=\"elementor-element elementor-element-e35f5e7 elementor-widget elementor-widget-image\" data-id=\"e35f5e7\" data-element_type=\"widget\" data-e-type=\"widget\" data-widget_type=\"image.default\">\n\t\t\t\t<div class=\"elementor-widget-container\">\n\t\t\t\t\t\t\t\t\t\t\t\t\t\t\t<img decoding=\"async\" width=\"260\" height=\"60\" src=\"https:\/\/www.smileandlearn.com\/wp-content\/uploads\/2023\/02\/Circulos.svg\" class=\"attachment-full size-full wp-image-8705\" alt=\"\" \/>\t\t\t\t\t\t\t\t\t\t\t\t\t\t\t<\/div>\n\t\t\t\t<\/div>\n\t\t<div class=\"elementor-element elementor-element-05bf66c e-flex e-con-boxed e-con e-child\" data-id=\"05bf66c\" data-element_type=\"container\" data-e-type=\"container\">\n\t\t\t\t\t<div class=\"e-con-inner\">\n\t\t\t\t<div class=\"elementor-element elementor-element-3bf4f1b elementor-widget elementor-widget-heading\" data-id=\"3bf4f1b\" data-element_type=\"widget\" data-e-type=\"widget\" data-widget_type=\"heading.default\">\n\t\t\t\t<div class=\"elementor-widget-container\">\n\t\t\t\t\t<h1 class=\"elementor-heading-title elementor-size-default\">Aviso Legal<\/h1>\t\t\t\t<\/div>\n\t\t\t\t<\/div>\n\t\t\t\t\t<\/div>\n\t\t\t\t<\/div>\n\t\t\t\t<\/div>\n\t\t<div class=\"elementor-element elementor-element-2a5c49e e-flex e-con-boxed e-con e-parent\" data-id=\"2a5c49e\" data-element_type=\"container\" data-e-type=\"container\">\n\t\t\t\t\t<div class=\"e-con-inner\">\n\t\t\t\t<div class=\"elementor-element elementor-element-60064fc elementor-widget elementor-widget-text-editor\" data-id=\"60064fc\" data-element_type=\"widget\" data-e-type=\"widget\" data-widget_type=\"text-editor.default\">\n\t\t\t\t<div class=\"elementor-widget-container\">\n\t\t\t\t\t\t\t\t\t<p><strong>1.- Propriedade do site.<\/strong><\/p>\n<p><a href=\"\/\">http:\/\/smileandlearn.com\/es\/<\/a> (doravante, Smile and Learn) \u00e9 propriedade exclusiva da Smile and Learn Digital Creations, S.L. com endere\u00e7o em Ronda de Sobradiel 16-B, 28043 Madrid e com CIF B86731791 coloca estas condi\u00e7\u00f5es \u00e0 disposi\u00e7\u00e3o das pessoas que acessam seu site para fornecer-lhes informa\u00e7\u00f5es sobre seus pr\u00f3prios servi\u00e7os e\/ou colaboradores terceirizados e para fornecer-lhes acesso a eles, bem como a contrata\u00e7\u00e3o de servi\u00e7os e bens atrav\u00e9s dele (todos referidos conjuntamente como &#8220;Servi\u00e7os&#8221;).&nbsp;<\/p>\n<p>Todos os direitos de propriedade intelectual do dom\u00ednio web, bem como os seus conte\u00fados pertencem \u00e0 empresa ou a terceiros, pelo que nenhum Utilizador est\u00e1 autorizado a fazer uso dos mesmos, a imprimi-los ou a armazen\u00e1-los em qualquer suporte f\u00edsico em nenhum caso. do que para seu uso pessoal e privado. Portanto, \u00e9 proibida a modifica\u00e7\u00e3o, descompila\u00e7\u00e3o ou uso comercial de qualquer parte dele.<\/p>\n<p>Inscrita no Registo Mercantil de Madrid.<\/p>\n<p><strong>2.- Condi\u00e7\u00f5es de uso.<\/strong><\/p>\n<p>O Site reserva-se o direito de modificar, a qualquer momento, a apresenta\u00e7\u00e3o e configura\u00e7\u00e3o do Site, bem como as presentes Condi\u00e7\u00f5es Legais de utiliza\u00e7\u00e3o. Portanto, recomenda-se aos Usu\u00e1rios e Visitantes que as leiam atentamente cada vez que acessarem o Site.<\/p>\n<p>Devido \u00e0 natureza deste Site, \u00e9 poss\u00edvel que o conte\u00fado destas Condi\u00e7\u00f5es Legais seja modificado ou inclu\u00eddo. Por este motivo, o Utilizador, bem como os restantes Visitantes que n\u00e3o gozem desta condi\u00e7\u00e3o, obrigam-se a aceder \u00e0s presentes Condi\u00e7\u00f5es Legais sempre que acedam ao Site, assumindo que se aplicar\u00e3o as respetivas condi\u00e7\u00f5es vigentes no momento do seu acesso.<\/p>\n<p><strong>3.- Uso correto dos servi\u00e7os.<\/strong><\/p>\n<p>Tanto os Utilizadores como os Visitantes comprometem-se a utilizar os Servi\u00e7os de forma diligente, correta e l\u00edcita e, em particular, a t\u00edtulo exemplificativo e sem limita\u00e7\u00e3o, comprometem-se a abster-se de:<\/p>\n<ol>\n<li>utilizar os Servi\u00e7os de forma, para fins ou efeitos contr\u00e1rios \u00e0 lei, \u00e0 moral e aos bons costumes geralmente aceites ou \u00e0 ordem p\u00fablica;<\/li>\n<li>reproduzir ou copiar, distribuir, permitir o acesso do p\u00fablico atrav\u00e9s de qualquer forma de comunica\u00e7\u00e3o p\u00fablica, transformar ou modificar os Servi\u00e7os, a menos que seja obtida a autoriza\u00e7\u00e3o do titular dos direitos correspondentes ou seja legalmente permitida;<\/li>\n<li>praticar qualquer ato que possa ser considerado uma viola\u00e7\u00e3o de quaisquer direitos de propriedade intelectual ou industrial pertencentes \u00e0 Smile and Learn ou a terceiros;<\/li>\n<li>utilizar os Servi\u00e7os e, em particular, as informa\u00e7\u00f5es de qualquer tipo obtidas atrav\u00e9s do Site para enviar publicidade, comunica\u00e7\u00f5es para fins de venda direta ou com qualquer outro tipo de finalidade comercial, mensagens n\u00e3o solicitadas dirigidas a uma pluralidade de pessoas independentemente da sua finalidade, bem como para comercializar ou divulgar tais informa\u00e7\u00f5es de qualquer forma;<\/li>\n<\/ol>\n<p>Tanto os Utilizadores como os Visitantes ser\u00e3o respons\u00e1veis pelos danos e preju\u00edzos de qualquer natureza que a Smile and Learn venha a sofrer, por ocasi\u00e3o ou como consequ\u00eancia do incumprimento de qualquer das obriga\u00e7\u00f5es acima previstas, bem como de quaisquer outras constantes das presentes Condi\u00e7\u00f5es Legais e\/ou das impostas pela Lei em rela\u00e7\u00e3o ao uso do Site.<\/p>\n<p>A Smile and Learn zelar\u00e1 sempre pelo respeito pelo ordenamento jur\u00eddico vigente, e ter\u00e1 o direito de interromper, a seu exclusivo crit\u00e9rio, o Servi\u00e7o ou excluir o Utilizador do Site em caso de alegada comiss\u00e3o total ou incompleta de qualquer um dos crimes ou infrac\u00e7\u00f5es tipificadas pelo C\u00f3digo Penal em vigor, ou no caso de se observar qualquer conduta que no entender da Smile and Learn seja contr\u00e1ria \u00e0s presentes Condi\u00e7\u00f5es Gerais, \u00e0s Condi\u00e7\u00f5es Gerais de Contrata\u00e7\u00e3o que regem este Website, \u00e0 Lei, \u00e0s normas estabelecidas pela Smile e Learn ou seus colaboradores ou possam perturbar o bom funcionamento, imagem, credibilidade e\/ou prest\u00edgio da Smile and Learn ou de seus colaboradores.<\/p>\n<p><strong>4.- Direitos de propriedade industrial e intelectual.<\/strong><\/p>\n<p>Todos os conte\u00fados do Website, tais como textos, gr\u00e1ficos, fotografias, log\u00f3tipos, \u00edcones, imagens, bem como o design gr\u00e1fico, c\u00f3digo-fonte e software, s\u00e3o propriedade exclusiva da Smile and Learn ou de terceiros, cujos direitos a este respeito s\u00e3o detidos legitimamente pela Smile and Learn, estando assim protegidos pela legisla\u00e7\u00e3o nacional e internacional.<\/p>\n<p>A utiliza\u00e7\u00e3o de todos os elementos sujeitos \u00e0 propriedade industrial e intelectual para fins comerciais, bem como a sua distribui\u00e7\u00e3o, modifica\u00e7\u00e3o, altera\u00e7\u00e3o, descompila\u00e7\u00e3o e\/ou qualquer outra a\u00e7\u00e3o que implique uma viola\u00e7\u00e3o das normas espanholas e\/ou internacionais vigentes na mat\u00e9ria, \u00e9 estritamente propriedade intelectual e\/ou industrial proibida. Da mesma forma, \u00e9 totalmente proibida a reprodu\u00e7\u00e3o total ou parcial deste website, nem mesmo atrav\u00e9s de hiperlink, sem a expressa autoriza\u00e7\u00e3o por escrito da Smile and Learn.<\/p>\n<p>Aqueles que enviarem conte\u00fado para o Site \u2013 textos, fotografias, \u00e1udio, v\u00eddeos, ou qualquer outro trabalho expresso em qualquer meio ou suporte \u2013 observa\u00e7\u00f5es, opini\u00f5es ou coment\u00e1rios atrav\u00e9s do servi\u00e7o de e-mail ou por qualquer outro meio, nos casos em que devido ao natureza dos Servi\u00e7os, tal seja poss\u00edvel, entende-se que autorizam a Smile and Learn para a reprodu\u00e7\u00e3o, distribui\u00e7\u00e3o, comunica\u00e7\u00e3o p\u00fablica, transforma\u00e7\u00e3o, e o exerc\u00edcio de qualquer outro direito de explora\u00e7\u00e3o, de tal conte\u00fado, observa\u00e7\u00f5es, opini\u00f5es ou coment\u00e1rios, por todo o tempo de prote\u00e7\u00e3o de direitos autorais legalmente prevista e sem limita\u00e7\u00e3o territorial. Da mesma forma, entende-se que esta autoriza\u00e7\u00e3o \u00e9 feita gratuitamente.<\/p>\n<p><strong>5.- Exclus\u00e3o de garantias e responsabilidade.<\/strong><\/p>\n<p>A Smile and Learn apenas ser\u00e1 respons\u00e1vel pelos danos que os Visitantes e Utilizadores possam sofrer em resultado da utiliza\u00e7\u00e3o do website quando tais danos sejam imput\u00e1veis a conduta dolosa desta empresa.<\/p>\n<p>Os Utilizadores e Visitantes reconhecem e aceitam que a utiliza\u00e7\u00e3o do Site, bem como a presta\u00e7\u00e3o dos servi\u00e7os nele oferecidos, \u00e9 realizada por sua conta e risco e inteira responsabilidade.<\/p>\n<p>A Smile and Learn n\u00e3o se responsabiliza por quaisquer danos que possam decorrer, com car\u00e1cter meramente ilustrativo e n\u00e3o limitativo (i) Interfer\u00eancias, omiss\u00f5es, interrup\u00e7\u00f5es, v\u00edrus inform\u00e1ticos, avarias e\/ou desconex\u00f5es no funcionamento deste sistema eletr\u00f3nico ou nos dispositivos e equipamentos inform\u00e1ticos de quem acede ao Website, por causas alheias \u00e0 Smile and Learn, que impe\u00e7am ou atrasar a presta\u00e7\u00e3o de servi\u00e7os ou a navega\u00e7\u00e3o pelo Sistema; (ii) Atrasos ou bloqueios de utiliza\u00e7\u00e3o causados por defici\u00eancias ou sobrecargas da Internet ou de outros sistemas eletr\u00f3nicos; (iii) Que possam ser causados por terceiros atrav\u00e9s de interfer\u00eancias il\u00edcitas alheias ao controlo do Website e que n\u00e3o sejam imput\u00e1veis \u00e0 Smile and Learn; (iv) Da impossibilidade de prestar o Servi\u00e7o ou permitir o acesso por motivos n\u00e3o imput\u00e1veis \u00e0 Smile and Learn, devidos ao Utilizador, a terceiros, ou a casos de for\u00e7a maior.<\/p>\n<p>A Smile and Learn n\u00e3o controla, em geral, a utiliza\u00e7\u00e3o que os Utilizadores e\/ou Visitantes fazem do Website. Em particular, n\u00e3o se garante em caso algum que os Utilizadores e\/ou Visitantes utilizem o Site em conformidade com a lei, as presentes Condi\u00e7\u00f5es Legais, a moral e os bons costumes geralmente aceites e a ordem p\u00fablica, nem que o fa\u00e7am de forma diligente e prudente.<\/p>\n<p>A Smile and Learn exclui qualquer responsabilidade por danos e preju\u00edzos de qualquer natureza que possam decorrer da falta de veracidade, exatid\u00e3o, integridade e\/ou atualidade dos Servi\u00e7os transmitidos, divulgados, armazenados, disponibilizados ou recebidos, obtidos ou aos quais tenham acedido atrav\u00e9s do Site, bem como os Servi\u00e7os prestados ou oferecidos por terceiros ou entidades. A Smile and Learn tentar\u00e1 na medida do poss\u00edvel atualizar e retificar a informa\u00e7\u00e3o alojada no seu Website que n\u00e3o re\u00fana as garantias m\u00ednimas de veracidade. No entanto, ficar\u00e1 exonerado da responsabilidade pela sua n\u00e3o atualiza\u00e7\u00e3o ou retifica\u00e7\u00e3o, bem como pelos conte\u00fados e informa\u00e7\u00f5es nele contidos. Neste sentido, a Smile and Learn n\u00e3o tem obriga\u00e7\u00e3o de controlar e n\u00e3o controla os conte\u00fados transmitidos, divulgados ou disponibilizados a terceiros pelos Utilizadores ou colaboradores, exceto nos casos em que exigido pela legisla\u00e7\u00e3o em vigor ou quando exigido por uma Autoridade.<\/p>\n<p>A Smile and Learn n\u00e3o se responsabiliza pela utiliza\u00e7\u00e3o que o Utilizador fizer dos Servi\u00e7os do Site ou das suas palavras-passe, bem como de qualquer outro material nele contido, infringindo direitos de propriedade intelectual ou industrial ou quaisquer outros direitos de terceiros.<\/p>\n<p>O Usu\u00e1rio se compromete a isentar a Smile and Learn de qualquer dano, perda, san\u00e7\u00e3o, despesa (incluindo, sem limita\u00e7\u00e3o, honor\u00e1rios advocat\u00edcios) ou responsabilidade civil, administrativa ou de qualquer outro tipo que a Smile and Learn venha a sofrer. ou cumprimento parcial ou defeituoso por sua parte do estabelecido nestas Condi\u00e7\u00f5es Legais ou na legisla\u00e7\u00e3o aplic\u00e1vel e, especialmente, em rela\u00e7\u00e3o \u00e0s suas obriga\u00e7\u00f5es relacionadas com a prote\u00e7\u00e3o de dados pessoais inclu\u00eddas nestas condi\u00e7\u00f5es ou estabelecidas no Regulamento (UE) 2016 \/679 Prote\u00e7\u00e3o Geral de Dados, Lei Org\u00e2nica 3\/2018 sobre Prote\u00e7\u00e3o de Dados Pessoais e garantia de direitos digitais e outras regulamenta\u00e7\u00f5es aplic\u00e1veis.<\/p>\n<p><strong>6.- Obriga\u00e7\u00f5es dos Visitantes e Usu\u00e1rios.<\/strong><\/p>\n<p>Em geral, os Visitantes e Utilizadores comprometem-se a cumprir o disposto nas presentes Condi\u00e7\u00f5es Legais de Utiliza\u00e7\u00e3o que lhes possam ser aplic\u00e1veis, bem como a cumprir os avisos especiais ou instru\u00e7\u00f5es de utiliza\u00e7\u00e3o nelas contidas ou no Sorria e Aprenda e a agir sempre de acordo com o a lei, os bons costumes e os requisitos da boa f\u00e9, utilizando a dilig\u00eancia adequada \u00e0 natureza do servi\u00e7o de que usufrua, abstendo-se de utilizar o Site de qualquer forma que possa impedir, danificar ou deteriorar o normal funcionamento do mesmo, dos bens ou direitos da Smile and Learn, dos seus fornecedores, dos restantes Visitantes e\/ou Utilizadores ou em geral de terceiros.<\/p>\n<p>Especificamente, e sem que isso implique qualquer restri\u00e7\u00e3o \u00e0 obriga\u00e7\u00e3o assumida pelo Usu\u00e1rio e\/ou Usu\u00e1rio em geral de acordo com a se\u00e7\u00e3o anterior, o Usu\u00e1rio e\/ou Usu\u00e1rio concorda, no uso do Site, bem como na presta\u00e7\u00e3o de servi\u00e7os para: (i) fornecer os dados com veracidade e mant\u00ea-los atualizados; (ii) N\u00e3o introduzir, armazenar ou divulgar no ou a partir do Site, qualquer informa\u00e7\u00e3o ou material que seja difamat\u00f3rio, insultuoso, obsceno, amea\u00e7ador, xen\u00f3fobo, incite \u00e0 viol\u00eancia ou discrimina\u00e7\u00e3o com base em ra\u00e7a, sexo, ideologia, religi\u00e3o ou que de qualquer forma atente contra a moral, a ordem p\u00fablica, os direitos fundamentais, as liberdades p\u00fablicas, a honra, a vida privada ou a imagem de terceiros e em geral as normas vigentes; (iii) N\u00e3o introduzir, armazenar ou divulgar atrav\u00e9s do Site qualquer programa de computador, dados, v\u00edrus, c\u00f3digo, hardware ou equipamento de telecomunica\u00e7\u00f5es ou qualquer outro instrumento ou dispositivo eletr\u00f4nico ou f\u00edsico que seja suscept\u00edvel de causar danos ao Site, em qualquer um dos Servi\u00e7os, ou em qualquer um dos equipamentos, sistemas ou redes da Smile and Learn de qualquer Usu\u00e1rio e\/ou Usu\u00e1rio, dos provedores da Smile and Learn ou em geral de terceiros, ou que de qualquer outra forma seja capaz de causar qualquer tipo de altera\u00e7\u00e3o ou impedimento de seu normal funcionamento; (iv) guardar adequadamente o \u201cendere\u00e7o de correio eletr\u00f3nico\u201d e a \u201csenha\u201d que s\u00e3o fornecidos \u00e0 Smile and Learn pelos Utilizadores, como elementos identificadores e facilitadores do acesso aos diferentes servi\u00e7os oferecidos no Website, comprometendo-se a n\u00e3o ceder a sua utiliza\u00e7\u00e3o ou permitir o acesso a eles por terceiros, assumindo a responsabilidade pelos danos que possam decorrer do uso indevido dos mesmos. Da mesma forma, o Utilizador compromete-se a comunicar \u00e0 Smile and Learn, com a maior brevidade poss\u00edvel, a sua perda ou roubo, bem como qualquer risco de acesso ao endere\u00e7o de &#8220;email&#8221; e\/ou \u00e0 &#8220;Senha&#8221; por terceiros; (v) N\u00e3o realizar atividades publicit\u00e1rias, promocionais ou de explora\u00e7\u00e3o comercial atrav\u00e9s do Site, n\u00e3o utilizando os conte\u00fados e, em particular, as informa\u00e7\u00f5es obtidas atrav\u00e9s do Site para enviar publicidade, enviar mensagens para fins de venda direta ou para qualquer outro fim comercial, nem para coletar ou armazenar dados pessoais de terceiros; (vi) N\u00e3o usar identidades falsas, ou personificar a identidade de outras pessoas no uso do Site ou de qualquer um dos servi\u00e7os do Site, incluindo o uso, quando apropriado, de senhas ou c\u00f3digos de acesso de terceiros ou de qualquer outra forma; (vii) N\u00e3o destruir, alterar, utilizar para uso pr\u00f3prio, inutilizar ou danificar os dados, informa\u00e7\u00f5es, programas ou documentos eletr\u00f4nicos da Smile and Learn, seus fornecedores ou terceiros; (viii) N\u00e3o introduzir, armazenar ou divulgar atrav\u00e9s do Site qualquer conte\u00fado que viole os direitos de propriedade intelectual ou industrial ou segredos comerciais de terceiros, ou em geral qualquer conte\u00fado do qual n\u00e3o detenha, nos termos da lei, o direito para disponibiliz\u00e1-lo. fornecimento de terceiros.<\/p>\n<p><strong>7.- Links para outros sites.<\/strong><\/p>\n<p>A Smile and Learn n\u00e3o garante ou assume qualquer tipo de responsabilidade pelos danos e preju\u00edzos sofridos pelo acesso a Servi\u00e7os de terceiros atrav\u00e9s de conex\u00f5es, links ou links dos sites vinculados ou pela exatid\u00e3o ou confiabilidade dos mesmos. A Smile and Learn n\u00e3o ser\u00e1 de forma alguma respons\u00e1vel pelos resultados obtidos atrav\u00e9s dos referidos links ou pelas consequ\u00eancias derivadas do acesso dos Utilizadores aos mesmos. Esses Servi\u00e7os de Terceiros s\u00e3o fornecidos por eles, portanto, a Smile and Learn n\u00e3o pode e n\u00e3o controla a legalidade dos Servi\u00e7os ou sua qualidade. Consequentemente, o Usu\u00e1rio deve exercer extrema prud\u00eancia na avalia\u00e7\u00e3o e utiliza\u00e7\u00e3o das informa\u00e7\u00f5es e servi\u00e7os existentes nos conte\u00fados de terceiros.<\/p>\n<p><strong>8.- Comunica\u00e7\u00f5es.<\/strong><\/p>\n<p>Para efeitos das presentes Condi\u00e7\u00f5es Legais, bem como das espec\u00edficas estabelecidas nas Condi\u00e7\u00f5es Contratuais, e para qualquer comunica\u00e7\u00e3o que se fa\u00e7a necess\u00e1ria entre a Smile and Learn e o Utilizador e\/ou Utilizador, estes dever\u00e3o contactar o Departamento de Apoio ao Cliente atrav\u00e9s do correio eletr\u00f3nico, enviou uma mensagem para info@smileandlearn.com<\/p>\n<p>As comunica\u00e7\u00f5es da Smile and Learn ao Utilizador ser\u00e3o efetuadas de acordo com os dados fornecidos pelo Utilizador aquando do registo na Smile and Learn.<\/p>\n<p>O Utilizador aceita expressamente a utiliza\u00e7\u00e3o do correio eletr\u00f3nico como procedimento v\u00e1lido de envio de tais comunica\u00e7\u00f5es para todas as comunica\u00e7\u00f5es relacionadas com a utiliza\u00e7\u00e3o do Site, e\/ou contrata\u00e7\u00e3o dos servi\u00e7os nele oferecidos.<\/p>\n<p><strong>9.- Lei aplic\u00e1vel e jurisdi\u00e7\u00e3o.<\/strong><\/p>\n<p>Para quaisquer quest\u00f5es interpretativas ou litigiosas que possam surgir, aplicar-se-\u00e1 a legisla\u00e7\u00e3o espanhola e, em caso de controv\u00e9rsia, ambas as partes concordam em submeter-se, com ren\u00fancia a qualquer outro foro que lhes corresponda, \u00e0 jurisdi\u00e7\u00e3o dos Ju\u00edzos e Tribunais da cidade de Madrid.<\/p>\n<p>\u00a9Smile and Learn Digital Creations, S.L. 2018<\/p>\t\t\t\t\t\t\t\t<\/div>\n\t\t\t\t<\/div>\n\t\t\t\t\t<\/div>\n\t\t\t\t<\/div>\n\t\t\t\t<\/div>\n\t\t","protected":false},"excerpt":{"rendered":"<p>1.- Propriedade do site. http:\/\/smileandlearn.com\/es\/ (doravante, Smile and Learn) \u00e9 propriedade exclusiva da Smile and Learn Digital Creations, S.L. com endere\u00e7o em Ronda de Sobradiel 16-B, 28043 Madrid e com CIF B86731791 coloca estas condi\u00e7\u00f5es \u00e0 disposi\u00e7\u00e3o das pessoas que acessam seu site para fornecer-lhes informa\u00e7\u00f5es sobre seus pr\u00f3prios servi\u00e7os e\/ou colaboradores terceirizados e para [&hellip;]<\/p>\n","protected":false},"author":3,"featured_media":0,"parent":0,"menu_order":0,"comment_status":"closed","ping_status":"closed","template":"","meta":{"content-type":"","footnotes":""},"class_list":["post-10942","page","type-page","status-publish","hentry"],"_links":{"self":[{"href":"https:\/\/www.smileandlearn.com\/pt-pt\/wp-json\/wp\/v2\/pages\/10942","targetHints":{"allow":["GET"]}}],"collection":[{"href":"https:\/\/www.smileandlearn.com\/pt-pt\/wp-json\/wp\/v2\/pages"}],"about":[{"href":"https:\/\/www.smileandlearn.com\/pt-pt\/wp-json\/wp\/v2\/types\/page"}],"author":[{"embeddable":true,"href":"https:\/\/www.smileandlearn.com\/pt-pt\/wp-json\/wp\/v2\/users\/3"}],"replies":[{"embeddable":true,"href":"https:\/\/www.smileandlearn.com\/pt-pt\/wp-json\/wp\/v2\/comments?post=10942"}],"version-history":[{"count":0,"href":"https:\/\/www.smileandlearn.com\/pt-pt\/wp-json\/wp\/v2\/pages\/10942\/revisions"}],"wp:attachment":[{"href":"https:\/\/www.smileandlearn.com\/pt-pt\/wp-json\/wp\/v2\/media?parent=10942"}],"curies":[{"name":"wp","href":"https:\/\/api.w.org\/{rel}","templated":true}]}}