{"id":10967,"date":"2023-02-24T13:24:20","date_gmt":"2023-02-24T12:24:20","guid":{"rendered":"https:\/\/www.smileandlearn.com\/escolha-a-opcao-que-mais-lhe-convem\/"},"modified":"2024-05-13T13:05:43","modified_gmt":"2024-05-13T11:05:43","slug":"escolha-a-opcao-que-mais-lhe-convem","status":"publish","type":"page","link":"https:\/\/www.smileandlearn.com\/pt-pt\/escolha-a-opcao-que-mais-lhe-convem\/","title":{"rendered":"Escolha a op\u00e7\u00e3o que mais lhe conv\u00e9m"},"content":{"rendered":"\t\t<div data-elementor-type=\"wp-page\" data-elementor-id=\"10967\" class=\"elementor elementor-10967 elementor-977\" data-elementor-post-type=\"page\">\n\t\t\t\t<div class=\"elementor-element elementor-element-2aa345e e-con-full e-flex e-con e-parent\" data-id=\"2aa345e\" data-element_type=\"container\" data-e-type=\"container\">\n\t\t\t\t<div class=\"elementor-element elementor-element-d16bea8 elementor-widget elementor-widget-image\" data-id=\"d16bea8\" data-element_type=\"widget\" data-e-type=\"widget\" data-widget_type=\"image.default\">\n\t\t\t\t<div class=\"elementor-widget-container\">\n\t\t\t\t\t\t\t\t\t\t\t\t\t\t\t<img decoding=\"async\" width=\"260\" height=\"60\" src=\"https:\/\/www.smileandlearn.com\/wp-content\/uploads\/2023\/02\/Circulos.svg\" class=\"attachment-full size-full wp-image-8705\" alt=\"\" \/>\t\t\t\t\t\t\t\t\t\t\t\t\t\t\t<\/div>\n\t\t\t\t<\/div>\n\t\t<div class=\"elementor-element elementor-element-3f92733 e-flex e-con-boxed e-con e-child\" data-id=\"3f92733\" data-element_type=\"container\" data-e-type=\"container\">\n\t\t\t\t\t<div class=\"e-con-inner\">\n\t\t\t\t<div class=\"elementor-element elementor-element-525c423 elementor-widget elementor-widget-heading\" data-id=\"525c423\" data-element_type=\"widget\" data-e-type=\"widget\" data-widget_type=\"heading.default\">\n\t\t\t\t<div class=\"elementor-widget-container\">\n\t\t\t\t\t<h1 class=\"elementor-heading-title elementor-size-default\">Escolha a op\u00e7\u00e3o que mais lhe conv\u00e9m <\/h1>\t\t\t\t<\/div>\n\t\t\t\t<\/div>\n\t\t\t\t<div class=\"elementor-element elementor-element-505f0d7 elementor-widget elementor-widget-image\" data-id=\"505f0d7\" data-element_type=\"widget\" data-e-type=\"widget\" data-widget_type=\"image.default\">\n\t\t\t\t<div class=\"elementor-widget-container\">\n\t\t\t\t\t\t\t\t\t\t\t\t\t\t\t<img decoding=\"async\" width=\"42\" height=\"117\" src=\"https:\/\/www.smileandlearn.com\/wp-content\/uploads\/2023\/02\/Flecha-naranja.svg\" class=\"attachment-full size-full wp-image-8718\" alt=\"\" \/>\t\t\t\t\t\t\t\t\t\t\t\t\t\t\t<\/div>\n\t\t\t\t<\/div>\n\t\t\t\t\t<\/div>\n\t\t\t\t<\/div>\n\t\t\t\t<\/div>\n\t\t<div class=\"elementor-element elementor-element-09b990f e-flex e-con-boxed e-con e-parent\" data-id=\"09b990f\" data-element_type=\"container\" data-e-type=\"container\">\n\t\t\t\t\t<div class=\"e-con-inner\">\n\t\t<div class=\"elementor-element elementor-element-4d6e581 e-con-full e-flex e-con e-child\" data-id=\"4d6e581\" data-element_type=\"container\" data-e-type=\"container\" data-settings=\"{&quot;background_background&quot;:&quot;classic&quot;}\">\n\t\t\t\t<div class=\"elementor-element elementor-element-4dabc33 elementor-widget elementor-widget-heading\" data-id=\"4dabc33\" data-element_type=\"widget\" data-e-type=\"widget\" data-widget_type=\"heading.default\">\n\t\t\t\t<div class=\"elementor-widget-container\">\n\t\t\t\t\t<h2 class=\"elementor-heading-title elementor-size-default\">Trabalho em <br>\num col\u00e9gio<\/h2>\t\t\t\t<\/div>\n\t\t\t\t<\/div>\n\t\t\t\t<div class=\"elementor-element elementor-element-7501d3e elementor-widget elementor-widget-image\" data-id=\"7501d3e\" data-element_type=\"widget\" data-e-type=\"widget\" data-widget_type=\"image.default\">\n\t\t\t\t<div class=\"elementor-widget-container\">\n\t\t\t\t\t\t\t\t\t\t\t\t\t\t\t<img fetchpriority=\"high\" decoding=\"async\" width=\"624\" height=\"410\" src=\"https:\/\/www.smileandlearn.com\/wp-content\/uploads\/2023\/02\/Foto-portado-Colegios.jpg\" class=\"attachment-full size-full wp-image-8719\" alt=\"Portado Colegios\" srcset=\"https:\/\/www.smileandlearn.com\/wp-content\/uploads\/2023\/02\/Foto-portado-Colegios.jpg 624w, https:\/\/www.smileandlearn.com\/wp-content\/uploads\/2023\/02\/Foto-portado-Colegios-300x197.jpg 300w\" sizes=\"(max-width: 624px) 100vw, 624px\" \/>\t\t\t\t\t\t\t\t\t\t\t\t\t\t\t<\/div>\n\t\t\t\t<\/div>\n\t\t\t\t<div class=\"elementor-element elementor-element-35a2f85 elementor-widget elementor-widget-text-editor\" data-id=\"35a2f85\" data-element_type=\"widget\" data-e-type=\"widget\" data-widget_type=\"text-editor.default\">\n\t\t\t\t<div class=\"elementor-widget-container\">\n\t\t\t\t\t\t\t\t\t<p>Desenvolvido por educadores, a Smile and Learn \u00e9 a plataforma ideal para escolas. Learning analytics, gest\u00e3o avan\u00e7ada de grupos, personaliza\u00e7\u00e3o&#8230; Descubra tudo o que a Smile and Learn pode fazer pelo seu centro para que as aulas sejam mais divertidas do que nunca.<\/p>\t\t\t\t\t\t\t\t<\/div>\n\t\t\t\t<\/div>\n\t\t\t\t<div class=\"elementor-element elementor-element-18f2d66 elementor-align-justify elementor-widget elementor-widget-button\" data-id=\"18f2d66\" data-element_type=\"widget\" data-e-type=\"widget\" data-widget_type=\"button.default\">\n\t\t\t\t<div class=\"elementor-widget-container\">\n\t\t\t\t\t\t\t\t\t<div class=\"elementor-button-wrapper\">\n\t\t\t\t\t<a class=\"elementor-button elementor-button-link elementor-size-md\" href=\"https:\/\/www.smileandlearn.com\/pt-pt\/como-comecar-a-aprender\/\">\n\t\t\t\t\t\t<span class=\"elementor-button-content-wrapper\">\n\t\t\t\t\t\t\t\t\t<span class=\"elementor-button-text\">Solicite uma demonstra\u00e7\u00e3o.<\/span>\n\t\t\t\t\t<\/span>\n\t\t\t\t\t<\/a>\n\t\t\t\t<\/div>\n\t\t\t\t\t\t\t\t<\/div>\n\t\t\t\t<\/div>\n\t\t\t\t<div class=\"elementor-element elementor-element-8214d32 elementor-widget elementor-widget-text-editor\" data-id=\"8214d32\" data-element_type=\"widget\" data-e-type=\"widget\" data-widget_type=\"text-editor.default\">\n\t\t\t\t<div class=\"elementor-widget-container\">\n\t\t\t\t\t\t\t\t\t<p><a style=\"color: white;\" href=\"https:\/\/www.smileandlearn.com\/pt-pt\/escolas\/\">Voc\u00ea quer saber mais?<\/a><\/p>\n\t\t\t\t\t\t\t\t<\/div>\n\t\t\t\t<\/div>\n\t\t\t\t<div class=\"elementor-element elementor-element-da83633 elementor-widget-divider--view-line elementor-widget elementor-widget-divider\" data-id=\"da83633\" data-element_type=\"widget\" data-e-type=\"widget\" data-widget_type=\"divider.default\">\n\t\t\t\t<div class=\"elementor-widget-container\">\n\t\t\t\t\t\t\t<div class=\"elementor-divider\">\n\t\t\t<span class=\"elementor-divider-separator\">\n\t\t\t\t\t\t<\/span>\n\t\t<\/div>\n\t\t\t\t\t\t<\/div>\n\t\t\t\t<\/div>\n\t\t\t\t<\/div>\n\t\t<div class=\"elementor-element elementor-element-a85c79d e-con-full e-flex e-con e-child\" data-id=\"a85c79d\" data-element_type=\"container\" data-e-type=\"container\">\n\t\t\t\t<\/div>\n\t\t<div class=\"elementor-element elementor-element-32b6bda e-con-full e-flex e-con e-child\" data-id=\"32b6bda\" data-element_type=\"container\" data-e-type=\"container\" data-settings=\"{&quot;background_background&quot;:&quot;classic&quot;}\">\n\t\t\t\t<div class=\"elementor-element elementor-element-6dfdc66 elementor-widget elementor-widget-heading\" data-id=\"6dfdc66\" data-element_type=\"widget\" data-e-type=\"widget\" data-widget_type=\"heading.default\">\n\t\t\t\t<div class=\"elementor-widget-container\">\n\t\t\t\t\t<h2 class=\"elementor-heading-title elementor-size-default\">Eu quero isso para <br>\nminha fam\u00edlia<\/h2>\t\t\t\t<\/div>\n\t\t\t\t<\/div>\n\t\t\t\t<div class=\"elementor-element elementor-element-5adc6de elementor-widget elementor-widget-image\" data-id=\"5adc6de\" data-element_type=\"widget\" data-e-type=\"widget\" data-widget_type=\"image.default\">\n\t\t\t\t<div class=\"elementor-widget-container\">\n\t\t\t\t\t\t\t\t\t\t\t\t\t\t\t<img loading=\"lazy\" decoding=\"async\" width=\"624\" height=\"410\" src=\"https:\/\/www.smileandlearn.com\/wp-content\/uploads\/2023\/02\/Familias.jpg\" class=\"attachment-full size-full wp-image-8720\" alt=\"Familias\" srcset=\"https:\/\/www.smileandlearn.com\/wp-content\/uploads\/2023\/02\/Familias.jpg 624w, https:\/\/www.smileandlearn.com\/wp-content\/uploads\/2023\/02\/Familias-300x197.jpg 300w\" sizes=\"(max-width: 624px) 100vw, 624px\" \/>\t\t\t\t\t\t\t\t\t\t\t\t\t\t\t<\/div>\n\t\t\t\t<\/div>\n\t\t\t\t<div class=\"elementor-element elementor-element-50e994c elementor-widget elementor-widget-text-editor\" data-id=\"50e994c\" data-element_type=\"widget\" data-e-type=\"widget\" data-widget_type=\"text-editor.default\">\n\t\t\t\t<div class=\"elementor-widget-container\">\n\t\t\t\t\t\t\t\t\t<p>Descubra as mais de 12.000 atividades interativas com as quais <span style=\"font-weight: 400;\">as crian\u00e7as <\/span>aprender\u00e3o enquanto se divertem. Desde o refor\u00e7o do conte\u00fado que veem nas aulas at\u00e9 o desenvolvimento de novas habilidades, como linguagens ou programa\u00e7\u00e3o. Uma \u00fanica assinatura atende at\u00e9 cinco usu\u00e1rios diferentes. O primeiro m\u00eas \u00e9 gr\u00e1tis!<\/p>\t\t\t\t\t\t\t\t<\/div>\n\t\t\t\t<\/div>\n\t\t\t\t<div class=\"elementor-element elementor-element-64d1d0c elementor-align-justify elementor-widget elementor-widget-button\" data-id=\"64d1d0c\" data-element_type=\"widget\" data-e-type=\"widget\" data-widget_type=\"button.default\">\n\t\t\t\t<div class=\"elementor-widget-container\">\n\t\t\t\t\t\t\t\t\t<div class=\"elementor-button-wrapper\">\n\t\t\t\t\t<a class=\"elementor-button elementor-button-link elementor-size-md\" href=\"https:\/\/pro.services.smileandlearn.net\/payments\/v1\/get\/payments\/pt\" target=\"_blank\" rel=\"nofollow noopener\">\n\t\t\t\t\t\t<span class=\"elementor-button-content-wrapper\">\n\t\t\t\t\t\t\t\t\t<span class=\"elementor-button-text\">Experimente de gra\u00e7a!<\/span>\n\t\t\t\t\t<\/span>\n\t\t\t\t\t<\/a>\n\t\t\t\t<\/div>\n\t\t\t\t\t\t\t\t<\/div>\n\t\t\t\t<\/div>\n\t\t\t\t<div class=\"elementor-element elementor-element-c09a38d elementor-widget elementor-widget-text-editor\" data-id=\"c09a38d\" data-element_type=\"widget\" data-e-type=\"widget\" data-widget_type=\"text-editor.default\">\n\t\t\t\t<div class=\"elementor-widget-container\">\n\t\t\t\t\t\t\t\t\t<p><a style=\"color: white;\" href=\"https:\/\/www.smileandlearn.com\/familias\/\">Voc\u00ea quer saber mais?<\/a><\/p>\n\t\t\t\t\t\t\t\t<\/div>\n\t\t\t\t<\/div>\n\t\t\t\t<div class=\"elementor-element elementor-element-c1a60f1 elementor-widget-divider--view-line elementor-widget elementor-widget-divider\" data-id=\"c1a60f1\" data-element_type=\"widget\" data-e-type=\"widget\" data-widget_type=\"divider.default\">\n\t\t\t\t<div class=\"elementor-widget-container\">\n\t\t\t\t\t\t\t<div class=\"elementor-divider\">\n\t\t\t<span class=\"elementor-divider-separator\">\n\t\t\t\t\t\t<\/span>\n\t\t<\/div>\n\t\t\t\t\t\t<\/div>\n\t\t\t\t<\/div>\n\t\t\t\t<\/div>\n\t\t\t\t\t<\/div>\n\t\t\t\t<\/div>\n\t\t<div class=\"elementor-element elementor-element-b7f6475 e-flex e-con-boxed e-con e-parent\" data-id=\"b7f6475\" data-element_type=\"container\" data-e-type=\"container\">\n\t\t\t\t\t<div class=\"e-con-inner\">\n\t\t\t\t<div class=\"elementor-element elementor-element-adea72d elementor-widget elementor-widget-image\" data-id=\"adea72d\" data-element_type=\"widget\" data-e-type=\"widget\" data-widget_type=\"image.default\">\n\t\t\t\t<div class=\"elementor-widget-container\">\n\t\t\t\t\t\t\t\t\t\t\t\t\t\t\t<img loading=\"lazy\" decoding=\"async\" width=\"286\" height=\"31\" src=\"https:\/\/www.smileandlearn.com\/wp-content\/uploads\/2023\/02\/Lineas-invertidas.svg\" class=\"attachment-full size-full wp-image-8721\" alt=\"\" \/>\t\t\t\t\t\t\t\t\t\t\t\t\t\t\t<\/div>\n\t\t\t\t<\/div>\n\t\t\t\t\t<\/div>\n\t\t\t\t<\/div>\n\t\t\t\t<\/div>\n\t\t","protected":false},"excerpt":{"rendered":"<p>Escolha a op\u00e7\u00e3o que mais lhe conv\u00e9m Trabalho em um col\u00e9gio Desenvolvido por educadores, a Smile and Learn \u00e9 a plataforma ideal para escolas. Learning analytics, gest\u00e3o avan\u00e7ada de grupos, personaliza\u00e7\u00e3o&#8230; Descubra tudo o que a Smile and Learn pode fazer pelo seu centro para que as aulas sejam mais divertidas do que nunca. Solicite [&hellip;]<\/p>\n","protected":false},"author":3,"featured_media":0,"parent":0,"menu_order":0,"comment_status":"closed","ping_status":"closed","template":"","meta":{"content-type":"","footnotes":""},"class_list":["post-10967","page","type-page","status-publish","hentry"],"_links":{"self":[{"href":"https:\/\/www.smileandlearn.com\/pt-pt\/wp-json\/wp\/v2\/pages\/10967","targetHints":{"allow":["GET"]}}],"collection":[{"href":"https:\/\/www.smileandlearn.com\/pt-pt\/wp-json\/wp\/v2\/pages"}],"about":[{"href":"https:\/\/www.smileandlearn.com\/pt-pt\/wp-json\/wp\/v2\/types\/page"}],"author":[{"embeddable":true,"href":"https:\/\/www.smileandlearn.com\/pt-pt\/wp-json\/wp\/v2\/users\/3"}],"replies":[{"embeddable":true,"href":"https:\/\/www.smileandlearn.com\/pt-pt\/wp-json\/wp\/v2\/comments?post=10967"}],"version-history":[{"count":0,"href":"https:\/\/www.smileandlearn.com\/pt-pt\/wp-json\/wp\/v2\/pages\/10967\/revisions"}],"wp:attachment":[{"href":"https:\/\/www.smileandlearn.com\/pt-pt\/wp-json\/wp\/v2\/media?parent=10967"}],"curies":[{"name":"wp","href":"https:\/\/api.w.org\/{rel}","templated":true}]}}