{"id":11037,"date":"2023-03-10T16:33:07","date_gmt":"2023-03-10T15:33:07","guid":{"rendered":"https:\/\/www.smileandlearn.com\/licenciamento-de-video\/videos-de-lingua\/videos-de-vocabulario-para-criancas\/"},"modified":"2023-06-21T13:46:36","modified_gmt":"2023-06-21T11:46:36","slug":"videos-de-vocabulario-para-criancas","status":"publish","type":"page","link":"https:\/\/www.smileandlearn.com\/pt-pt\/licenciamento-de-video\/videos-de-lingua\/videos-de-vocabulario-para-criancas\/","title":{"rendered":"V\u00eddeos de vocabul\u00e1rio para crian\u00e7as"},"content":{"rendered":"\t\t<div data-elementor-type=\"wp-page\" data-elementor-id=\"11037\" class=\"elementor elementor-11037 elementor-3098\" data-elementor-post-type=\"page\">\n\t\t\t\t<div class=\"elementor-element elementor-element-c45cac6 e-flex e-con-boxed e-con e-parent\" data-id=\"c45cac6\" data-element_type=\"container\" data-e-type=\"container\" data-settings=\"{&quot;background_background&quot;:&quot;classic&quot;}\">\n\t\t\t\t\t<div class=\"e-con-inner\">\n\t\t\t\t<div class=\"elementor-element elementor-element-6bea19c elementor-widget elementor-widget-heading\" data-id=\"6bea19c\" data-element_type=\"widget\" data-e-type=\"widget\" data-widget_type=\"heading.default\">\n\t\t\t\t<div class=\"elementor-widget-container\">\n\t\t\t\t\t<h1 class=\"elementor-heading-title elementor-size-default\">Vocabul\u00e1rio<\/h1>\t\t\t\t<\/div>\n\t\t\t\t<\/div>\n\t\t\t\t<div class=\"elementor-element elementor-element-d03074f elementor-widget elementor-widget-text-editor\" data-id=\"d03074f\" data-element_type=\"widget\" data-e-type=\"widget\" data-widget_type=\"text-editor.default\">\n\t\t\t\t<div class=\"elementor-widget-container\">\n\t\t\t\t\t\t\t\t\t<p>V\u00eddeos educativos<\/p>\n\t\t\t\t\t\t\t\t<\/div>\n\t\t\t\t<\/div>\n\t\t\t\t\t<\/div>\n\t\t\t\t<\/div>\n\t\t<div class=\"elementor-element elementor-element-e28036b e-con-full e-flex e-con e-parent\" data-id=\"e28036b\" data-element_type=\"container\" data-e-type=\"container\" data-settings=\"{&quot;background_background&quot;:&quot;classic&quot;}\">\n\t\t\t\t<\/div>\n\t\t<div class=\"elementor-element elementor-element-c892aff e-con-full e-flex e-con e-parent\" data-id=\"c892aff\" data-element_type=\"container\" data-e-type=\"container\">\n\t\t\t\t<div class=\"elementor-element elementor-element-9b077dc elementor-widget-divider--view-line elementor-widget elementor-widget-divider\" data-id=\"9b077dc\" data-element_type=\"widget\" data-e-type=\"widget\" data-widget_type=\"divider.default\">\n\t\t\t\t<div class=\"elementor-widget-container\">\n\t\t\t\t\t\t\t<div class=\"elementor-divider\">\n\t\t\t<span class=\"elementor-divider-separator\">\n\t\t\t\t\t\t<\/span>\n\t\t<\/div>\n\t\t\t\t\t\t<\/div>\n\t\t\t\t<\/div>\n\t\t\t\t<\/div>\n\t\t\t\t<\/div>\n\t\t","protected":false},"excerpt":{"rendered":"<p>Vocabul\u00e1rio V\u00eddeos educativos Meios de transporte a\u00e9reos Meios de transporte aqu\u00e1ticos Transporte terrestre Roupa de ver\u00e3o Roupa de inverno O corpo humano A cabe\u00e7a Objetos dom\u00e9sticos O quarto O banheiro A cozinha As verduras A fruta<\/p>\n","protected":false},"author":3,"featured_media":0,"parent":11023,"menu_order":0,"comment_status":"closed","ping_status":"closed","template":"","meta":{"content-type":"","footnotes":""},"class_list":["post-11037","page","type-page","status-publish","hentry"],"_links":{"self":[{"href":"https:\/\/www.smileandlearn.com\/pt-pt\/wp-json\/wp\/v2\/pages\/11037","targetHints":{"allow":["GET"]}}],"collection":[{"href":"https:\/\/www.smileandlearn.com\/pt-pt\/wp-json\/wp\/v2\/pages"}],"about":[{"href":"https:\/\/www.smileandlearn.com\/pt-pt\/wp-json\/wp\/v2\/types\/page"}],"author":[{"embeddable":true,"href":"https:\/\/www.smileandlearn.com\/pt-pt\/wp-json\/wp\/v2\/users\/3"}],"replies":[{"embeddable":true,"href":"https:\/\/www.smileandlearn.com\/pt-pt\/wp-json\/wp\/v2\/comments?post=11037"}],"version-history":[{"count":0,"href":"https:\/\/www.smileandlearn.com\/pt-pt\/wp-json\/wp\/v2\/pages\/11037\/revisions"}],"up":[{"embeddable":true,"href":"https:\/\/www.smileandlearn.com\/pt-pt\/wp-json\/wp\/v2\/pages\/11023"}],"wp:attachment":[{"href":"https:\/\/www.smileandlearn.com\/pt-pt\/wp-json\/wp\/v2\/media?parent=11037"}],"curies":[{"name":"wp","href":"https:\/\/api.w.org\/{rel}","templated":true}]}}