{"id":11041,"date":"2023-03-10T15:04:52","date_gmt":"2023-03-10T14:04:52","guid":{"rendered":"https:\/\/www.smileandlearn.com\/licenciamento-de-video\/videos-de-lingua\/videos-para-educacao-infantil-e-rotinas\/"},"modified":"2023-06-21T13:34:32","modified_gmt":"2023-06-21T11:34:32","slug":"videos-para-educacao-infantil-e-rotinas","status":"publish","type":"page","link":"https:\/\/www.smileandlearn.com\/pt-pt\/licenciamento-de-video\/videos-de-lingua\/videos-para-educacao-infantil-e-rotinas\/","title":{"rendered":"V\u00eddeos para educa\u00e7\u00e3o infantil e rotinas"},"content":{"rendered":"\t\t<div data-elementor-type=\"wp-page\" data-elementor-id=\"11041\" class=\"elementor elementor-11041 elementor-3032\" data-elementor-post-type=\"page\">\n\t\t\t\t<div class=\"elementor-element elementor-element-afc7861 e-flex e-con-boxed e-con e-parent\" data-id=\"afc7861\" data-element_type=\"container\" data-e-type=\"container\" data-settings=\"{&quot;background_background&quot;:&quot;classic&quot;}\">\n\t\t\t\t\t<div class=\"e-con-inner\">\n\t\t\t\t<div class=\"elementor-element elementor-element-addbf18 elementor-widget elementor-widget-heading\" data-id=\"addbf18\" data-element_type=\"widget\" data-e-type=\"widget\" data-widget_type=\"heading.default\">\n\t\t\t\t<div class=\"elementor-widget-container\">\n\t\t\t\t\t<h1 class=\"elementor-heading-title elementor-size-default\">V\u00eddeos para educa\u00e7\u00e3o infantil<\/h1>\t\t\t\t<\/div>\n\t\t\t\t<\/div>\n\t\t\t\t<div class=\"elementor-element elementor-element-04d6980 elementor-widget elementor-widget-text-editor\" data-id=\"04d6980\" data-element_type=\"widget\" data-e-type=\"widget\" data-widget_type=\"text-editor.default\">\n\t\t\t\t<div class=\"elementor-widget-container\">\n\t\t\t\t\t\t\t\t\t<p>V\u00eddeos educativos<\/p>\n\t\t\t\t\t\t\t\t<\/div>\n\t\t\t\t<\/div>\n\t\t\t\t\t<\/div>\n\t\t\t\t<\/div>\n\t\t<div class=\"elementor-element elementor-element-38ebea8 e-con-full e-flex e-con e-parent\" data-id=\"38ebea8\" data-element_type=\"container\" data-e-type=\"container\" data-settings=\"{&quot;background_background&quot;:&quot;classic&quot;}\">\n\t\t\t\t<\/div>\n\t\t<div class=\"elementor-element elementor-element-445b69c e-con-full e-flex e-con e-parent\" data-id=\"445b69c\" data-element_type=\"container\" data-e-type=\"container\">\n\t\t\t\t<div class=\"elementor-element elementor-element-afdeb99 elementor-widget-divider--view-line elementor-widget elementor-widget-divider\" data-id=\"afdeb99\" data-element_type=\"widget\" data-e-type=\"widget\" data-widget_type=\"divider.default\">\n\t\t\t\t<div class=\"elementor-widget-container\">\n\t\t\t\t\t\t\t<div class=\"elementor-divider\">\n\t\t\t<span class=\"elementor-divider-separator\">\n\t\t\t\t\t\t<\/span>\n\t\t<\/div>\n\t\t\t\t\t\t<\/div>\n\t\t\t\t<\/div>\n\t\t\t\t<\/div>\n\t\t\t\t<\/div>\n\t\t","protected":false},"excerpt":{"rendered":"<p>V\u00eddeos para educa\u00e7\u00e3o infantil V\u00eddeos educativos Ana e sua fam\u00edlia Ana na escola Ana e sua primeira viagem<\/p>\n","protected":false},"author":3,"featured_media":0,"parent":11023,"menu_order":0,"comment_status":"closed","ping_status":"closed","template":"","meta":{"content-type":"","footnotes":""},"class_list":["post-11041","page","type-page","status-publish","hentry"],"_links":{"self":[{"href":"https:\/\/www.smileandlearn.com\/pt-pt\/wp-json\/wp\/v2\/pages\/11041","targetHints":{"allow":["GET"]}}],"collection":[{"href":"https:\/\/www.smileandlearn.com\/pt-pt\/wp-json\/wp\/v2\/pages"}],"about":[{"href":"https:\/\/www.smileandlearn.com\/pt-pt\/wp-json\/wp\/v2\/types\/page"}],"author":[{"embeddable":true,"href":"https:\/\/www.smileandlearn.com\/pt-pt\/wp-json\/wp\/v2\/users\/3"}],"replies":[{"embeddable":true,"href":"https:\/\/www.smileandlearn.com\/pt-pt\/wp-json\/wp\/v2\/comments?post=11041"}],"version-history":[{"count":0,"href":"https:\/\/www.smileandlearn.com\/pt-pt\/wp-json\/wp\/v2\/pages\/11041\/revisions"}],"up":[{"embeddable":true,"href":"https:\/\/www.smileandlearn.com\/pt-pt\/wp-json\/wp\/v2\/pages\/11023"}],"wp:attachment":[{"href":"https:\/\/www.smileandlearn.com\/pt-pt\/wp-json\/wp\/v2\/media?parent=11041"}],"curies":[{"name":"wp","href":"https:\/\/api.w.org\/{rel}","templated":true}]}}