{"id":11047,"date":"2023-03-13T13:06:20","date_gmt":"2023-03-13T12:06:20","guid":{"rendered":"https:\/\/www.smileandlearn.com\/licenciamento-de-video\/videos-de-matematica-para-criancas\/aprender-os-numeros\/"},"modified":"2023-06-21T13:54:49","modified_gmt":"2023-06-21T11:54:49","slug":"aprender-os-numeros","status":"publish","type":"page","link":"https:\/\/www.smileandlearn.com\/pt-pt\/licenciamento-de-video\/videos-de-matematica-para-criancas\/aprender-os-numeros\/","title":{"rendered":"Aprender os n\u00fameros"},"content":{"rendered":"\t\t<div data-elementor-type=\"wp-page\" data-elementor-id=\"11047\" class=\"elementor elementor-11047 elementor-3116\" data-elementor-post-type=\"page\">\n\t\t\t\t<div class=\"elementor-element elementor-element-6c3fcf7 e-flex e-con-boxed e-con e-parent\" data-id=\"6c3fcf7\" data-element_type=\"container\" data-e-type=\"container\" data-settings=\"{&quot;background_background&quot;:&quot;classic&quot;}\">\n\t\t\t\t\t<div class=\"e-con-inner\">\n\t\t\t\t<div class=\"elementor-element elementor-element-20856c8 elementor-widget elementor-widget-heading\" data-id=\"20856c8\" data-element_type=\"widget\" data-e-type=\"widget\" data-widget_type=\"heading.default\">\n\t\t\t\t<div class=\"elementor-widget-container\">\n\t\t\t\t\t<h1 class=\"elementor-heading-title elementor-size-default\">Os n\u00fameros<\/h1>\t\t\t\t<\/div>\n\t\t\t\t<\/div>\n\t\t\t\t<div class=\"elementor-element elementor-element-8f4a5d8 elementor-widget elementor-widget-text-editor\" data-id=\"8f4a5d8\" data-element_type=\"widget\" data-e-type=\"widget\" data-widget_type=\"text-editor.default\">\n\t\t\t\t<div class=\"elementor-widget-container\">\n\t\t\t\t\t\t\t\t\t<p>V\u00eddeos educativos<\/p>\n\t\t\t\t\t\t\t\t<\/div>\n\t\t\t\t<\/div>\n\t\t\t\t\t<\/div>\n\t\t\t\t<\/div>\n\t\t<div class=\"elementor-element elementor-element-62b7821 e-con-full e-flex e-con e-parent\" data-id=\"62b7821\" data-element_type=\"container\" data-e-type=\"container\" data-settings=\"{&quot;background_background&quot;:&quot;classic&quot;}\">\n\t\t\t\t<\/div>\n\t\t<div class=\"elementor-element elementor-element-8ddf0de e-con-full e-flex e-con e-parent\" data-id=\"8ddf0de\" data-element_type=\"container\" data-e-type=\"container\">\n\t\t\t\t<div class=\"elementor-element elementor-element-6da9113 elementor-widget-divider--view-line elementor-widget elementor-widget-divider\" data-id=\"6da9113\" data-element_type=\"widget\" data-e-type=\"widget\" data-widget_type=\"divider.default\">\n\t\t\t\t<div class=\"elementor-widget-container\">\n\t\t\t\t\t\t\t<div class=\"elementor-divider\">\n\t\t\t<span class=\"elementor-divider-separator\">\n\t\t\t\t\t\t<\/span>\n\t\t<\/div>\n\t\t\t\t\t\t<\/div>\n\t\t\t\t<\/div>\n\t\t\t\t<\/div>\n\t\t\t\t<\/div>\n\t\t","protected":false},"excerpt":{"rendered":"<p>Os n\u00fameros V\u00eddeos educativos N\u00famero 1 N\u00famero 2 N\u00famero 3 N\u00famero 4 N\u00famero 5 N\u00famero 6 N\u00famero 7 N\u00famero 8 N\u00famero 9 N\u00famero 10 Os n\u00fameros de 1 a 10 M\u00fasicas de n\u00fameros<\/p>\n","protected":false},"author":3,"featured_media":0,"parent":11043,"menu_order":0,"comment_status":"closed","ping_status":"closed","template":"","meta":{"content-type":"","footnotes":""},"class_list":["post-11047","page","type-page","status-publish","hentry"],"_links":{"self":[{"href":"https:\/\/www.smileandlearn.com\/pt-pt\/wp-json\/wp\/v2\/pages\/11047","targetHints":{"allow":["GET"]}}],"collection":[{"href":"https:\/\/www.smileandlearn.com\/pt-pt\/wp-json\/wp\/v2\/pages"}],"about":[{"href":"https:\/\/www.smileandlearn.com\/pt-pt\/wp-json\/wp\/v2\/types\/page"}],"author":[{"embeddable":true,"href":"https:\/\/www.smileandlearn.com\/pt-pt\/wp-json\/wp\/v2\/users\/3"}],"replies":[{"embeddable":true,"href":"https:\/\/www.smileandlearn.com\/pt-pt\/wp-json\/wp\/v2\/comments?post=11047"}],"version-history":[{"count":0,"href":"https:\/\/www.smileandlearn.com\/pt-pt\/wp-json\/wp\/v2\/pages\/11047\/revisions"}],"up":[{"embeddable":true,"href":"https:\/\/www.smileandlearn.com\/pt-pt\/wp-json\/wp\/v2\/pages\/11043"}],"wp:attachment":[{"href":"https:\/\/www.smileandlearn.com\/pt-pt\/wp-json\/wp\/v2\/media?parent=11047"}],"curies":[{"name":"wp","href":"https:\/\/api.w.org\/{rel}","templated":true}]}}