{"id":11069,"date":"2023-03-13T13:27:43","date_gmt":"2023-03-13T12:27:43","guid":{"rendered":"https:\/\/www.smileandlearn.com\/licenciamento-de-video\/videos-de-ioga-e-emocoes\/videos-de-ioga-e-relaxamento-para-criancas\/"},"modified":"2023-06-21T14:24:52","modified_gmt":"2023-06-21T12:24:52","slug":"videos-de-ioga-e-relaxamento-para-criancas","status":"publish","type":"page","link":"https:\/\/www.smileandlearn.com\/pt-pt\/licenciamento-de-video\/videos-de-ioga-e-emocoes\/videos-de-ioga-e-relaxamento-para-criancas\/","title":{"rendered":"V\u00eddeos de ioga e relaxamento para crian\u00e7as"},"content":{"rendered":"\t\t<div data-elementor-type=\"wp-page\" data-elementor-id=\"11069\" class=\"elementor elementor-11069 elementor-3149\" data-elementor-post-type=\"page\">\n\t\t\t\t<div class=\"elementor-element elementor-element-008a4d4 e-flex e-con-boxed e-con e-parent\" data-id=\"008a4d4\" data-element_type=\"container\" data-e-type=\"container\" data-settings=\"{&quot;background_background&quot;:&quot;classic&quot;}\">\n\t\t\t\t\t<div class=\"e-con-inner\">\n\t\t\t\t<div class=\"elementor-element elementor-element-6ae087c elementor-widget elementor-widget-heading\" data-id=\"6ae087c\" data-element_type=\"widget\" data-e-type=\"widget\" data-widget_type=\"heading.default\">\n\t\t\t\t<div class=\"elementor-widget-container\">\n\t\t\t\t\t<h1 class=\"elementor-heading-title elementor-size-default\">Yoga para crian\u00e7as<\/h1>\t\t\t\t<\/div>\n\t\t\t\t<\/div>\n\t\t\t\t<div class=\"elementor-element elementor-element-d536f57 elementor-widget elementor-widget-text-editor\" data-id=\"d536f57\" data-element_type=\"widget\" data-e-type=\"widget\" data-widget_type=\"text-editor.default\">\n\t\t\t\t<div class=\"elementor-widget-container\">\n\t\t\t\t\t\t\t\t\t<p>V\u00eddeos educativos<\/p>\n\t\t\t\t\t\t\t\t<\/div>\n\t\t\t\t<\/div>\n\t\t\t\t\t<\/div>\n\t\t\t\t<\/div>\n\t\t<div class=\"elementor-element elementor-element-4c064f1 e-con-full e-flex e-con e-parent\" data-id=\"4c064f1\" data-element_type=\"container\" data-e-type=\"container\" data-settings=\"{&quot;background_background&quot;:&quot;classic&quot;}\">\n\t\t\t\t<div class=\"elementor-element elementor-element-1f83322 elementor-widget elementor-widget-heading\" data-id=\"1f83322\" data-element_type=\"widget\" data-e-type=\"widget\" data-widget_type=\"heading.default\">\n\t\t\t\t<div class=\"elementor-widget-container\">\n\t\t\t\t\t<h2 class=\"elementor-heading-title elementor-size-default\">Relaxamento para crian\u00e7as<\/h2>\t\t\t\t<\/div>\n\t\t\t\t<\/div>\n\t\t\t\t<\/div>\n\t\t<div class=\"elementor-element elementor-element-325d3c2 e-con-full e-flex e-con e-parent\" data-id=\"325d3c2\" data-element_type=\"container\" data-e-type=\"container\">\n\t\t\t\t<div class=\"elementor-element elementor-element-a27d6ec elementor-widget-divider--view-line elementor-widget elementor-widget-divider\" data-id=\"a27d6ec\" data-element_type=\"widget\" data-e-type=\"widget\" data-widget_type=\"divider.default\">\n\t\t\t\t<div class=\"elementor-widget-container\">\n\t\t\t\t\t\t\t<div class=\"elementor-divider\">\n\t\t\t<span class=\"elementor-divider-separator\">\n\t\t\t\t\t\t<\/span>\n\t\t<\/div>\n\t\t\t\t\t\t<\/div>\n\t\t\t\t<\/div>\n\t\t\t\t<\/div>\n\t\t\t\t<\/div>\n\t\t","protected":false},"excerpt":{"rendered":"<p>Yoga para crian\u00e7as V\u00eddeos educativos Yoga para crian\u00e7as YOGA para crian\u00e7as Yoga com animais Relaxamento para crian\u00e7as O relaxamento de Koeppen I O relaxamento de Koeppen II<\/p>\n","protected":false},"author":3,"featured_media":0,"parent":11057,"menu_order":0,"comment_status":"closed","ping_status":"closed","template":"","meta":{"content-type":"","footnotes":""},"class_list":["post-11069","page","type-page","status-publish","hentry"],"_links":{"self":[{"href":"https:\/\/www.smileandlearn.com\/pt-pt\/wp-json\/wp\/v2\/pages\/11069","targetHints":{"allow":["GET"]}}],"collection":[{"href":"https:\/\/www.smileandlearn.com\/pt-pt\/wp-json\/wp\/v2\/pages"}],"about":[{"href":"https:\/\/www.smileandlearn.com\/pt-pt\/wp-json\/wp\/v2\/types\/page"}],"author":[{"embeddable":true,"href":"https:\/\/www.smileandlearn.com\/pt-pt\/wp-json\/wp\/v2\/users\/3"}],"replies":[{"embeddable":true,"href":"https:\/\/www.smileandlearn.com\/pt-pt\/wp-json\/wp\/v2\/comments?post=11069"}],"version-history":[{"count":0,"href":"https:\/\/www.smileandlearn.com\/pt-pt\/wp-json\/wp\/v2\/pages\/11069\/revisions"}],"up":[{"embeddable":true,"href":"https:\/\/www.smileandlearn.com\/pt-pt\/wp-json\/wp\/v2\/pages\/11057"}],"wp:attachment":[{"href":"https:\/\/www.smileandlearn.com\/pt-pt\/wp-json\/wp\/v2\/media?parent=11069"}],"curies":[{"name":"wp","href":"https:\/\/api.w.org\/{rel}","templated":true}]}}