{"id":11073,"date":"2023-03-08T16:35:05","date_gmt":"2023-03-08T15:35:05","guid":{"rendered":"https:\/\/www.smileandlearn.com\/licenciamento-de-video\/videos-educativos-de-ciencias-sociais\/"},"modified":"2023-06-21T14:19:51","modified_gmt":"2023-06-21T12:19:51","slug":"videos-educativos-de-ciencias-sociais","status":"publish","type":"page","link":"https:\/\/www.smileandlearn.com\/pt-pt\/licenciamento-de-video\/videos-educativos-de-ciencias-sociais\/","title":{"rendered":"V\u00eddeos educativos de ci\u00eancias sociais"},"content":{"rendered":"\t\t<div data-elementor-type=\"wp-page\" data-elementor-id=\"11073\" class=\"elementor elementor-11073 elementor-2537\" data-elementor-post-type=\"page\">\n\t\t\t\t<div class=\"elementor-element elementor-element-059cc48 e-con-full e-flex e-con e-parent\" data-id=\"059cc48\" data-element_type=\"container\" data-e-type=\"container\">\n\t\t\t\t<div class=\"elementor-element elementor-element-941e7fd elementor-widget elementor-widget-image\" data-id=\"941e7fd\" data-element_type=\"widget\" data-e-type=\"widget\" data-widget_type=\"image.default\">\n\t\t\t\t<div class=\"elementor-widget-container\">\n\t\t\t\t\t\t\t\t\t\t\t\t\t\t\t<img decoding=\"async\" width=\"42\" height=\"71\" src=\"https:\/\/www.smileandlearn.com\/wp-content\/uploads\/2023\/03\/Flechas-celestes.svg\" class=\"attachment-full size-full wp-image-8813\" alt=\"Flechas celestes\" \/>\t\t\t\t\t\t\t\t\t\t\t\t\t\t\t<\/div>\n\t\t\t\t<\/div>\n\t\t\t\t<div class=\"elementor-element elementor-element-1541910 elementor-widget elementor-widget-heading\" data-id=\"1541910\" data-element_type=\"widget\" data-e-type=\"widget\" data-widget_type=\"heading.default\">\n\t\t\t\t<div class=\"elementor-widget-container\">\n\t\t\t\t\t<h2 class=\"elementor-heading-title elementor-size-default\">Clique na categoria de sua prefer\u00eancia!\n<\/h2>\t\t\t\t<\/div>\n\t\t\t\t<\/div>\n\t\t\t\t<div class=\"elementor-element elementor-element-61930dc elementor-widget-divider--view-line elementor-widget elementor-widget-divider\" data-id=\"61930dc\" data-element_type=\"widget\" data-e-type=\"widget\" data-widget_type=\"divider.default\">\n\t\t\t\t<div class=\"elementor-widget-container\">\n\t\t\t\t\t\t\t<div class=\"elementor-divider\">\n\t\t\t<span class=\"elementor-divider-separator\">\n\t\t\t\t\t\t<\/span>\n\t\t<\/div>\n\t\t\t\t\t\t<\/div>\n\t\t\t\t<\/div>\n\t\t<div class=\"elementor-element elementor-element-cdba8b5 e-flex e-con-boxed e-con e-parent\" data-id=\"cdba8b5\" data-element_type=\"container\" data-e-type=\"container\">\n\t\t\t\t\t<div class=\"e-con-inner\">\n\t\t<div class=\"elementor-element elementor-element-f9ab556 e-con-full e-flex e-con e-parent\" data-id=\"f9ab556\" data-element_type=\"container\" data-e-type=\"container\">\n\t\t\t\t<div class=\"elementor-element elementor-element-5fda10d elementor-widget elementor-widget-heading\" data-id=\"5fda10d\" data-element_type=\"widget\" data-e-type=\"widget\" data-widget_type=\"heading.default\">\n\t\t\t\t<div class=\"elementor-widget-container\">\n\t\t\t\t\t<h2 class=\"elementor-heading-title elementor-size-default\">Geografia e Bandeiras<\/h2>\t\t\t\t<\/div>\n\t\t\t\t<\/div>\n\t\t\t\t<div class=\"elementor-element elementor-element-8567924 elementor-widget elementor-widget-image\" data-id=\"8567924\" data-element_type=\"widget\" data-e-type=\"widget\" data-widget_type=\"image.default\">\n\t\t\t\t<div class=\"elementor-widget-container\">\n\t\t\t\t\t\t\t\t\t\t\t\t\t\t\t\t<a href=\"https:\/\/www.smileandlearn.com\/pt-pt\/licenciamento-de-video\/videos-educativos-de-ciencias-sociais\/videos-de-geografia-e-bandeiras\/\">\n\t\t\t\t\t\t\t<img decoding=\"async\" width=\"150\" height=\"150\" src=\"https:\/\/www.smileandlearn.com\/wp-content\/uploads\/2023\/03\/Geografia-y-Banderas.jpg\" class=\"attachment-full size-full wp-image-8833\" alt=\"Geograf\u00eda y Banderas\" \/>\t\t\t\t\t\t\t\t<\/a>\n\t\t\t\t\t\t\t\t\t\t\t\t\t\t\t<\/div>\n\t\t\t\t<\/div>\n\t\t\t\t<\/div>\n\t\t<div class=\"elementor-element elementor-element-ccd1b62 e-con-full e-flex e-con e-parent\" data-id=\"ccd1b62\" data-element_type=\"container\" data-e-type=\"container\">\n\t\t\t\t<div class=\"elementor-element elementor-element-b88c0be elementor-widget elementor-widget-heading\" data-id=\"b88c0be\" data-element_type=\"widget\" data-e-type=\"widget\" data-widget_type=\"heading.default\">\n\t\t\t\t<div class=\"elementor-widget-container\">\n\t\t\t\t\t<h2 class=\"elementor-heading-title elementor-size-default\">O mundo \u00e0 nossa volta<\/h2>\t\t\t\t<\/div>\n\t\t\t\t<\/div>\n\t\t\t\t<div class=\"elementor-element elementor-element-b5e8278 elementor-widget elementor-widget-image\" data-id=\"b5e8278\" data-element_type=\"widget\" data-e-type=\"widget\" data-widget_type=\"image.default\">\n\t\t\t\t<div class=\"elementor-widget-container\">\n\t\t\t\t\t\t\t\t\t\t\t\t\t\t\t\t<a href=\"https:\/\/www.smileandlearn.com\/pt-pt\/licenciamento-de-video\/videos-educativos-de-ciencias-sociais\/a-terra-e-o-mundo-ao-nosso-redor\/\">\n\t\t\t\t\t\t\t<img decoding=\"async\" width=\"150\" height=\"150\" src=\"https:\/\/www.smileandlearn.com\/wp-content\/uploads\/2023\/03\/El-Universo.jpg\" class=\"attachment-full size-full wp-image-8831\" alt=\"\" \/>\t\t\t\t\t\t\t\t<\/a>\n\t\t\t\t\t\t\t\t\t\t\t\t\t\t\t<\/div>\n\t\t\t\t<\/div>\n\t\t\t\t<\/div>\n\t\t<div class=\"elementor-element elementor-element-52a7fab e-con-full e-flex e-con e-parent\" data-id=\"52a7fab\" data-element_type=\"container\" data-e-type=\"container\">\n\t\t\t\t<div class=\"elementor-element elementor-element-ff5d823 elementor-widget elementor-widget-heading\" data-id=\"ff5d823\" data-element_type=\"widget\" data-e-type=\"widget\" data-widget_type=\"heading.default\">\n\t\t\t\t<div class=\"elementor-widget-container\">\n\t\t\t\t\t<h2 class=\"elementor-heading-title elementor-size-default\">V\u00eddeos de hist\u00f3ria<\/h2>\t\t\t\t<\/div>\n\t\t\t\t<\/div>\n\t\t\t\t<div class=\"elementor-element elementor-element-7b1eb1a elementor-widget elementor-widget-image\" data-id=\"7b1eb1a\" data-element_type=\"widget\" data-e-type=\"widget\" data-widget_type=\"image.default\">\n\t\t\t\t<div class=\"elementor-widget-container\">\n\t\t\t\t\t\t\t\t\t\t\t\t\t\t\t\t<a href=\"https:\/\/www.smileandlearn.com\/pt-pt\/licenciamento-de-video\/videos-educativos-de-ciencias-sociais\/videos-de-historias-para-criancas\/\">\n\t\t\t\t\t\t\t<img loading=\"lazy\" decoding=\"async\" width=\"150\" height=\"150\" src=\"https:\/\/www.smileandlearn.com\/wp-content\/uploads\/2023\/03\/Videos-de-historia.jpg\" class=\"attachment-full size-full wp-image-8834\" alt=\"V\u00eddeos de historia\" \/>\t\t\t\t\t\t\t\t<\/a>\n\t\t\t\t\t\t\t\t\t\t\t\t\t\t\t<\/div>\n\t\t\t\t<\/div>\n\t\t\t\t<\/div>\n\t\t\t\t\t<\/div>\n\t\t\t\t<\/div>\n\t\t\t\t<\/div>\n\t\t<div class=\"elementor-element elementor-element-11fb9c4 e-flex e-con-boxed e-con e-parent\" data-id=\"11fb9c4\" data-element_type=\"container\" data-e-type=\"container\" data-settings=\"{&quot;background_background&quot;:&quot;classic&quot;}\">\n\t\t\t\t\t<div class=\"e-con-inner\">\n\t\t\t\t<div class=\"elementor-element elementor-element-1b60f0b elementor-widget elementor-widget-heading\" data-id=\"1b60f0b\" data-element_type=\"widget\" data-e-type=\"widget\" data-widget_type=\"heading.default\">\n\t\t\t\t<div class=\"elementor-widget-container\">\n\t\t\t\t\t<h2 class=\"elementor-heading-title elementor-size-default\">Nossas recomenda\u00e7\u00f5es!<\/h2>\t\t\t\t<\/div>\n\t\t\t\t<\/div>\n\t\t\t\t<div class=\"elementor-element elementor-element-a5829d5 elementor-widget elementor-widget-text-editor\" data-id=\"a5829d5\" data-element_type=\"widget\" data-e-type=\"widget\" data-widget_type=\"text-editor.default\">\n\t\t\t\t<div class=\"elementor-widget-container\">\n\t\t\t\t\t\t\t\t\t<p>Estes s\u00e3o nossos v\u00eddeos educacionais de estudos sociais favoritos. Se voc\u00ea clicar nos \u00edcones acima, ter\u00e1 acesso a toda a cole\u00e7\u00e3o!<\/p>\n\t\t\t\t\t\t\t\t<\/div>\n\t\t\t\t<\/div>\n\t\t\t\t\t<\/div>\n\t\t\t\t<\/div>\n\t\t<div class=\"elementor-element elementor-element-8e0ab24 e-con-full e-flex e-con e-parent\" data-id=\"8e0ab24\" data-element_type=\"container\" data-e-type=\"container\" data-settings=\"{&quot;background_background&quot;:&quot;classic&quot;}\">\n\t\t\t\t<\/div>\n\t\t<div class=\"elementor-element elementor-element-762cd65 e-con-full e-flex e-con e-parent\" data-id=\"762cd65\" data-element_type=\"container\" data-e-type=\"container\">\n\t\t\t\t<div class=\"elementor-element elementor-element-4d4bc79 elementor-widget-divider--view-line elementor-widget elementor-widget-divider\" data-id=\"4d4bc79\" data-element_type=\"widget\" data-e-type=\"widget\" data-widget_type=\"divider.default\">\n\t\t\t\t<div class=\"elementor-widget-container\">\n\t\t\t\t\t\t\t<div class=\"elementor-divider\">\n\t\t\t<span class=\"elementor-divider-separator\">\n\t\t\t\t\t\t<\/span>\n\t\t<\/div>\n\t\t\t\t\t\t<\/div>\n\t\t\t\t<\/div>\n\t\t\t\t<\/div>\n\t\t\t\t<\/div>\n\t\t","protected":false},"excerpt":{"rendered":"<p>Clique na categoria de sua prefer\u00eancia! Geografia e Bandeiras O mundo \u00e0 nossa volta V\u00eddeos de hist\u00f3ria Nossas recomenda\u00e7\u00f5es! Estes s\u00e3o nossos v\u00eddeos educacionais de estudos sociais favoritos. Se voc\u00ea clicar nos \u00edcones acima, ter\u00e1 acesso a toda a cole\u00e7\u00e3o! Bandeiras da Am\u00e9rica I Tempo para crian\u00e7as As bandeiras da Europa I Uso respons\u00e1vel da [&hellip;]<\/p>\n","protected":false},"author":3,"featured_media":0,"parent":10980,"menu_order":0,"comment_status":"closed","ping_status":"closed","template":"","meta":{"content-type":"","footnotes":""},"class_list":["post-11073","page","type-page","status-publish","hentry"],"_links":{"self":[{"href":"https:\/\/www.smileandlearn.com\/pt-pt\/wp-json\/wp\/v2\/pages\/11073","targetHints":{"allow":["GET"]}}],"collection":[{"href":"https:\/\/www.smileandlearn.com\/pt-pt\/wp-json\/wp\/v2\/pages"}],"about":[{"href":"https:\/\/www.smileandlearn.com\/pt-pt\/wp-json\/wp\/v2\/types\/page"}],"author":[{"embeddable":true,"href":"https:\/\/www.smileandlearn.com\/pt-pt\/wp-json\/wp\/v2\/users\/3"}],"replies":[{"embeddable":true,"href":"https:\/\/www.smileandlearn.com\/pt-pt\/wp-json\/wp\/v2\/comments?post=11073"}],"version-history":[{"count":0,"href":"https:\/\/www.smileandlearn.com\/pt-pt\/wp-json\/wp\/v2\/pages\/11073\/revisions"}],"up":[{"embeddable":true,"href":"https:\/\/www.smileandlearn.com\/pt-pt\/wp-json\/wp\/v2\/pages\/10980"}],"wp:attachment":[{"href":"https:\/\/www.smileandlearn.com\/pt-pt\/wp-json\/wp\/v2\/media?parent=11073"}],"curies":[{"name":"wp","href":"https:\/\/api.w.org\/{rel}","templated":true}]}}