{"id":11093,"date":"2023-03-17T14:05:13","date_gmt":"2023-03-17T13:05:13","guid":{"rendered":"https:\/\/www.smileandlearn.com\/politica-de-cookies\/"},"modified":"2024-02-22T13:26:43","modified_gmt":"2024-02-22T12:26:43","slug":"politica-de-cookies","status":"publish","type":"page","link":"https:\/\/www.smileandlearn.com\/pt-pt\/politica-de-cookies\/","title":{"rendered":"Pol\u00edtica de Cookies"},"content":{"rendered":"\t\t<div data-elementor-type=\"wp-page\" data-elementor-id=\"11093\" class=\"elementor elementor-11093 elementor-3828\" data-elementor-post-type=\"page\">\n\t\t\t\t<div class=\"elementor-element elementor-element-45ae412 e-con-full e-flex e-con e-parent\" data-id=\"45ae412\" data-element_type=\"container\" data-e-type=\"container\">\n\t\t\t\t<div class=\"elementor-element elementor-element-1842eca elementor-widget elementor-widget-image\" data-id=\"1842eca\" data-element_type=\"widget\" data-e-type=\"widget\" data-widget_type=\"image.default\">\n\t\t\t\t<div class=\"elementor-widget-container\">\n\t\t\t\t\t\t\t\t\t\t\t\t\t\t\t<img decoding=\"async\" width=\"260\" height=\"60\" src=\"https:\/\/www.smileandlearn.com\/wp-content\/uploads\/2023\/02\/Circulos.svg\" class=\"attachment-full size-full wp-image-8705\" alt=\"\" \/>\t\t\t\t\t\t\t\t\t\t\t\t\t\t\t<\/div>\n\t\t\t\t<\/div>\n\t\t<div class=\"elementor-element elementor-element-b1c629d e-flex e-con-boxed e-con e-child\" data-id=\"b1c629d\" data-element_type=\"container\" data-e-type=\"container\">\n\t\t\t\t\t<div class=\"e-con-inner\">\n\t\t\t\t<div class=\"elementor-element elementor-element-8d34544 elementor-widget elementor-widget-heading\" data-id=\"8d34544\" data-element_type=\"widget\" data-e-type=\"widget\" data-widget_type=\"heading.default\">\n\t\t\t\t<div class=\"elementor-widget-container\">\n\t\t\t\t\t<h1 class=\"elementor-heading-title elementor-size-default\">Pol\u00edtica de Cookies<\/h1>\t\t\t\t<\/div>\n\t\t\t\t<\/div>\n\t\t\t\t\t<\/div>\n\t\t\t\t<\/div>\n\t\t\t\t<\/div>\n\t\t<div class=\"elementor-element elementor-element-cca4b41 e-flex e-con-boxed e-con e-parent\" data-id=\"cca4b41\" data-element_type=\"container\" data-e-type=\"container\">\n\t\t\t\t\t<div class=\"e-con-inner\">\n\t\t\t\t<div class=\"elementor-element elementor-element-755a7be elementor-widget elementor-widget-text-editor\" data-id=\"755a7be\" data-element_type=\"widget\" data-e-type=\"widget\" data-widget_type=\"text-editor.default\">\n\t\t\t\t<div class=\"elementor-widget-container\">\n\t\t\t\t\t\t\t\t\t<p><strong>INFORMA\u00c7\u00d5ES SOBRE COOKIES<\/strong><\/p>\n<p>De acordo com a Lei 34\/2002, de 11 de julho, sobre servi\u00e7os da sociedade da informa\u00e7\u00e3o e com\u00e9rcio eletr\u00f3nico (LSSI), em rela\u00e7\u00e3o ao Regulamento (UE) 2016\/679 do Parlamento Europeu e do Conselho, de 27 de abril de 2016, General Prote\u00e7\u00e3o de Dados (RGPD) e Lei Org\u00e2nica 3\/2018, de 5 de dezembro, sobre Prote\u00e7\u00e3o de Dados e Garantia de Direitos Digitais (LOPDGDD), \u00e9 obrigat\u00f3rio obter o consentimento expresso do usu\u00e1rio de todas as p\u00e1ginas da web que usam cookies dispens\u00e1veis, antes de voc\u00ea navegue por eles.&nbsp;<\/p>\n<p><strong>O QUE S\u00c3O COOKIES?<\/strong><\/p>\n<p>Os <em>cookies <\/em>e outras tecnologias semelhantes, como objetos compartilhados locais, flash <em>cookies <\/em>ou pixels, s\u00e3o ferramentas utilizadas pelos servidores Web para armazenar e recuperar informa\u00e7\u00f5es sobre seus visitantes, bem como para oferecer um correto funcionamento do site.<\/p>\n<p>Atrav\u00e9s da utiliza\u00e7\u00e3o destes dispositivos, \u00e9 permitido ao servidor Web recordar alguns dados relativos ao utilizador, tais como as suas prefer\u00eancias de visualiza\u00e7\u00e3o das p\u00e1ginas desse servidor, nome e palavra-passe, produtos que mais lhe interessam, etc.<\/p>\n<p><strong><em>COOKIES<\/em><\/strong> <strong>AFETADOS PELO REGULAMENTO E COOKIES EXCEPTOS<\/strong><\/p>\n<p>De acordo com a diretiva da UE, o <em>cookies <\/em>que requerem o consentimento informado do usu\u00e1rio s\u00e3o os <em>cookies <\/em>anal\u00edticos e publicit\u00e1rios e de afilia\u00e7\u00e3o, exceto os de car\u00e1ter t\u00e9cnico e os necess\u00e1rios para o funcionamento do site ou a presta\u00e7\u00e3o de servi\u00e7os expressamente solicitados pelo usu\u00e1rio.<\/p>\n<p><strong>TIPOS DE COOKIES<\/strong><\/p>\n<p><strong>DE ACORDO COM A FINALIDADE<\/strong><\/p>\n<ul>\n<li><em><strong>Cookies <\/strong><\/em><strong>t\u00e9cnico e funcional<\/strong>: s\u00e3o aqueles que permitem ao utilizador navegar atrav\u00e9s de uma p\u00e1gina web, plataforma ou aplica\u00e7\u00e3o e a utiliza\u00e7\u00e3o das diferentes op\u00e7\u00f5es ou servi\u00e7os nela existentes.<em><\/em><\/li>\n<li><em><strong>Cookies <\/strong><\/em><strong>anal\u00edticos<\/strong>: s\u00e3o aqueles que permitem ao seu respons\u00e1vel monitorizar e analisar o comportamento dos utilizadores dos sites aos quais est\u00e3o ligados. A informa\u00e7\u00e3o recolhida atrav\u00e9s deste tipo de <em>cookies<\/em> \u00e9 usado para medir a atividade dos sites, aplicativos ou plataformas e criar perfis de navega\u00e7\u00e3o dos usu\u00e1rios dos referidos sites, aplicativos e plataformas, a fim de introduzir melhorias com base na an\u00e1lise dos dados de uso.<\/li>\n<li><em><strong>Cookies<\/strong><\/em> <strong>de publicidade:<\/strong> s\u00e3o aqueles que permitem a gest\u00e3o, da forma mais eficiente poss\u00edvel, dos espa\u00e7os publicit\u00e1rios que, no seu caso, o editor tenha inclu\u00eddo numa p\u00e1gina web, aplica\u00e7\u00e3o ou plataforma a partir da qual se presta o servi\u00e7o solicitado com base em crit\u00e9rios como o conte\u00fado editado ou a frequ\u00eancia com que os an\u00fancios s\u00e3o exibidos.<\/li>\n<li><em><strong>Cookies <\/strong><\/em><strong>publicidade comportamental<\/strong>: coletar informa\u00e7\u00f5es sobre as prefer\u00eancias e escolhas pessoais do usu\u00e1rio (<em>retargeting<\/em>) para permitir a gest\u00e3o, da forma mais eficiente poss\u00edvel, dos espa\u00e7os publicit\u00e1rios que, se for caso disso, o editor tenha inclu\u00eddo numa p\u00e1gina web, aplica\u00e7\u00e3o ou plataforma a partir da qual \u00e9 prestado o servi\u00e7o solicitado.<\/li>\n<li><em><strong>Cookies <\/strong><\/em><strong>sociais<\/strong>: s\u00e3o estabelecidos pelas plataformas de m\u00eddia social nos Servi\u00e7os para permitir que voc\u00ea compartilhe conte\u00fado com seus amigos e redes. As plataformas de m\u00eddia social t\u00eam a capacidade de rastrear sua atividade online fora dos Servi\u00e7os. Isso pode afetar o conte\u00fado e as mensagens que voc\u00ea v\u00ea em outros servi\u00e7os que voc\u00ea visita.<\/li>\n<li><em><strong>Cookies <\/strong><\/em><strong>afiliados<\/strong>: permitem o acompanhamento de visitas de outros sites, com os quais o site estabelece um contrato de afilia\u00e7\u00e3o (empresas afiliadas).<\/li>\n<li><em><strong>Cookies <\/strong><\/em><strong>de seguran\u00e7a <\/strong>: armazenam informa\u00e7\u00f5es criptografadas para evitar que os dados armazenados neles fiquem vulner\u00e1veis a ataques maliciosos de terceiros.<\/li>\n<\/ul>\n<p><strong>DE ACORDO COM A PROPRIEDADE<\/strong><\/p>\n<ul>\n<li><em><strong>Cookies<\/strong><\/em><strong> pr\u00f3prios<\/strong>: s\u00e3o aquelas que s\u00e3o enviadas ao equipamento terminal do usu\u00e1rio a partir de um computador ou dom\u00ednio administrado pelo pr\u00f3prio editor e a partir do qual \u00e9 prestado o servi\u00e7o solicitado pelo usu\u00e1rio.<\/li>\n<li><em><strong>Cookies<\/strong><\/em> <strong>de terceiros:<\/strong>S\u00e3o aqueles que s\u00e3o enviados para o equipamento terminal do utilizador a partir de um computador ou dom\u00ednio que n\u00e3o \u00e9 gerido pelo editor, mas por outra entidade que processa os dados obtidos atrav\u00e9s de cookies.<\/li>\n<\/ul>\n<p><strong>DE ACORDO COM O PER\u00cdODO DE CONSERVA\u00c7\u00c3O<\/strong><\/p>\n<ul>\n<li><em><strong>Cookies<\/strong><\/em><strong> de sess\u00e3o:<\/strong> s\u00e3o um tipo de <em>cookies<\/em> concebidos para recolher e armazenar dados enquanto o utilizador acede a uma p\u00e1gina web.<\/li>\n<li><em><strong>Cookies<\/strong><\/em><strong> persistentes:<\/strong> s\u00e3o um tipo de cookie em que os dados ainda s\u00e3o armazenados no terminal e podem ser acessados e processados por um per\u00edodo definido pelo respons\u00e1vel pelo <em>cookie<\/em>, que pode variar de alguns minutos a v\u00e1rios anos.<\/li>\n<\/ul>\n<p><strong>TRATAMENTO DE DADOS PESSOAIS<\/strong><\/p>\n<p>Smile &amp; Learn Digital Creations, S.L. \u00e9 o <strong>Respons\u00e1vel pelo tratamento<\/strong> de dados pessoais <strong>Interessado<\/strong> e informa que estes dados ser\u00e3o tratados de acordo com o disposto no Regulamento (UE) 2016\/679, de 27 de abril de 2016 (RGPD), para o qual \u00e9 fornecida a seguinte informa\u00e7\u00e3o de tratamento:<\/p>\n<p><strong>Finalidades do tratamento:<\/strong> conforme especificado na se\u00e7\u00e3o sobre <em>cookies<\/em> que s\u00e3o usados neste site.<\/p>\n<p><strong>Legitima\u00e7\u00e3o do tratamento:<\/strong> por consentimento do interessado (art. 6.1 RGPD).<\/p>\n<p><strong>Crit\u00e9rios de conserva\u00e7\u00e3o de dados<\/strong>: conforme especificado na se\u00e7\u00e3o sobre <em>cookies<\/em> usados na web.<\/p>\n<p><strong>Comunica\u00e7\u00e3o dos dados:<\/strong> os dados n\u00e3o ser\u00e3o comunicados a terceiros, exceto em cookies de propriedade de terceiros ou por obriga\u00e7\u00e3o legal.<\/p>\n<p><strong>Direitos que assistem ao Interessado:<\/strong><\/p>\n<p>&#8211; Direito de retirar o consentimento a qualquer momento.<br>&#8211; Direito de acesso, retifica\u00e7\u00e3o, portabilidade e elimina\u00e7\u00e3o dos seus dados, e limita\u00e7\u00e3o ou oposi\u00e7\u00e3o ao seu tratamento.<br>-Direito de reclamar junto da Autoridade de Controlo (www.aepd.es) se considerar que o tratamento n\u00e3o est\u00e1 em conformidade com a normativa em vigor.<\/p>\n<p><strong>Informa\u00e7\u00f5es de contato para exercer seus direitos:<\/strong><\/p>\n<p>Smile &amp; Learn Digital Creations, S.L.. Ronda de Sobradiel, 16 B &#8211; 28043 Madrid (Madrid). E-mail: info@smileandlearn.com<\/p>\n<p><strong>COOKIES USADOS NESTE SITE<\/strong><\/p>\n<div class=\"cky-audit-table-element\"> <\/div>\n<p><\/p>\n<table width=\"100%\">\n<tbody>\n<tr>\n<td width=\"100%\"><strong>PAINEL DE CONFIGURA\u00c7\u00c3O DE COOKIES<\/strong><\/td>\n<\/tr>\n<\/tbody>\n<\/table>\n<p>A partir deste painel, voc\u00ea pode configurar os cookies que o site pode instalar em seu navegador, exceto os cookies t\u00e9cnicos ou funcionais necess\u00e1rios para a navega\u00e7\u00e3o e o uso das diferentes op\u00e7\u00f5es ou servi\u00e7os oferecidos.<\/p>\n<p>Painel de cookies<\/p>\n<table width=\"100%\">\n<tbody>\n<tr>\n<td colspan=\"2\" width=\"100%\"><strong>COMO GERENCIAR OS COOKIES DO NAVEGADOR<\/strong><\/td>\n<\/tr>\n<tr>\n<td width=\"30\"><strong>Excluir cookies do dispositivo<\/strong><\/td>\n<td width=\"70%\">Os cookies que j\u00e1 est\u00e3o em um dispositivo podem ser removidos limpando o hist\u00f3rico do navegador, removendo assim os cookies de todos os sites visitados.<br>No entanto, algumas das informa\u00e7\u00f5es salvas (por exemplo, detalhes de login ou prefer\u00eancias do site) tamb\u00e9m podem ser perdidas.<\/td>\n<\/tr>\n<tr>\n<td width=\"30%\"><strong>Gerenciando cookies espec\u00edficos do site<\/strong><\/td>\n<td width=\"70%\">Para ter um controle mais preciso dos cookies espec\u00edficos do site, os usu\u00e1rios podem ajustar suas configura\u00e7\u00f5es de privacidade e cookies no navegador.<\/td>\n<\/tr>\n<tr>\n<td width=\"30%\"><strong>Bloquear cookies<\/strong><\/td>\n<td width=\"70%\">Embora a maioria dos navegadores modernos possam ser configurados para impedir a instala\u00e7\u00e3o de cookies nos dispositivos, isso pode exigir o ajuste manual de certas prefer\u00eancias sempre que um site ou p\u00e1gina \u00e9 visitado. Al\u00e9m disso, alguns servi\u00e7os e recursos podem n\u00e3o funcionar corretamente (por exemplo, logins de perfil).<\/td>\n<\/tr>\n<\/tbody>\n<\/table>\n<table width=\"100%\">\n<tbody>\n<tr>\n<td colspan=\"2\" width=\"100%\"><strong>COMO EXCLUIR COOKIES DOS NAVEGADORES MAIS COMUNS <\/strong><\/td>\n<\/tr>\n<tr>\n<td width=\"30\"><strong>Chrome<\/strong><\/td>\n<td width=\"70%\"><a href=\"http:\/\/support.google.com\/chrome\/answer\/95647?hl=es\" rel=\"nofollow noopener\" target=\"_blank\">http:\/\/support.google.com\/chrome\/answer\/95647?hl=es<\/a><\/td>\n<\/tr>\n<tr>\n<td width=\"30%\"><strong>Internet Explorer. Versi\u00f3n 11<\/strong><\/td>\n<td width=\"70%\"><a href=\"https:\/\/support.microsoft.com\/es-es\/help\/278835\/how-to-delete-cookie-files-in-internet-explorer\" rel=\"nofollow noopener\" target=\"_blank\">https:\/\/support.microsoft.com\/es-es\/help\/278835\/how-to-delete-cookie-files-in-internet-explorer<\/a><\/td>\n<\/tr>\n<tr>\n<td width=\"30%\"><strong>Firefox. Versi\u00f3n 65.0.1<\/strong><\/td>\n<td width=\"70%\"><a href=\"https:\/\/www.mozilla.org\/es-ES\/privacy\/websites\/#cookies\" rel=\"nofollow noopener\" target=\"_blank\">https:\/\/www.mozilla.org\/es-ES\/privacy\/websites\/#cookies<\/a><\/td>\n<\/tr>\n<tr>\n<td width=\"30%\"><strong>Safari Versi\u00f3n 5.1<\/strong><\/td>\n<td width=\"70%\"><a href=\"https:\/\/support.apple.com\/es-es\/guide\/safari\/sfri11471\/mac\" rel=\"nofollow noopener\" target=\"_blank\">https:\/\/support.apple.com\/es-es\/guide\/safari\/sfri11471\/mac<\/a><\/td>\n<\/tr>\n<tr>\n<td width=\"30%\"><strong>Opera<\/strong><\/td>\n<td width=\"70%\"><a href=\"https:\/\/help.opera.com\/en\/latest\/security-and-privacy\/#clearBrowsingData\" rel=\"nofollow noopener\" target=\"_blank\">https:\/\/help.opera.com\/en\/latest\/security-and-privacy\/#clearBrowsingData<\/a><\/td>\n<\/tr>\n<\/tbody>\n<\/table>\t\t\t\t\t\t\t\t<\/div>\n\t\t\t\t<\/div>\n\t\t\t\t\t<\/div>\n\t\t\t\t<\/div>\n\t\t\t\t<\/div>\n\t\t","protected":false},"excerpt":{"rendered":"<p>INFORMA\u00c7\u00d5ES SOBRE COOKIES De acordo com a Lei 34\/2002, de 11 de julho, sobre servi\u00e7os da sociedade da informa\u00e7\u00e3o e com\u00e9rcio eletr\u00f3nico (LSSI), em rela\u00e7\u00e3o ao Regulamento (UE) 2016\/679 do Parlamento Europeu e do Conselho, de 27 de abril de 2016, General Prote\u00e7\u00e3o de Dados (RGPD) e Lei Org\u00e2nica 3\/2018, de 5 de dezembro, sobre [&hellip;]<\/p>\n","protected":false},"author":3,"featured_media":0,"parent":0,"menu_order":0,"comment_status":"closed","ping_status":"closed","template":"","meta":{"content-type":"","footnotes":""},"class_list":["post-11093","page","type-page","status-publish","hentry"],"_links":{"self":[{"href":"https:\/\/www.smileandlearn.com\/pt-pt\/wp-json\/wp\/v2\/pages\/11093","targetHints":{"allow":["GET"]}}],"collection":[{"href":"https:\/\/www.smileandlearn.com\/pt-pt\/wp-json\/wp\/v2\/pages"}],"about":[{"href":"https:\/\/www.smileandlearn.com\/pt-pt\/wp-json\/wp\/v2\/types\/page"}],"author":[{"embeddable":true,"href":"https:\/\/www.smileandlearn.com\/pt-pt\/wp-json\/wp\/v2\/users\/3"}],"replies":[{"embeddable":true,"href":"https:\/\/www.smileandlearn.com\/pt-pt\/wp-json\/wp\/v2\/comments?post=11093"}],"version-history":[{"count":0,"href":"https:\/\/www.smileandlearn.com\/pt-pt\/wp-json\/wp\/v2\/pages\/11093\/revisions"}],"wp:attachment":[{"href":"https:\/\/www.smileandlearn.com\/pt-pt\/wp-json\/wp\/v2\/media?parent=11093"}],"curies":[{"name":"wp","href":"https:\/\/api.w.org\/{rel}","templated":true}]}}