{"id":11095,"date":"2023-03-16T15:58:01","date_gmt":"2023-03-16T14:58:01","guid":{"rendered":"https:\/\/www.smileandlearn.com\/politica-de-privacidade\/"},"modified":"2024-02-22T13:24:31","modified_gmt":"2024-02-22T12:24:31","slug":"politica-de-privacidade","status":"publish","type":"page","link":"https:\/\/www.smileandlearn.com\/pt-pt\/politica-de-privacidade\/","title":{"rendered":"Pol\u00edtica de privacidade"},"content":{"rendered":"\t\t<div data-elementor-type=\"wp-page\" data-elementor-id=\"11095\" class=\"elementor elementor-11095 elementor-3780\" data-elementor-post-type=\"page\">\n\t\t\t\t<div class=\"elementor-element elementor-element-3ccaa93 e-con-full e-flex e-con e-parent\" data-id=\"3ccaa93\" data-element_type=\"container\" data-e-type=\"container\">\n\t\t\t\t<div class=\"elementor-element elementor-element-395002c elementor-widget elementor-widget-image\" data-id=\"395002c\" data-element_type=\"widget\" data-e-type=\"widget\" data-widget_type=\"image.default\">\n\t\t\t\t<div class=\"elementor-widget-container\">\n\t\t\t\t\t\t\t\t\t\t\t\t\t\t\t<img decoding=\"async\" width=\"260\" height=\"60\" src=\"https:\/\/www.smileandlearn.com\/wp-content\/uploads\/2023\/02\/Circulos.svg\" class=\"attachment-full size-full wp-image-8705\" alt=\"\" \/>\t\t\t\t\t\t\t\t\t\t\t\t\t\t\t<\/div>\n\t\t\t\t<\/div>\n\t\t<div class=\"elementor-element elementor-element-f34f11e e-flex e-con-boxed e-con e-child\" data-id=\"f34f11e\" data-element_type=\"container\" data-e-type=\"container\">\n\t\t\t\t\t<div class=\"e-con-inner\">\n\t\t\t\t<div class=\"elementor-element elementor-element-85fc9c9 elementor-widget elementor-widget-heading\" data-id=\"85fc9c9\" data-element_type=\"widget\" data-e-type=\"widget\" data-widget_type=\"heading.default\">\n\t\t\t\t<div class=\"elementor-widget-container\">\n\t\t\t\t\t<h1 class=\"elementor-heading-title elementor-size-default\">Pol\u00edtica de privacidade<\/h1>\t\t\t\t<\/div>\n\t\t\t\t<\/div>\n\t\t\t\t\t<\/div>\n\t\t\t\t<\/div>\n\t\t\t\t<\/div>\n\t\t<div class=\"elementor-element elementor-element-01af26e e-flex e-con-boxed e-con e-parent\" data-id=\"01af26e\" data-element_type=\"container\" data-e-type=\"container\">\n\t\t\t\t\t<div class=\"e-con-inner\">\n\t\t\t\t<div class=\"elementor-element elementor-element-8396d62 elementor-widget elementor-widget-text-editor\" data-id=\"8396d62\" data-element_type=\"widget\" data-e-type=\"widget\" data-widget_type=\"text-editor.default\">\n\t\t\t\t<div class=\"elementor-widget-container\">\n\t\t\t\t\t\t\t\t\t<p><strong>Respons\u00e1vel<\/strong><\/p>\n<p>O respons\u00e1vel pelo tratamento \u00e9 a Smile &amp; Learn Digital Creations, S.L.<\/p>\n<p>Domiciliio: Ronda de Sobradiel 16-B,<\/p>\n<p>28043 Madrid<\/p>\n<p>CIF B86731791&nbsp;<\/p>\n<p><strong>Categorias de dados<\/strong><\/p>\n<p>Na nossa atividade tratamos dados de contacto e de utilizador, normalmente dados b\u00e1sicos de identifica\u00e7\u00e3o.<\/p>\n<p>Neste website recolhemos dados de:<\/p>\n<ul>\n<li>Assinantes da newsletter: pedimos apenas o endere\u00e7o de e-mail<\/li>\n<li>Contactos de pessoas que preencham o nosso formul\u00e1rio para solicitar informa\u00e7\u00f5es, fazer uma consulta, etc.: solicitamos apenas a informa\u00e7\u00e3o m\u00ednima essencial para responder \u00e0 consulta.<\/li>\n<li>Candidatos: si espont\u00e1neamente nos env\u00edan una solicitud de empleo.<\/li>\n<\/ul>\n<p>Sendo o SMILE &amp; LEARN uma app dirigida a menores, os dados recolhidos s\u00e3o os m\u00ednimos para a presta\u00e7\u00e3o do servi\u00e7o. Nossos conv\u00eanios s\u00e3o firmados com entidades de ensino, institui\u00e7\u00f5es p\u00fablicas e privadas e escolas.<\/p>\n<p><strong>Prop\u00f3sito<\/strong><\/p>\n<p>Os dados pessoais ser\u00e3o tratados apenas com a finalidade de gerir a sua rela\u00e7\u00e3o connosco. N\u00e3o solicitaremos dados de menores e cumprindo o princ\u00edpio da minimiza\u00e7\u00e3o apenas solicitaremos e armazenaremos os dados indispens\u00e1veis \u00e0 presta\u00e7\u00e3o dos nossos servi\u00e7os.<\/p>\n<ul>\n<li>Contacto: utilizaremos os dados para atender ao seu pedido, responder \u00e0 sua quest\u00e3o ou fornecer-lhe as informa\u00e7\u00f5es solicitadas.<\/li>\n<li>Newsletter: se nos fornecer o seu email receber\u00e1 periodicamente a nossa newsletter.<\/li>\n<li>Se nos enviar um CV, iremos mant\u00ea-lo por um per\u00edodo m\u00e1ximo de um ano para o podermos ter em considera\u00e7\u00e3o nos nossos processos de sele\u00e7\u00e3o.<\/li>\n<li>Se voc\u00ea for um usu\u00e1rio ou provedor, usaremos os dados apenas para gerenciar seu relacionamento com nossa empresa e mant\u00ea-lo informado sobre nossas novidades e desenvolvimentos.<\/li>\n<\/ul>\n<p><strong>Legitima\u00e7\u00e3o<\/strong><\/p>\n<p>No caso de usu\u00e1rios, clientes e fornecedores, pautamos o tratamento na execu\u00e7\u00e3o do pr\u00f3prio contrato e na presta\u00e7\u00e3o dos servi\u00e7os descritos em nosso site.<\/p>\n<p>Para contactos, newsletters, curr\u00edculos e outros pedidos de informa\u00e7\u00e3o, baseamos o tratamento no seu consentimento.<\/p>\n<p>Se realizarmos an\u00e1lises em nossos servi\u00e7os, o faremos com base em nosso interesse leg\u00edtimo, embora sempre evitemos o uso de dados pessoais n\u00e3o an\u00f4nimos.<\/p>\n<p><strong>Destinat\u00e1rios<\/strong><\/p>\n<p>Os dados pessoais ser\u00e3o utilizados apenas pela nossa empresa, embora trabalhemos com fornecedores e ferramentas que nos fornecem determinados tipos de servi\u00e7os auxiliares e que podem aceder a esses dados.<\/p>\n<p>Nossos servidores (Amazon Web Services) est\u00e3o localizados no territ\u00f3rio da Uni\u00e3o Europeia<\/p>\n<p>Algumas das ferramentas que utilizamos na nossa empresa podem estar localizadas fora da Uni\u00e3o Europeia, mas verificamos que todas adotaram as devidas medidas de compliance de acordo com o disposto no RGPD (cl\u00e1usulas contratuais padr\u00e3o, entre outras):<\/p>\t\t\t\t\t\t\t\t<\/div>\n\t\t\t\t<\/div>\n\t\t\t\t<div class=\"elementor-element elementor-element-ab83f83 elementor-widget elementor-widget-bdt-table\" data-id=\"ab83f83\" data-element_type=\"widget\" data-e-type=\"widget\" data-widget_type=\"bdt-table.default\">\n\t\t\t\t<div class=\"elementor-widget-container\">\n\t\t\t\t\t        <div class=\"bdt-table bdt-table-responsive bdt-stripe\" id=\"bdt-table-ab83f83\">\n\n\n            \n        <table class=\"bdt-static-table\">\n\n                            <thead>\n                    <tr>\n                        \n                            <th class=\"bdt-static-column-cell elementor-repeater-item-eb951bc\">\n                                <div class=\"bdt-static-column-cell-wrap\">\n\n                                    <div class=\"bdt-static-column-cell-text\">Fornecedor<\/div>\n\n                                    \n                                    \n                                <\/div>\n                            <\/th>\n\n                        \n                            <th class=\"bdt-static-column-cell elementor-repeater-item-ae55abd\">\n                                <div class=\"bdt-static-column-cell-wrap\">\n\n                                    <div class=\"bdt-static-column-cell-text\">Localiza\u00e7\u00e3o<\/div>\n\n                                    \n                                    \n                                <\/div>\n                            <\/th>\n\n                        \n                            <th class=\"bdt-static-column-cell elementor-repeater-item-259e7cc\">\n                                <div class=\"bdt-static-column-cell-wrap\">\n\n                                    <div class=\"bdt-static-column-cell-text\">Conformidade com GDPR<\/div>\n\n                                    \n                                    \n                                <\/div>\n                            <\/th>\n\n                                            <\/tr>\n                <\/thead>\n            \n            <tbody>\n                                    <tr>\n                                                        <td class=\"bdt-static-body-row-cell elementor-repeater-item-f04579f\">\n\n                                    <div class=\"bdt-static-body-row-cell-wrap\">\n                                        <div class=\"bdt-static-body-row-cell-text\">Amazon Web Services<\/div>\n\n                                        \n                                                                            <\/div>\n\n                                <\/td>\n                                                        <td class=\"bdt-static-body-row-cell elementor-repeater-item-7cd1ff4\">\n\n                                    <div class=\"bdt-static-body-row-cell-wrap\">\n                                        <div class=\"bdt-static-body-row-cell-text\">Irlanda<\/div>\n\n                                        \n                                                                            <\/div>\n\n                                <\/td>\n                                                        <td class=\"bdt-static-body-row-cell elementor-repeater-item-5b5aafa\">\n\n                                    <div class=\"bdt-static-body-row-cell-wrap\">\n                                        <div class=\"bdt-static-body-row-cell-text\">GDPR<\/div>\n\n                                        \n                                                                            <\/div>\n\n                                <\/td>\n                                            <\/tr>\n                                    <tr>\n                                                        <td class=\"bdt-static-body-row-cell elementor-repeater-item-ecc9ae3\">\n\n                                    <div class=\"bdt-static-body-row-cell-wrap\">\n                                        <div class=\"bdt-static-body-row-cell-text\">Zoho<\/div>\n\n                                        \n                                                                            <\/div>\n\n                                <\/td>\n                                                        <td class=\"bdt-static-body-row-cell elementor-repeater-item-1e2ee2b\">\n\n                                    <div class=\"bdt-static-body-row-cell-wrap\">\n                                        <div class=\"bdt-static-body-row-cell-text\">Estados Unidos<\/div>\n\n                                        \n                                                                            <\/div>\n\n                                <\/td>\n                                                        <td class=\"bdt-static-body-row-cell elementor-repeater-item-9eba40d\">\n\n                                    <div class=\"bdt-static-body-row-cell-wrap\">\n                                        <div class=\"bdt-static-body-row-cell-text\">Cl\u00e1usulas contratuais padr\u00e3o<\/div>\n\n                                        \n                                                                            <\/div>\n\n                                <\/td>\n                                            <\/tr>\n                                    <tr>\n                                                        <td class=\"bdt-static-body-row-cell elementor-repeater-item-f280350\">\n\n                                    <div class=\"bdt-static-body-row-cell-wrap\">\n                                        <div class=\"bdt-static-body-row-cell-text\">Google Workspace<\/div>\n\n                                        \n                                                                            <\/div>\n\n                                <\/td>\n                                                        <td class=\"bdt-static-body-row-cell elementor-repeater-item-59fdf08\">\n\n                                    <div class=\"bdt-static-body-row-cell-wrap\">\n                                        <div class=\"bdt-static-body-row-cell-text\">\tIrlanda<\/div>\n\n                                        \n                                                                            <\/div>\n\n                                <\/td>\n                                                        <td class=\"bdt-static-body-row-cell elementor-repeater-item-53f821f\">\n\n                                    <div class=\"bdt-static-body-row-cell-wrap\">\n                                        <div class=\"bdt-static-body-row-cell-text\">GDPR<\/div>\n\n                                        \n                                                                            <\/div>\n\n                                <\/td>\n                                            <\/tr>\n                            <\/tbody>\n\n        <\/table>\n\n    \n        <\/div>\n\t\t\t\t<\/div>\n\t\t\t\t<\/div>\n\t\t\t\t<div class=\"elementor-element elementor-element-12862c5 elementor-widget elementor-widget-text-editor\" data-id=\"12862c5\" data-element_type=\"widget\" data-e-type=\"widget\" data-widget_type=\"text-editor.default\">\n\t\t\t\t<div class=\"elementor-widget-container\">\n\t\t\t\t\t\t\t\t\t<p>N\u00e3o cederemos nem comunicaremos os seus dados a terceiros, exceto para o cumprimento das obriga\u00e7\u00f5es legais a que estamos vinculados em raz\u00e3o da nossa atividade (Administra\u00e7\u00f5es p\u00fablicas, institui\u00e7\u00f5es financeiras, seguradoras).<\/p>\n<p><strong>Seguran\u00e7a<\/strong><\/p>\n<p>A Smile and Learn adotou todas as medidas de seguran\u00e7a t\u00e9cnicas e organizativas necess\u00e1rias para garantir a confidencialidade, integridade e disponibilidade dos dados pessoais, tendo em conta o estado da arte, os custos de candidatura e a natureza, \u00e2mbito, contexto e finalidades dos tratamentos. realizadas, bem como os riscos em termos de probabilidade e gravidade para os direitos e liberdades das pessoas f\u00edsicas.<\/p>\n<p><strong>Direitos<\/strong><\/p>\n<p>Se o processamento de dados for baseado no seu consentimento, voc\u00ea tem o direito de retir\u00e1-lo a qualquer momento.<\/p>\n<p>Informamos que pode exercer a qualquer momento os direitos de acesso, retifica\u00e7\u00e3o, portabilidade e apagamento dos seus dados e os de limita\u00e7\u00e3o e oposi\u00e7\u00e3o ao seu tratamento. Para tal, pode contactar-nos em info@smileandlearn.com ou escrevendo para Smile and Learn em Ronda de Sobradiel 16-B, 28043 Madrid.<\/p>\n<p>Se considerar que o tratamento n\u00e3o cumpre com os regulamentos de prote\u00e7\u00e3o de dados em vigor, tem o direito de apresentar uma reclama\u00e7\u00e3o junto da autoridade de controlo (Ag\u00eancia de Prote\u00e7\u00e3o de Dados). No entanto, \u00e9 compromisso da Smile and Learn garantir a privacidade e seguran\u00e7a dos dados e resolver internamente qualquer quest\u00e3o relacionada.<\/p>\n<p>Em conformidade com a Lei de Prote\u00e7\u00e3o \u00e0 Privacidade Online da Crian\u00e7a (\u201cCOPPA\u201d).<\/p>\n<p>Atualizado em maio de 2022<\/p>\n\t\t\t\t\t\t\t\t<\/div>\n\t\t\t\t<\/div>\n\t\t\t\t\t<\/div>\n\t\t\t\t<\/div>\n\t\t\t\t<\/div>\n\t\t","protected":false},"excerpt":{"rendered":"<p>Respons\u00e1vel O respons\u00e1vel pelo tratamento \u00e9 a Smile &amp; Learn Digital Creations, S.L. Domiciliio: Ronda de Sobradiel 16-B, 28043 Madrid CIF B86731791&nbsp; Categorias de dados Na nossa atividade tratamos dados de contacto e de utilizador, normalmente dados b\u00e1sicos de identifica\u00e7\u00e3o. Neste website recolhemos dados de: Assinantes da newsletter: pedimos apenas o endere\u00e7o de e-mail Contactos [&hellip;]<\/p>\n","protected":false},"author":3,"featured_media":0,"parent":0,"menu_order":0,"comment_status":"closed","ping_status":"closed","template":"","meta":{"content-type":"","footnotes":""},"class_list":["post-11095","page","type-page","status-publish","hentry"],"_links":{"self":[{"href":"https:\/\/www.smileandlearn.com\/pt-pt\/wp-json\/wp\/v2\/pages\/11095","targetHints":{"allow":["GET"]}}],"collection":[{"href":"https:\/\/www.smileandlearn.com\/pt-pt\/wp-json\/wp\/v2\/pages"}],"about":[{"href":"https:\/\/www.smileandlearn.com\/pt-pt\/wp-json\/wp\/v2\/types\/page"}],"author":[{"embeddable":true,"href":"https:\/\/www.smileandlearn.com\/pt-pt\/wp-json\/wp\/v2\/users\/3"}],"replies":[{"embeddable":true,"href":"https:\/\/www.smileandlearn.com\/pt-pt\/wp-json\/wp\/v2\/comments?post=11095"}],"version-history":[{"count":0,"href":"https:\/\/www.smileandlearn.com\/pt-pt\/wp-json\/wp\/v2\/pages\/11095\/revisions"}],"wp:attachment":[{"href":"https:\/\/www.smileandlearn.com\/pt-pt\/wp-json\/wp\/v2\/media?parent=11095"}],"curies":[{"name":"wp","href":"https:\/\/api.w.org\/{rel}","templated":true}]}}